{"id":8402,"date":"2025-01-27T11:32:34","date_gmt":"2025-01-27T11:32:34","guid":{"rendered":"https:\/\/neelayurvedics.es\/?post_type=product&#038;p=8402"},"modified":"2026-04-10T14:25:15","modified_gmt":"2026-04-10T14:25:15","slug":"neel-ayurvedics-dhataki","status":"publish","type":"product","link":"https:\/\/neelayurvedics.es\/?product=neel-ayurvedics-dhataki","title":{"rendered":"Neel Ayurvedics Dhataki | Dhavdi Phool | Escuela De Dhawai | Woodfordia Fruticosa"},"content":{"rendered":"<p>El Dhataki tiene un sabor picante, una potencia fr\u00eda, es embriagante y es laghu. Las flores de Dhataki tienen una acci\u00f3n astringente, antit\u00f3xica, hemost\u00e1tica y vulneraria. Se utilizan en casos de diarrea, diarrea con sangre, disenter\u00eda, trastornos diarreicos cr\u00f3nicos, leucorrea, menorragia, hemorroides, trastornos hep\u00e1ticos y heridas.<\/p>\n<p><strong>Otros nombres<\/strong><\/p>\n<p>Dhataki, Dhavai, Dhai, Dh\u00e3va, Dhaya, Dhaiphula, Dhavayi, Dhadaki, Dhainti<\/p>\n<h3><strong>Beneficios de Woodfordia fruticosa:<\/strong><\/h3>\n<p>1) El polvo de flores secas se administra con miel o suero de leche para la diarrea y la disenter\u00eda. En las mismas condiciones se utiliza una decocci\u00f3n de flores de Dhataki, Bilvamajja, corteza de Lodhra, Tagara y Gaja-pippali (en partes iguales). Esta decocci\u00f3n se puede utilizar para ni\u00f1os con diarrea.<\/p>\n<p>2) El polvo de las flores se usa con miel para la menorragia, la leucorrea y las hemorroides. En caso de leucorrea, el polvo de las flores se toma con lavados de arroz.<\/p>\n<p>3) En caso de envenenamiento por serpiente Many\u00e3ra, se administra el jugo de las hojas por v\u00eda oral, se instila en la nariz y se frota sobre el cuerpo.<\/p>\n<p>4) En Konkan, para la bilis y el dolor de cabeza causados \u200b\u200bpor pitta dosa, se llena la boca del paciente con aceite de s\u00e9samo y se aplica el jugo de las hojas en la cabeza.<\/p>\n<p>5) Las flores en polvo se utilizan para reducir la secreci\u00f3n y favorecer la cicatrizaci\u00f3n de las \u00falceras. La decocci\u00f3n se utiliza para lavar las heridas.<\/p>\n<p>6) Las flores se utilizan en el proceso de fermentaci\u00f3n de Asavas y Aristas.<\/p>\n<p><strong>Dosis<\/strong>\u00a0\u2013 Polvo de las flores 1-3 g<\/p>\n","protected":false},"excerpt":{"rendered":"<p>En Ayurveda, la Dhataki tambi\u00e9n se conoce como Dhavai Phool y Bahupuspika. Este tipo de flor es muy \u00fatil para curar problemas de salud comunes como el estre\u00f1imiento, la indigesti\u00f3n, los trastornos menstruales y los dolores de cabeza de origen desconocido. La Dhawai Phool tambi\u00e9n puede ser \u00fatil para tratar heridas debido a sus propiedades antimicrobianas y antiinflamatorias.<\/p>\n","protected":false},"featured_media":17874,"comment_status":"open","ping_status":"closed","template":"","meta":[],"product_brand":[],"product_cat":[200,252,250,195],"product_tag":[],"class_list":{"0":"post-8402","1":"product","2":"type-product","3":"status-publish","4":"has-post-thumbnail","6":"product_cat-marca","7":"product_cat-neel-ayurvedics","8":"product_cat-neel-ayurvedics-hierbas-enteras","9":"product_cat-productos-ayurvedicos","11":"first","12":"instock","13":"shipping-taxable","14":"purchasable","15":"product-type-variable"},"_links":{"self":[{"href":"https:\/\/neelayurvedics.es\/index.php?rest_route=\/wp\/v2\/product\/8402","targetHints":{"allow":["GET"]}}],"collection":[{"href":"https:\/\/neelayurvedics.es\/index.php?rest_route=\/wp\/v2\/product"}],"about":[{"href":"https:\/\/neelayurvedics.es\/index.php?rest_route=\/wp\/v2\/types\/product"}],"replies":[{"embeddable":true,"href":"https:\/\/neelayurvedics.es\/index.php?rest_route=%2Fwp%2Fv2%2Fcomments&post=8402"}],"wp:featuredmedia":[{"embeddable":true,"href":"https:\/\/neelayurvedics.es\/index.php?rest_route=\/wp\/v2\/media\/17874"}],"wp:attachment":[{"href":"https:\/\/neelayurvedics.es\/index.php?rest_route=%2Fwp%2Fv2%2Fmedia&parent=8402"}],"wp:term":[{"taxonomy":"product_brand","embeddable":true,"href":"https:\/\/neelayurvedics.es\/index.php?rest_route=%2Fwp%2Fv2%2Fproduct_brand&post=8402"},{"taxonomy":"product_cat","embeddable":true,"href":"https:\/\/neelayurvedics.es\/index.php?rest_route=%2Fwp%2Fv2%2Fproduct_cat&post=8402"},{"taxonomy":"product_tag","embeddable":true,"href":"https:\/\/neelayurvedics.es\/index.php?rest_route=%2Fwp%2Fv2%2Fproduct_tag&post=8402"}],"curies":[{"name":"wp","href":"https:\/\/api.w.org\/{rel}","templated":true}]}}