{"id":8408,"date":"2025-01-28T08:18:36","date_gmt":"2025-01-28T08:18:36","guid":{"rendered":"https:\/\/neelayurvedics.es\/?post_type=product&#038;p=8408"},"modified":"2026-04-10T14:27:39","modified_gmt":"2026-04-10T14:27:39","slug":"neel-ayurvedics-dikamari","status":"publish","type":"product","link":"https:\/\/neelayurvedics.es\/?product=neel-ayurvedics-dikamari","title":{"rendered":"Neel Ayurvedics Dikamari | Gandharaja | Kalkambi | Nadihingu"},"content":{"rendered":"<p style=\"font-weight: 400;\">Aparte de esto, Dikamari se usa ampliamente para el dolor de muelas y las infecciones. Tambi\u00e9n se usa ampliamente para s\u00edntomas como enc\u00edas dolorosas y sensibles, mejillas enrojecidas, babeo y dolor de muelas debido a la presi\u00f3n de los dientes nuevos sobre las enc\u00edas.<\/p>\n<p style=\"font-weight: 400;\">El dikamari tambi\u00e9n puede ser muy \u00fatil para controlar la infestaci\u00f3n de gusanos en el cuerpo. Suprime la fiebre y puede ser muy \u00fatil para mantener la temperatura corporal normal. Se considera que el dikamari es una buena hierba antiinflamatoria y analg\u00e9sica.<\/p>\n<p style=\"font-weight: 400;\"><strong style=\"font-weight: 600 !important;\">DOSIS:<\/strong>\u00a0El polvo de Dikamari debe consumirse seg\u00fan las indicaciones de la etiqueta o seg\u00fan lo recomiende su m\u00e9dico.<\/p>\n","protected":false},"excerpt":{"rendered":"<p>Se considera que el dikamari es antis\u00e9ptico, carminativo, expectorante, estimulante, verm\u00edfugo y repelente de insectos. El gandharaja tambi\u00e9n es muy \u00fatil para calmar los doshas kapha y vata da\u00f1ados del cuerpo. Se lo considera un excelente analg\u00e9sico. Se ha descubierto que el gandharaja act\u00faa como antis\u00e9ptico para curar heridas.<\/p>\n","protected":false},"featured_media":17875,"comment_status":"open","ping_status":"closed","template":"","meta":[],"product_brand":[285],"product_cat":[200,252,250,195],"product_tag":[],"class_list":{"0":"post-8408","1":"product","2":"type-product","3":"status-publish","4":"has-post-thumbnail","6":"product_brand-neel-ayurvedics","7":"product_cat-marca","8":"product_cat-neel-ayurvedics","9":"product_cat-neel-ayurvedics-hierbas-enteras","10":"product_cat-productos-ayurvedicos","12":"first","13":"instock","14":"shipping-taxable","15":"purchasable","16":"product-type-variable"},"_links":{"self":[{"href":"https:\/\/neelayurvedics.es\/index.php?rest_route=\/wp\/v2\/product\/8408","targetHints":{"allow":["GET"]}}],"collection":[{"href":"https:\/\/neelayurvedics.es\/index.php?rest_route=\/wp\/v2\/product"}],"about":[{"href":"https:\/\/neelayurvedics.es\/index.php?rest_route=\/wp\/v2\/types\/product"}],"replies":[{"embeddable":true,"href":"https:\/\/neelayurvedics.es\/index.php?rest_route=%2Fwp%2Fv2%2Fcomments&post=8408"}],"wp:featuredmedia":[{"embeddable":true,"href":"https:\/\/neelayurvedics.es\/index.php?rest_route=\/wp\/v2\/media\/17875"}],"wp:attachment":[{"href":"https:\/\/neelayurvedics.es\/index.php?rest_route=%2Fwp%2Fv2%2Fmedia&parent=8408"}],"wp:term":[{"taxonomy":"product_brand","embeddable":true,"href":"https:\/\/neelayurvedics.es\/index.php?rest_route=%2Fwp%2Fv2%2Fproduct_brand&post=8408"},{"taxonomy":"product_cat","embeddable":true,"href":"https:\/\/neelayurvedics.es\/index.php?rest_route=%2Fwp%2Fv2%2Fproduct_cat&post=8408"},{"taxonomy":"product_tag","embeddable":true,"href":"https:\/\/neelayurvedics.es\/index.php?rest_route=%2Fwp%2Fv2%2Fproduct_tag&post=8408"}],"curies":[{"name":"wp","href":"https:\/\/api.w.org\/{rel}","templated":true}]}}