{"id":8431,"date":"2025-01-28T11:13:47","date_gmt":"2025-01-28T11:13:47","guid":{"rendered":"https:\/\/neelayurvedics.es\/?post_type=product&#038;p=8431"},"modified":"2025-01-28T11:13:47","modified_gmt":"2025-01-28T11:13:47","slug":"neel-ayurvedics-curcuma-negra-seca","status":"publish","type":"product","link":"https:\/\/neelayurvedics.es\/?product=neel-ayurvedics-curcuma-negra-seca","title":{"rendered":"Neel Ayurvedics C\u00farcuma Negra Seca | Haldi Nepal\u00ed | C\u00farcuma Ces\u00eda"},"content":{"rendered":"<p style=\"font-weight: 400;\">Adem\u00e1s, la c\u00farcuma negra puede ser \u00fatil para controlar el az\u00facar en sangre. Es \u00fatil para perder peso. El Haldi nepal\u00ed es muy \u00fatil para controlar el nivel. La c\u00farcuma negra seca ayuda a una digesti\u00f3n adecuada al mantener la producci\u00f3n de bilis en el cuerpo. Este tipo de Haldi es \u00fatil para reducir los problemas hep\u00e1ticos.<\/p>\n<p style=\"font-weight: 400;\">La c\u00farcuma negra reduce el riesgo de desarrollar insulina en el cuerpo. La c\u00farcuma negra tambi\u00e9n ayuda a controlar el peso corporal. Su naturaleza antiinflamatoria la hace muy \u00fatil para tratar la picaz\u00f3n en la piel. Y este tipo de c\u00farcuma tambi\u00e9n puede ser \u00fatil para curar enfermedades como la bronquitis, la neumon\u00eda, el asma, etc.<\/p>\n<p style=\"font-weight: 400;\"><strong style=\"font-weight: 600 !important;\">DOSIS:<\/strong>\u00a0La c\u00farcuma negra seca debe consumirse seg\u00fan lo recomendado por su m\u00e9dico.<\/p>\n","protected":false},"excerpt":{"rendered":"<p>La c\u00farcuma negra nepal\u00ed es conocida por ser un gran analg\u00e9sico. Se utiliza ampliamente para dolores de muelas, erupciones cut\u00e1neas, problemas estomacales y osteoartritis. La c\u00farcuma negra seca es una fuente rica en antioxidantes y es muy saludable para nuestro cuerpo. La c\u00farcuma cassia presente en ella fortalece mucho los pulmones.<\/p>\n","protected":false},"featured_media":8432,"comment_status":"open","ping_status":"closed","template":"","meta":[],"product_brand":[],"product_cat":[200,252,250,195],"product_tag":[],"class_list":{"0":"post-8431","1":"product","2":"type-product","3":"status-publish","4":"has-post-thumbnail","6":"product_cat-marca","7":"product_cat-neel-ayurvedics","8":"product_cat-neel-ayurvedics-hierbas-enteras","9":"product_cat-productos-ayurvedicos","11":"first","12":"instock","13":"shipping-taxable","14":"purchasable","15":"product-type-variable"},"_links":{"self":[{"href":"https:\/\/neelayurvedics.es\/index.php?rest_route=\/wp\/v2\/product\/8431","targetHints":{"allow":["GET"]}}],"collection":[{"href":"https:\/\/neelayurvedics.es\/index.php?rest_route=\/wp\/v2\/product"}],"about":[{"href":"https:\/\/neelayurvedics.es\/index.php?rest_route=\/wp\/v2\/types\/product"}],"replies":[{"embeddable":true,"href":"https:\/\/neelayurvedics.es\/index.php?rest_route=%2Fwp%2Fv2%2Fcomments&post=8431"}],"wp:featuredmedia":[{"embeddable":true,"href":"https:\/\/neelayurvedics.es\/index.php?rest_route=\/wp\/v2\/media\/8432"}],"wp:attachment":[{"href":"https:\/\/neelayurvedics.es\/index.php?rest_route=%2Fwp%2Fv2%2Fmedia&parent=8431"}],"wp:term":[{"taxonomy":"product_brand","embeddable":true,"href":"https:\/\/neelayurvedics.es\/index.php?rest_route=%2Fwp%2Fv2%2Fproduct_brand&post=8431"},{"taxonomy":"product_cat","embeddable":true,"href":"https:\/\/neelayurvedics.es\/index.php?rest_route=%2Fwp%2Fv2%2Fproduct_cat&post=8431"},{"taxonomy":"product_tag","embeddable":true,"href":"https:\/\/neelayurvedics.es\/index.php?rest_route=%2Fwp%2Fv2%2Fproduct_tag&post=8431"}],"curies":[{"name":"wp","href":"https:\/\/api.w.org\/{rel}","templated":true}]}}