{"id":8437,"date":"2025-01-28T11:23:37","date_gmt":"2025-01-28T11:23:37","guid":{"rendered":"https:\/\/neelayurvedics.es\/?post_type=product&#038;p=8437"},"modified":"2026-04-10T16:16:29","modified_gmt":"2026-04-10T16:16:29","slug":"neel-ayurvedics-hojas-secas-de-tulsi","status":"publish","type":"product","link":"https:\/\/neelayurvedics.es\/?product=neel-ayurvedics-hojas-secas-de-tulsi","title":{"rendered":"Neel Ayurvedics Hojas Secas De Tulsi | Tulsi Patta | Hojas De Albahaca | Ocimum Santuario"},"content":{"rendered":"<p>En el mundo acelerado de hoy, donde el estr\u00e9s y las toxinas ambientales son omnipresentes, Neel Ayurvedics presenta las hojas secas de tulsi como una soluci\u00f3n natural basada en la antigua sabidur\u00eda del Ayurveda. El tulsi, tambi\u00e9n conocido como albahaca sagrada, tiene un estatus reverenciado en el Ayurveda por sus potentes propiedades medicinales y espirituales. Las hojas secas de tulsi de Neel Ayurvedics encapsulan la esencia de esta hierba venerada, ofreciendo un enfoque hol\u00edstico al bienestar.<\/p>\n<p>La esencia de Tulsi<\/p>\n<p>El tulsi, conocido cient\u00edficamente como Ocimum sanctum, es un arbusto arom\u00e1tico originario del subcontinente indio. En Ayurveda, se lo considera \u201cel incomparable\u201d y \u201cla reina de las hierbas\u201d, y se lo venera por sus m\u00faltiples beneficios para la salud. Las hojas secas de tulsi de Neel Ayurvedics se obtienen y procesan cuidadosamente para preservar la pureza y la eficacia de esta hierba sagrada.<\/p>\n<p>Apoyo integral a la salud<\/p>\n<p>Las hojas secas de tulsi de Neel Ayurvedics ofrecen una amplia variedad de beneficios para la salud, lo que las convierte en un complemento vers\u00e1til para cualquier rutina de bienestar. Desde el apoyo inmunol\u00f3gico hasta el alivio del estr\u00e9s, el tulsi act\u00faa como un potente adapt\u00f3geno que ayuda al cuerpo a adaptarse a diversos factores estresantes. Sus propiedades antioxidantes ayudan a la desintoxicaci\u00f3n y protegen contra los efectos nocivos de las toxinas y los contaminantes ambientales.<\/p>\n<p>Validaci\u00f3n cient\u00edfica<\/p>\n<p>La investigaci\u00f3n cient\u00edfica moderna ha demostrado que el tulsi posee propiedades antimicrobianas, antiinflamatorias y neuroprotectoras. Ayuda a controlar afecciones como la ansiedad, la diabetes y las enfermedades cardiovasculares.<\/p>\n<p>De la tradici\u00f3n al bienestar moderno<\/p>\n<p>En Neel Ayurvedics, creemos en tender puentes entre la sabidur\u00eda antigua y la ciencia moderna. Nuestras hojas secas de tulsi encarnan la antigua tradici\u00f3n del Ayurveda y, al mismo tiempo, ofrecen soluciones pr\u00e1cticas para los problemas de salud contempor\u00e1neos. Incorpore las hojas secas de tulsi de Neel Ayurvedics a su rutina diaria y experimente los beneficios hol\u00edsticos de esta venerada hierba.<\/p>\n<p>Conclusi\u00f3n<\/p>\n<p>Las hojas secas de tulsi de Neel Ayurvedics son m\u00e1s que un simple suplemento herbal: son un testimonio del poder de la naturaleza para promover la salud y el bienestar hol\u00edsticos. Con nuestro compromiso con la calidad y la autenticidad, lo invitamos a embarcarse en un viaje hacia la vitalidad y el bienestar con Tulsi como su compa\u00f1ero de confianza.<\/p>\n","protected":false},"excerpt":{"rendered":"<p>Se considera que las hojas secas de tulsi est\u00e1n repletas de propiedades medicinales y espirituales. Debido a las propiedades antimicrobianas, antiinflamatorias, antitusivas y antial\u00e9rgicas presentes en este tipo de hojas, son muy \u00fatiles para aliviar los s\u00edntomas de la tos y el resfriado. Tambi\u00e9n son \u00fatiles para mejorar la inmunidad.<\/p>\n","protected":false},"featured_media":17901,"comment_status":"open","ping_status":"closed","template":"","meta":[],"product_brand":[],"product_cat":[200,252,250,195],"product_tag":[],"class_list":{"0":"post-8437","1":"product","2":"type-product","3":"status-publish","4":"has-post-thumbnail","6":"product_cat-marca","7":"product_cat-neel-ayurvedics","8":"product_cat-neel-ayurvedics-hierbas-enteras","9":"product_cat-productos-ayurvedicos","11":"first","12":"instock","13":"shipping-taxable","14":"purchasable","15":"product-type-variable"},"_links":{"self":[{"href":"https:\/\/neelayurvedics.es\/index.php?rest_route=\/wp\/v2\/product\/8437","targetHints":{"allow":["GET"]}}],"collection":[{"href":"https:\/\/neelayurvedics.es\/index.php?rest_route=\/wp\/v2\/product"}],"about":[{"href":"https:\/\/neelayurvedics.es\/index.php?rest_route=\/wp\/v2\/types\/product"}],"replies":[{"embeddable":true,"href":"https:\/\/neelayurvedics.es\/index.php?rest_route=%2Fwp%2Fv2%2Fcomments&post=8437"}],"wp:featuredmedia":[{"embeddable":true,"href":"https:\/\/neelayurvedics.es\/index.php?rest_route=\/wp\/v2\/media\/17901"}],"wp:attachment":[{"href":"https:\/\/neelayurvedics.es\/index.php?rest_route=%2Fwp%2Fv2%2Fmedia&parent=8437"}],"wp:term":[{"taxonomy":"product_brand","embeddable":true,"href":"https:\/\/neelayurvedics.es\/index.php?rest_route=%2Fwp%2Fv2%2Fproduct_brand&post=8437"},{"taxonomy":"product_cat","embeddable":true,"href":"https:\/\/neelayurvedics.es\/index.php?rest_route=%2Fwp%2Fv2%2Fproduct_cat&post=8437"},{"taxonomy":"product_tag","embeddable":true,"href":"https:\/\/neelayurvedics.es\/index.php?rest_route=%2Fwp%2Fv2%2Fproduct_tag&post=8437"}],"curies":[{"name":"wp","href":"https:\/\/api.w.org\/{rel}","templated":true}]}}