{"id":8455,"date":"2025-01-28T11:56:34","date_gmt":"2025-01-28T11:56:34","guid":{"rendered":"https:\/\/neelayurvedics.es\/?post_type=product&#038;p=8455"},"modified":"2026-04-10T14:28:50","modified_gmt":"2026-04-10T14:28:50","slug":"neel-ayurvedics-elwa","status":"publish","type":"product","link":"https:\/\/neelayurvedics.es\/?product=neel-ayurvedics-elwa","title":{"rendered":"Neel Ayurvedics Elwa | Elio"},"content":{"rendered":"<p style=\"font-weight: 400;\">El elwa se usa ampliamente para tratar quemaduras, estre\u00f1imiento y dolores reum\u00e1ticos. Aparte de esto, tambi\u00e9n es muy \u00fatil para promover la salud del cabello y la piel, mejorar la piel y prevenir las arrugas. El elwa tambi\u00e9n es muy \u00fatil para prevenir la placa dental. Esta hierba tambi\u00e9n puede ser \u00fatil para tratar el estre\u00f1imiento.<\/p>\n<p style=\"font-weight: 400;\">El Elwa tambi\u00e9n puede ser \u00fatil para tratar y aliviar la inflamaci\u00f3n relacionada con otros problemas bucales. Aparte de esto, tambi\u00e9n se utiliza para la gingivitis. Las propiedades antimicrobianas y protectoras de Eliyo tambi\u00e9n son muy \u00fatiles para prevenir otros problemas bucales.<\/p>\n<p style=\"font-weight: 400;\"><strong style=\"font-weight: 600 !important;\">DOSIS:<\/strong>\u00a0Elwa debe consumirse seg\u00fan las indicaciones de su m\u00e9dico.<\/p>\n","protected":false},"excerpt":{"rendered":"<p>Debido a la presencia de varios nutrientes en el Elwa, se considera que proporciona numerosos beneficios para la salud. Posee propiedades antioxidantes, antienvejecimiento, antiinflamatorias y antibacterianas. El Elwa es muy \u00fatil para curar quemaduras y heridas. Esta hierba tambi\u00e9n es muy \u00fatil para controlar los niveles de colesterol y az\u00facar en sangre.<\/p>\n","protected":false},"featured_media":17876,"comment_status":"open","ping_status":"closed","template":"","meta":[],"product_brand":[],"product_cat":[200,252,250,195],"product_tag":[],"class_list":{"0":"post-8455","1":"product","2":"type-product","3":"status-publish","4":"has-post-thumbnail","6":"product_cat-marca","7":"product_cat-neel-ayurvedics","8":"product_cat-neel-ayurvedics-hierbas-enteras","9":"product_cat-productos-ayurvedicos","11":"first","12":"instock","13":"shipping-taxable","14":"purchasable","15":"product-type-variable"},"_links":{"self":[{"href":"https:\/\/neelayurvedics.es\/index.php?rest_route=\/wp\/v2\/product\/8455","targetHints":{"allow":["GET"]}}],"collection":[{"href":"https:\/\/neelayurvedics.es\/index.php?rest_route=\/wp\/v2\/product"}],"about":[{"href":"https:\/\/neelayurvedics.es\/index.php?rest_route=\/wp\/v2\/types\/product"}],"replies":[{"embeddable":true,"href":"https:\/\/neelayurvedics.es\/index.php?rest_route=%2Fwp%2Fv2%2Fcomments&post=8455"}],"wp:featuredmedia":[{"embeddable":true,"href":"https:\/\/neelayurvedics.es\/index.php?rest_route=\/wp\/v2\/media\/17876"}],"wp:attachment":[{"href":"https:\/\/neelayurvedics.es\/index.php?rest_route=%2Fwp%2Fv2%2Fmedia&parent=8455"}],"wp:term":[{"taxonomy":"product_brand","embeddable":true,"href":"https:\/\/neelayurvedics.es\/index.php?rest_route=%2Fwp%2Fv2%2Fproduct_brand&post=8455"},{"taxonomy":"product_cat","embeddable":true,"href":"https:\/\/neelayurvedics.es\/index.php?rest_route=%2Fwp%2Fv2%2Fproduct_cat&post=8455"},{"taxonomy":"product_tag","embeddable":true,"href":"https:\/\/neelayurvedics.es\/index.php?rest_route=%2Fwp%2Fv2%2Fproduct_tag&post=8455"}],"curies":[{"name":"wp","href":"https:\/\/api.w.org\/{rel}","templated":true}]}}