{"id":8460,"date":"2025-01-28T12:02:16","date_gmt":"2025-01-28T12:02:16","guid":{"rendered":"https:\/\/neelayurvedics.es\/?post_type=product&#038;p=8460"},"modified":"2026-04-10T14:33:06","modified_gmt":"2026-04-10T14:33:06","slug":"neel-ayurvedics-fatakdi","status":"publish","type":"product","link":"https:\/\/neelayurvedics.es\/?product=neel-ayurvedics-fatakdi","title":{"rendered":"Neel Ayurvedics Fatakdi | Alumbre | Phitkari Blanco | Fitkari Safed | Alumbre De Potasa"},"content":{"rendered":"<p style=\"font-weight: 400;\">Fatakdi es muy \u00fatil para combatir los dolores de cabeza. Adem\u00e1s, tambi\u00e9n trata la epilepsia, que es causada por un funcionamiento alterado de las c\u00e9lulas cerebrales. Fatakdi tambi\u00e9n se utiliza para tratar la psicosis man\u00edaca. Fatakdi tambi\u00e9n es muy \u00fatil para detener el sangrado nasal. Tambi\u00e9n es \u00fatil para descongestionar la nariz.<\/p>\n<p style=\"font-weight: 400;\">El fatakdi tiene propiedades antibi\u00f3ticas y es muy \u00fatil para matar bacterias y reducir la inflamaci\u00f3n asociada con el acn\u00e9. El alumbre tambi\u00e9n se usa ampliamente para aliviar las quemaduras por afeitado, las irritaciones de la piel y las picaduras de insectos. Sus propiedades antis\u00e9pticas lo hacen muy \u00fatil para curar cortes y quemaduras.<\/p>\n<p style=\"font-weight: 400;\"><strong style=\"font-weight: 600 !important;\">DOSIS:<\/strong>\u00a0\u00a0Fatakdi debe consumirse seg\u00fan las indicaciones de su m\u00e9dico.<\/p>\n","protected":false},"excerpt":{"rendered":"<p>Fatakdi es muy \u00fatil para combatir los dolores de cabeza. Adem\u00e1s, tambi\u00e9n trata la epilepsia, que es causada por un funcionamiento alterado de las c\u00e9lulas cerebrales. Fatakdi tambi\u00e9n se utiliza para tratar la psicosis man\u00edaca. Fatakdi tambi\u00e9n es muy \u00fatil para detener el sangrado nasal. Tambi\u00e9n es \u00fatil para descongestionar la nariz. El fatakdi tiene [&hellip;]<\/p>\n","protected":false},"featured_media":17880,"comment_status":"open","ping_status":"closed","template":"","meta":[],"product_brand":[],"product_cat":[200,252,250,195],"product_tag":[],"class_list":{"0":"post-8460","1":"product","2":"type-product","3":"status-publish","4":"has-post-thumbnail","6":"product_cat-marca","7":"product_cat-neel-ayurvedics","8":"product_cat-neel-ayurvedics-hierbas-enteras","9":"product_cat-productos-ayurvedicos","11":"first","12":"instock","13":"shipping-taxable","14":"purchasable","15":"product-type-variable"},"_links":{"self":[{"href":"https:\/\/neelayurvedics.es\/index.php?rest_route=\/wp\/v2\/product\/8460","targetHints":{"allow":["GET"]}}],"collection":[{"href":"https:\/\/neelayurvedics.es\/index.php?rest_route=\/wp\/v2\/product"}],"about":[{"href":"https:\/\/neelayurvedics.es\/index.php?rest_route=\/wp\/v2\/types\/product"}],"replies":[{"embeddable":true,"href":"https:\/\/neelayurvedics.es\/index.php?rest_route=%2Fwp%2Fv2%2Fcomments&post=8460"}],"wp:featuredmedia":[{"embeddable":true,"href":"https:\/\/neelayurvedics.es\/index.php?rest_route=\/wp\/v2\/media\/17880"}],"wp:attachment":[{"href":"https:\/\/neelayurvedics.es\/index.php?rest_route=%2Fwp%2Fv2%2Fmedia&parent=8460"}],"wp:term":[{"taxonomy":"product_brand","embeddable":true,"href":"https:\/\/neelayurvedics.es\/index.php?rest_route=%2Fwp%2Fv2%2Fproduct_brand&post=8460"},{"taxonomy":"product_cat","embeddable":true,"href":"https:\/\/neelayurvedics.es\/index.php?rest_route=%2Fwp%2Fv2%2Fproduct_cat&post=8460"},{"taxonomy":"product_tag","embeddable":true,"href":"https:\/\/neelayurvedics.es\/index.php?rest_route=%2Fwp%2Fv2%2Fproduct_tag&post=8460"}],"curies":[{"name":"wp","href":"https:\/\/api.w.org\/{rel}","templated":true}]}}