{"id":8464,"date":"2025-01-28T12:25:48","date_gmt":"2025-01-28T12:25:48","guid":{"rendered":"https:\/\/neelayurvedics.es\/?post_type=product&#038;p=8464"},"modified":"2026-04-10T14:31:07","modified_gmt":"2026-04-10T14:31:07","slug":"neel-ayurvedics-gandhak","status":"publish","type":"product","link":"https:\/\/neelayurvedics.es\/?product=neel-ayurvedics-gandhak","title":{"rendered":"Neel Ayurvedics Gandhak Amal Saro | Amlasar | Amalsar | Gandak | Azufre Amarillo"},"content":{"rendered":"<p style=\"font-weight: 400;\">El gandhak se utiliza principalmente para tratar la fiebre cr\u00f3nica, los trastornos de la piel, la diarrea y las infecciones del tracto urinario. Adem\u00e1s, se considera un f\u00e1rmaco antienvejecimiento eficaz que resulta muy \u00fatil para mejorar el tono de la piel y la inmunidad. El gandhak tambi\u00e9n puede ayudar a reforzar la inmunidad.<\/p>\n<p style=\"font-weight: 400;\">Gandhak es muy \u00fatil en casos de picaz\u00f3n, s\u00edndrome de mala absorci\u00f3n y otras enfermedades de la piel. Adem\u00e1s, se usa ampliamente para tratar trastornos hemorr\u00e1gicos y oligospermia. El producto Gandhak se usa ampliamente para tratar problemas de fertilidad.<\/p>\n<p style=\"font-weight: 400;\"><strong style=\"font-weight: 600 !important;\">DOSIS:<\/strong>\u00a0125 mg de Gandhak dos veces al d\u00eda o seg\u00fan lo indique su m\u00e9dico.<\/p>\n","protected":false},"excerpt":{"rendered":"<p>El Gandhak se considera una medicina ayurv\u00e9dica vers\u00e1til. Tiene propiedades antibacterianas, antivirales y antimicrobianas. Tiene un amplio espectro de efectos beneficiosos para la salud y lo hace \u00fatil para tratar muchas dolencias de manera eficaz. Se considera que el Gandhak es muy valioso para tratar todo tipo de infecciones.<\/p>\n","protected":false},"featured_media":17878,"comment_status":"open","ping_status":"closed","template":"","meta":[],"product_brand":[],"product_cat":[200,252,250,195],"product_tag":[],"class_list":{"0":"post-8464","1":"product","2":"type-product","3":"status-publish","4":"has-post-thumbnail","6":"product_cat-marca","7":"product_cat-neel-ayurvedics","8":"product_cat-neel-ayurvedics-hierbas-enteras","9":"product_cat-productos-ayurvedicos","11":"first","12":"instock","13":"shipping-taxable","14":"purchasable","15":"product-type-variable"},"_links":{"self":[{"href":"https:\/\/neelayurvedics.es\/index.php?rest_route=\/wp\/v2\/product\/8464","targetHints":{"allow":["GET"]}}],"collection":[{"href":"https:\/\/neelayurvedics.es\/index.php?rest_route=\/wp\/v2\/product"}],"about":[{"href":"https:\/\/neelayurvedics.es\/index.php?rest_route=\/wp\/v2\/types\/product"}],"replies":[{"embeddable":true,"href":"https:\/\/neelayurvedics.es\/index.php?rest_route=%2Fwp%2Fv2%2Fcomments&post=8464"}],"wp:featuredmedia":[{"embeddable":true,"href":"https:\/\/neelayurvedics.es\/index.php?rest_route=\/wp\/v2\/media\/17878"}],"wp:attachment":[{"href":"https:\/\/neelayurvedics.es\/index.php?rest_route=%2Fwp%2Fv2%2Fmedia&parent=8464"}],"wp:term":[{"taxonomy":"product_brand","embeddable":true,"href":"https:\/\/neelayurvedics.es\/index.php?rest_route=%2Fwp%2Fv2%2Fproduct_brand&post=8464"},{"taxonomy":"product_cat","embeddable":true,"href":"https:\/\/neelayurvedics.es\/index.php?rest_route=%2Fwp%2Fv2%2Fproduct_cat&post=8464"},{"taxonomy":"product_tag","embeddable":true,"href":"https:\/\/neelayurvedics.es\/index.php?rest_route=%2Fwp%2Fv2%2Fproduct_tag&post=8464"}],"curies":[{"name":"wp","href":"https:\/\/api.w.org\/{rel}","templated":true}]}}