{"id":8470,"date":"2025-01-28T12:32:04","date_gmt":"2025-01-28T12:32:04","guid":{"rendered":"https:\/\/neelayurvedics.es\/?post_type=product&#038;p=8470"},"modified":"2026-04-10T14:31:38","modified_gmt":"2026-04-10T14:31:38","slug":"neel-ayurvedics-gandhilo-vaj","status":"publish","type":"product","link":"https:\/\/neelayurvedics.es\/?product=neel-ayurvedics-gandhilo-vaj","title":{"rendered":"Neel Ayurvedics Gandhilo Vaj | Ghoda Vaj | Gandhara Vaj | Gudbach Jadd | Ra\u00edz De Bandera Dulce | Gurbach | Bach | Vac\u00edo | \u00c1coro C\u00e1lamo"},"content":{"rendered":"<p style=\"font-weight: 400;\">El Gandhilo Vaj tambi\u00e9n mejora los cambios de comportamiento, la memoria y el rendimiento mental. Aparte de esto, el Gandharo Vaj tambi\u00e9n puede ser muy \u00fatil para eliminar los c\u00e1lculos renales al aumentar la producci\u00f3n de orina debido a su actividad diur\u00e9tica. Las propiedades Tikhta y Tikshna presentes en el Gandharo Vaj lo hacen muy \u00fatil para darle una piel radiante.<\/p>\n<p style=\"font-weight: 400;\">Se considera que Gandhilo Vaj es muy \u00fatil para reducir el dolor y la inflamaci\u00f3n. Adem\u00e1s, Gandharo Vaj se utiliza de forma t\u00f3pica para reducir la grasa del abdomen y los muslos. Es muy \u00fatil para mejorar el apetito. Gandharo Vaj es muy \u00fatil para aumentar el fuego digestivo y acelerar el proceso de digesti\u00f3n.<\/p>\n<p style=\"font-weight: 400;\"><strong style=\"font-weight: 600 !important;\">DOSIS:<\/strong>\u00a0Se deben tomar 1-2 pizcas de Gandhilo Vaj mezcladas con agua o miel una vez al d\u00eda o seg\u00fan lo recomiende su m\u00e9dico.<\/p>\n","protected":false},"excerpt":{"rendered":"<p>Gandhilo Vaj es conocida como una hierba antigua y se ha descubierto que tiene varios beneficios para la salud. Gandharo Vaj tambi\u00e9n es muy \u00fatil para tratar la tos al promover la eliminaci\u00f3n de flema de las v\u00edas respiratorias debido a su actividad expectorante. Gandharo Vaj tambi\u00e9n es muy \u00fatil para mejorar la memoria al combatir el da\u00f1o celular causado por los radicales libres debido a sus propiedades antioxidantes.<\/p>\n","protected":false},"featured_media":17879,"comment_status":"open","ping_status":"closed","template":"","meta":[],"product_brand":[],"product_cat":[200,252,250,195],"product_tag":[],"class_list":{"0":"post-8470","1":"product","2":"type-product","3":"status-publish","4":"has-post-thumbnail","6":"product_cat-marca","7":"product_cat-neel-ayurvedics","8":"product_cat-neel-ayurvedics-hierbas-enteras","9":"product_cat-productos-ayurvedicos","11":"first","12":"instock","13":"shipping-taxable","14":"purchasable","15":"product-type-variable"},"_links":{"self":[{"href":"https:\/\/neelayurvedics.es\/index.php?rest_route=\/wp\/v2\/product\/8470","targetHints":{"allow":["GET"]}}],"collection":[{"href":"https:\/\/neelayurvedics.es\/index.php?rest_route=\/wp\/v2\/product"}],"about":[{"href":"https:\/\/neelayurvedics.es\/index.php?rest_route=\/wp\/v2\/types\/product"}],"replies":[{"embeddable":true,"href":"https:\/\/neelayurvedics.es\/index.php?rest_route=%2Fwp%2Fv2%2Fcomments&post=8470"}],"wp:featuredmedia":[{"embeddable":true,"href":"https:\/\/neelayurvedics.es\/index.php?rest_route=\/wp\/v2\/media\/17879"}],"wp:attachment":[{"href":"https:\/\/neelayurvedics.es\/index.php?rest_route=%2Fwp%2Fv2%2Fmedia&parent=8470"}],"wp:term":[{"taxonomy":"product_brand","embeddable":true,"href":"https:\/\/neelayurvedics.es\/index.php?rest_route=%2Fwp%2Fv2%2Fproduct_brand&post=8470"},{"taxonomy":"product_cat","embeddable":true,"href":"https:\/\/neelayurvedics.es\/index.php?rest_route=%2Fwp%2Fv2%2Fproduct_cat&post=8470"},{"taxonomy":"product_tag","embeddable":true,"href":"https:\/\/neelayurvedics.es\/index.php?rest_route=%2Fwp%2Fv2%2Fproduct_tag&post=8470"}],"curies":[{"name":"wp","href":"https:\/\/api.w.org\/{rel}","templated":true}]}}