{"id":8486,"date":"2025-01-29T06:05:12","date_gmt":"2025-01-29T06:05:12","guid":{"rendered":"https:\/\/neelayurvedics.es\/?post_type=product&#038;p=8486"},"modified":"2026-04-10T14:39:43","modified_gmt":"2026-04-10T14:39:43","slug":"neel-ayurvedics-gorakhmundi","status":"publish","type":"product","link":"https:\/\/neelayurvedics.es\/?product=neel-ayurvedics-gorakhmundi","title":{"rendered":"Neel Ayurvedics Gorakhmundi | Gorakh Mundi | Sphaeranthus Indicus | Cardo Globo De las Indias Orientales"},"content":{"rendered":"<p style=\"font-weight: 400;\">El Gorakh Mundi tambi\u00e9n puede ayudar mucho a mantener la salud del sistema respiratorio. Aparte de esto, puede ser muy \u00fatil para mantener la salud de los ri\u00f1ones. El Gorakhmundi puede ser muy \u00fatil para reducir el nivel elevado de \u00e1cido \u00farico. Este tipo de polvo es muy \u00fatil para tratar la rigidez y la hinchaz\u00f3n de las articulaciones. El Gorakhmundi puede ser muy \u00fatil para favorecer la salud intestinal.<\/p>\n<p style=\"font-weight: 400;\"><strong style=\"font-weight: 600 !important;\">DOSIS:<\/strong>\u00a0Gorakhmundi debe consumirse seg\u00fan las indicaciones de la etiqueta o seg\u00fan lo recomendado por su proveedor de atenci\u00f3n m\u00e9dica.<\/p>\n","protected":false},"excerpt":{"rendered":"<p>El Gorakh Mundi se considera una muy buena medicina ayurv\u00e9dica. El Gorakhmundi se utiliza principalmente para infecciones del tracto urinario, reumatismo, dolor en las articulaciones y reumatismo. El Gorakhmundi act\u00faa como un purificador de la sangre, lo que tambi\u00e9n puede ser muy \u00fatil para reducir las toxinas de la sangre.<\/p>\n","protected":false},"featured_media":17884,"comment_status":"open","ping_status":"closed","template":"","meta":[],"product_brand":[],"product_cat":[200,252,250,195],"product_tag":[],"class_list":{"0":"post-8486","1":"product","2":"type-product","3":"status-publish","4":"has-post-thumbnail","6":"product_cat-marca","7":"product_cat-neel-ayurvedics","8":"product_cat-neel-ayurvedics-hierbas-enteras","9":"product_cat-productos-ayurvedicos","11":"first","12":"instock","13":"shipping-taxable","14":"purchasable","15":"product-type-variable"},"_links":{"self":[{"href":"https:\/\/neelayurvedics.es\/index.php?rest_route=\/wp\/v2\/product\/8486","targetHints":{"allow":["GET"]}}],"collection":[{"href":"https:\/\/neelayurvedics.es\/index.php?rest_route=\/wp\/v2\/product"}],"about":[{"href":"https:\/\/neelayurvedics.es\/index.php?rest_route=\/wp\/v2\/types\/product"}],"replies":[{"embeddable":true,"href":"https:\/\/neelayurvedics.es\/index.php?rest_route=%2Fwp%2Fv2%2Fcomments&post=8486"}],"wp:featuredmedia":[{"embeddable":true,"href":"https:\/\/neelayurvedics.es\/index.php?rest_route=\/wp\/v2\/media\/17884"}],"wp:attachment":[{"href":"https:\/\/neelayurvedics.es\/index.php?rest_route=%2Fwp%2Fv2%2Fmedia&parent=8486"}],"wp:term":[{"taxonomy":"product_brand","embeddable":true,"href":"https:\/\/neelayurvedics.es\/index.php?rest_route=%2Fwp%2Fv2%2Fproduct_brand&post=8486"},{"taxonomy":"product_cat","embeddable":true,"href":"https:\/\/neelayurvedics.es\/index.php?rest_route=%2Fwp%2Fv2%2Fproduct_cat&post=8486"},{"taxonomy":"product_tag","embeddable":true,"href":"https:\/\/neelayurvedics.es\/index.php?rest_route=%2Fwp%2Fv2%2Fproduct_tag&post=8486"}],"curies":[{"name":"wp","href":"https:\/\/api.w.org\/{rel}","templated":true}]}}