{"id":8491,"date":"2025-01-29T06:11:45","date_gmt":"2025-01-29T06:11:45","guid":{"rendered":"https:\/\/neelayurvedics.es\/?post_type=product&#038;p=8491"},"modified":"2026-04-10T14:41:41","modified_gmt":"2026-04-10T14:41:41","slug":"neel-ayurvedics-gudmar-hojas-secas","status":"publish","type":"product","link":"https:\/\/neelayurvedics.es\/?product=neel-ayurvedics-gudmar-hojas-secas","title":{"rendered":"Neel Ayurvedics Gudmar Hojas Secas | Hojas De Madhunashini | Hojas De Gudmar | Gurmar | Madhunashni | Nagapushpi | Gymnema Silvestre"},"content":{"rendered":"<p style=\"font-weight: 400;\">Basado en una f\u00f3rmula ayurv\u00e9dica, las hojas secas de Gudmar son muy seguras de usar. Aparte de esto, este tipo de\u00a0\u00a0hojas\u00a0tambi\u00e9n pueden ayudar mucho a controlar el colesterol. Tambi\u00e9n son muy \u00fatiles para reducir la picaz\u00f3n y la inflamaci\u00f3n. Y las hojas secas de Gudmar tambi\u00e9n pueden ayudar a cicatrizar heridas de manera eficaz.<\/p>\n<p style=\"font-weight: 400;\">Las hojas secas de Gudmar tambi\u00e9n pueden ser muy \u00fatiles para perder peso. Aparte de esto, este tipo de\u00a0\u00a0hojas\u00a0pueden ser muy \u00fatiles en el tratamiento de la ictericia y la tos. Puede proporcionar un alivio muy eficaz del estre\u00f1imiento y las hemorroides. Las hojas secas de Gudmar tambi\u00e9n pueden ser muy \u00fatiles para tratar enfermedades relacionadas con el h\u00edgado.<\/p>\n<p style=\"font-weight: 400;\"><strong style=\"font-weight: 600 !important;\">DOSIS:<\/strong>\u00a0Mezcle 1-2 cucharadas de Gudmar Dried Leaves Churna con agua y t\u00f3melo 2-3 veces al d\u00eda o seg\u00fan lo indique el m\u00e9dico.<\/p>\n","protected":false},"excerpt":{"rendered":"<p>Las hojas secas de Gudmar se consideran un remedio ayurv\u00e9dico y son muy \u00fatiles para regular el metabolismo de los carbohidratos. Se considera un remedio m\u00e1gico para los pacientes diab\u00e9ticos. Este tipo de hojas es muy \u00fatil para reducir el nivel de az\u00facar en sangre al aumentar el nivel de insulina en el cuerpo. Las hojas secas de Gudmar tambi\u00e9n son muy \u00fatiles para tratar la ictericia y la tos.<\/p>\n","protected":false},"featured_media":17886,"comment_status":"open","ping_status":"closed","template":"","meta":[],"product_brand":[],"product_cat":[200,252,250,195],"product_tag":[],"class_list":{"0":"post-8491","1":"product","2":"type-product","3":"status-publish","4":"has-post-thumbnail","6":"product_cat-marca","7":"product_cat-neel-ayurvedics","8":"product_cat-neel-ayurvedics-hierbas-enteras","9":"product_cat-productos-ayurvedicos","11":"first","12":"instock","13":"shipping-taxable","14":"purchasable","15":"product-type-variable"},"_links":{"self":[{"href":"https:\/\/neelayurvedics.es\/index.php?rest_route=\/wp\/v2\/product\/8491","targetHints":{"allow":["GET"]}}],"collection":[{"href":"https:\/\/neelayurvedics.es\/index.php?rest_route=\/wp\/v2\/product"}],"about":[{"href":"https:\/\/neelayurvedics.es\/index.php?rest_route=\/wp\/v2\/types\/product"}],"replies":[{"embeddable":true,"href":"https:\/\/neelayurvedics.es\/index.php?rest_route=%2Fwp%2Fv2%2Fcomments&post=8491"}],"wp:featuredmedia":[{"embeddable":true,"href":"https:\/\/neelayurvedics.es\/index.php?rest_route=\/wp\/v2\/media\/17886"}],"wp:attachment":[{"href":"https:\/\/neelayurvedics.es\/index.php?rest_route=%2Fwp%2Fv2%2Fmedia&parent=8491"}],"wp:term":[{"taxonomy":"product_brand","embeddable":true,"href":"https:\/\/neelayurvedics.es\/index.php?rest_route=%2Fwp%2Fv2%2Fproduct_brand&post=8491"},{"taxonomy":"product_cat","embeddable":true,"href":"https:\/\/neelayurvedics.es\/index.php?rest_route=%2Fwp%2Fv2%2Fproduct_cat&post=8491"},{"taxonomy":"product_tag","embeddable":true,"href":"https:\/\/neelayurvedics.es\/index.php?rest_route=%2Fwp%2Fv2%2Fproduct_tag&post=8491"}],"curies":[{"name":"wp","href":"https:\/\/api.w.org\/{rel}","templated":true}]}}