{"id":8511,"date":"2025-01-29T06:37:03","date_gmt":"2025-01-29T06:37:03","guid":{"rendered":"https:\/\/neelayurvedics.es\/?post_type=product&#038;p=8511"},"modified":"2026-04-10T14:44:58","modified_gmt":"2026-04-10T14:44:58","slug":"neel-ayurvedics-harde","status":"publish","type":"product","link":"https:\/\/neelayurvedics.es\/?product=neel-ayurvedics-harde","title":{"rendered":"Neel Ayurvedics Harde | Haritaki Entero Seco | Semillas De Haritaki | Terminalia Chebula"},"content":{"rendered":"<p style=\"font-weight: 400;\">El uso de semillas de haritaki es muy beneficioso para los ojos y la debilidad general debido a que mejora la vista y la salud. Aparte de esto, el vata presente en las semillas de haritaki tambi\u00e9n ayuda a reducir el dolor corporal debido a sus propiedades equilibrantes. Tambi\u00e9n es muy \u00fatil para reducir la tos y problemas relacionados como la falta de aire.<\/p>\n<p style=\"font-weight: 400;\">Las semillas de haritaki tambi\u00e9n pueden ser muy \u00fatiles para aliviar problemas digestivos debido a sus propiedades astringentes y digestivas. Aparte de esto, las semillas de haritaki pueden ser muy \u00fatiles para controlar el estre\u00f1imiento. Es muy \u00fatil para controlar el dolor de las articulaciones y aumentar la vida \u00fatil de los tejidos, m\u00fasculos y huesos. Las semillas de haritaki pueden ser muy \u00fatiles para controlar los trastornos relacionados con la energizaci\u00f3n del sistema nervioso.<\/p>\n<p style=\"font-weight: 400;\"><strong style=\"font-weight: 600 !important;\">DOSIS:\u00a0\u00a0<\/strong>Las semillas de Haritaki\u00a0deben consumirse seg\u00fan<br \/>\nlas indicaciones de su m\u00e9dico.<\/p>\n","protected":false},"excerpt":{"rendered":"<p>Las semillas de haritaki tienen muchos beneficios para la salud seg\u00fan la Ayurveda. Este tipo de hierba se considera una hierba maravillosa. Las semillas de haritaki pueden ser muy \u00fatiles para controlar la ca\u00edda del cabello y promover su crecimiento. Las semillas de haritaki son ricas en vitamina C, hierro, manganeso, selenio y cobre, lo que proporciona una nutrici\u00f3n \u00f3ptima al cuero cabelludo.<\/p>\n","protected":false},"featured_media":17892,"comment_status":"open","ping_status":"closed","template":"","meta":[],"product_brand":[],"product_cat":[200,252,250,195],"product_tag":[],"class_list":{"0":"post-8511","1":"product","2":"type-product","3":"status-publish","4":"has-post-thumbnail","6":"product_cat-marca","7":"product_cat-neel-ayurvedics","8":"product_cat-neel-ayurvedics-hierbas-enteras","9":"product_cat-productos-ayurvedicos","11":"first","12":"instock","13":"shipping-taxable","14":"purchasable","15":"product-type-variable"},"_links":{"self":[{"href":"https:\/\/neelayurvedics.es\/index.php?rest_route=\/wp\/v2\/product\/8511","targetHints":{"allow":["GET"]}}],"collection":[{"href":"https:\/\/neelayurvedics.es\/index.php?rest_route=\/wp\/v2\/product"}],"about":[{"href":"https:\/\/neelayurvedics.es\/index.php?rest_route=\/wp\/v2\/types\/product"}],"replies":[{"embeddable":true,"href":"https:\/\/neelayurvedics.es\/index.php?rest_route=%2Fwp%2Fv2%2Fcomments&post=8511"}],"wp:featuredmedia":[{"embeddable":true,"href":"https:\/\/neelayurvedics.es\/index.php?rest_route=\/wp\/v2\/media\/17892"}],"wp:attachment":[{"href":"https:\/\/neelayurvedics.es\/index.php?rest_route=%2Fwp%2Fv2%2Fmedia&parent=8511"}],"wp:term":[{"taxonomy":"product_brand","embeddable":true,"href":"https:\/\/neelayurvedics.es\/index.php?rest_route=%2Fwp%2Fv2%2Fproduct_brand&post=8511"},{"taxonomy":"product_cat","embeddable":true,"href":"https:\/\/neelayurvedics.es\/index.php?rest_route=%2Fwp%2Fv2%2Fproduct_cat&post=8511"},{"taxonomy":"product_tag","embeddable":true,"href":"https:\/\/neelayurvedics.es\/index.php?rest_route=%2Fwp%2Fv2%2Fproduct_tag&post=8511"}],"curies":[{"name":"wp","href":"https:\/\/api.w.org\/{rel}","templated":true}]}}