{"id":8516,"date":"2025-01-29T07:25:47","date_gmt":"2025-01-29T07:25:47","guid":{"rendered":"https:\/\/neelayurvedics.es\/?post_type=product&#038;p=8516"},"modified":"2026-04-10T14:46:11","modified_gmt":"2026-04-10T14:46:11","slug":"neel-ayurvedics-hartal-varki","status":"publish","type":"product","link":"https:\/\/neelayurvedics.es\/?product=neel-ayurvedics-hartal-varki","title":{"rendered":"Neel Ayurvedics Hartal Varki Haratal | Hartal Warqi | Sulfuro De Ars\u00e9nico Amarillo | Ponnaatharam"},"content":{"rendered":"<p style=\"font-weight: 400;\">Hartal Varki puede ser muy \u00fatil para tratar la fiebre, la tos seca, la leucorrea, el dolor de cabeza, la menorragia, el reumatismo y muchas otras dolencias. Aparte de esto, este tipo de bhasma puede ayudar mucho en la prevenci\u00f3n de la malaria y el tifus.<\/p>\n<p style=\"font-weight: 400;\">Hartal Varki puede ser muy \u00fatil para reducir la inflamaci\u00f3n y el dolor. Adem\u00e1s, este tipo de bhasma tambi\u00e9n es muy \u00fatil para estimular la respuesta inmunitaria y tratar los trastornos sangu\u00edneos.<\/p>\n<p style=\"font-weight: 400;\"><strong style=\"font-weight: 600 !important;\">DOSIS:<\/strong>\u00a0Hartal Varki debe consumirse seg\u00fan las indicaciones de la etiqueta o seg\u00fan lo recomendado por su m\u00e9dico<\/p>\n","protected":false},"excerpt":{"rendered":"<p>Hartal Varki se considera un medicamento ayurv\u00e9dico que se prepara a partir de oropimente. Este tipo de bhasma se utiliza ampliamente en el tratamiento ayurv\u00e9dico de la s\u00edfilis, la gota, el herpes, etc. Hartal Varki contiene tri\u00f3xido de ars\u00e9nico, que es bien conocido por su eficacia contra muchas enfermedades.<\/p>\n","protected":false},"featured_media":17893,"comment_status":"open","ping_status":"closed","template":"","meta":[],"product_brand":[],"product_cat":[200,252,250,195],"product_tag":[],"class_list":{"0":"post-8516","1":"product","2":"type-product","3":"status-publish","4":"has-post-thumbnail","6":"product_cat-marca","7":"product_cat-neel-ayurvedics","8":"product_cat-neel-ayurvedics-hierbas-enteras","9":"product_cat-productos-ayurvedicos","11":"first","12":"instock","13":"shipping-taxable","14":"purchasable","15":"product-type-variable"},"_links":{"self":[{"href":"https:\/\/neelayurvedics.es\/index.php?rest_route=\/wp\/v2\/product\/8516","targetHints":{"allow":["GET"]}}],"collection":[{"href":"https:\/\/neelayurvedics.es\/index.php?rest_route=\/wp\/v2\/product"}],"about":[{"href":"https:\/\/neelayurvedics.es\/index.php?rest_route=\/wp\/v2\/types\/product"}],"replies":[{"embeddable":true,"href":"https:\/\/neelayurvedics.es\/index.php?rest_route=%2Fwp%2Fv2%2Fcomments&post=8516"}],"wp:featuredmedia":[{"embeddable":true,"href":"https:\/\/neelayurvedics.es\/index.php?rest_route=\/wp\/v2\/media\/17893"}],"wp:attachment":[{"href":"https:\/\/neelayurvedics.es\/index.php?rest_route=%2Fwp%2Fv2%2Fmedia&parent=8516"}],"wp:term":[{"taxonomy":"product_brand","embeddable":true,"href":"https:\/\/neelayurvedics.es\/index.php?rest_route=%2Fwp%2Fv2%2Fproduct_brand&post=8516"},{"taxonomy":"product_cat","embeddable":true,"href":"https:\/\/neelayurvedics.es\/index.php?rest_route=%2Fwp%2Fv2%2Fproduct_cat&post=8516"},{"taxonomy":"product_tag","embeddable":true,"href":"https:\/\/neelayurvedics.es\/index.php?rest_route=%2Fwp%2Fv2%2Fproduct_tag&post=8516"}],"curies":[{"name":"wp","href":"https:\/\/api.w.org\/{rel}","templated":true}]}}