{"id":8524,"date":"2025-01-29T08:04:07","date_gmt":"2025-01-29T08:04:07","guid":{"rendered":"https:\/\/neelayurvedics.es\/?post_type=product&#038;p=8524"},"modified":"2026-04-10T14:46:47","modified_gmt":"2026-04-10T14:46:47","slug":"neel-ayurvedics-himej","status":"publish","type":"product","link":"https:\/\/neelayurvedics.es\/?product=neel-ayurvedics-himej","title":{"rendered":"Neel Ayurvedics Himej | Himej Negro | Mirob\u00e1lano | Kali-Harad | Peque\u00f1o Harad Negro | Terminalia Chebula"},"content":{"rendered":"<p>El himej se utiliza ampliamente para mantener la salud y la vitalidad en general. Aparte de esto, el himej negro tambi\u00e9n favorece la regulaci\u00f3n del sistema digestivo. Tambi\u00e9n es muy \u00fatil para tratar la indigesti\u00f3n y los gases. El himej negro tambi\u00e9n puede ser muy \u00fatil para mantener la salud y la vitalidad en general. El himej puede ser muy \u00fatil para tratar la bronquitis. Aparte de esto, el himej negro tambi\u00e9n puede ayudar a aumentar las funciones cerebrales. Tiene actividad antioxidante que previene el da\u00f1o causado por los radicales libres. El himej promueve en gran medida el movimiento intestinal.<\/p>\n<p>DOSIS: Black Himej debe tomarse seg\u00fan las instrucciones de la etiqueta.<\/p>\n","protected":false},"excerpt":{"rendered":"<p>El himej puede ser muy \u00fatil para tratar la fiebre, la tos, el asma, las enfermedades urinarias, las hemorroides y el reumatismo debido a sus propiedades astringentes, laxantes y t\u00f3nicas. Tambi\u00e9n es muy \u00fatil para tratar el estre\u00f1imiento y los gases. El himej se utiliza ampliamente en el tratamiento de la disenter\u00eda.<\/p>\n","protected":false},"featured_media":17894,"comment_status":"open","ping_status":"closed","template":"","meta":[],"product_brand":[],"product_cat":[200,252,250,195],"product_tag":[],"class_list":{"0":"post-8524","1":"product","2":"type-product","3":"status-publish","4":"has-post-thumbnail","6":"product_cat-marca","7":"product_cat-neel-ayurvedics","8":"product_cat-neel-ayurvedics-hierbas-enteras","9":"product_cat-productos-ayurvedicos","11":"first","12":"instock","13":"shipping-taxable","14":"purchasable","15":"product-type-variable"},"_links":{"self":[{"href":"https:\/\/neelayurvedics.es\/index.php?rest_route=\/wp\/v2\/product\/8524","targetHints":{"allow":["GET"]}}],"collection":[{"href":"https:\/\/neelayurvedics.es\/index.php?rest_route=\/wp\/v2\/product"}],"about":[{"href":"https:\/\/neelayurvedics.es\/index.php?rest_route=\/wp\/v2\/types\/product"}],"replies":[{"embeddable":true,"href":"https:\/\/neelayurvedics.es\/index.php?rest_route=%2Fwp%2Fv2%2Fcomments&post=8524"}],"wp:featuredmedia":[{"embeddable":true,"href":"https:\/\/neelayurvedics.es\/index.php?rest_route=\/wp\/v2\/media\/17894"}],"wp:attachment":[{"href":"https:\/\/neelayurvedics.es\/index.php?rest_route=%2Fwp%2Fv2%2Fmedia&parent=8524"}],"wp:term":[{"taxonomy":"product_brand","embeddable":true,"href":"https:\/\/neelayurvedics.es\/index.php?rest_route=%2Fwp%2Fv2%2Fproduct_brand&post=8524"},{"taxonomy":"product_cat","embeddable":true,"href":"https:\/\/neelayurvedics.es\/index.php?rest_route=%2Fwp%2Fv2%2Fproduct_cat&post=8524"},{"taxonomy":"product_tag","embeddable":true,"href":"https:\/\/neelayurvedics.es\/index.php?rest_route=%2Fwp%2Fv2%2Fproduct_tag&post=8524"}],"curies":[{"name":"wp","href":"https:\/\/api.w.org\/{rel}","templated":true}]}}