{"id":8591,"date":"2025-01-29T11:31:41","date_gmt":"2025-01-29T11:31:41","guid":{"rendered":"https:\/\/neelayurvedics.es\/?post_type=product&#038;p=8591"},"modified":"2026-04-13T04:31:34","modified_gmt":"2026-04-13T04:31:34","slug":"neel-ayurvedics-raiz-de-jethimadh","status":"publish","type":"product","link":"https:\/\/neelayurvedics.es\/?product=neel-ayurvedics-raiz-de-jethimadh","title":{"rendered":"Neel Ayurvedics Ra\u00edz De Jethimadh | Ra\u00edz De Yashtimadhu | Ra\u00edz De mulethi | Mulethi | Ra\u00edz De Regaliz | Yashtimadhu | Mulhati | Aslussoos | Glycyrrhiza Glabra"},"content":{"rendered":"<p>La ra\u00edz de Jethimadh, la ra\u00edz de Yashtimadhu y la ra\u00edz de Mulethi vienen en paquetes de 50 g, 100 g, 250 g, 500 g y 1 kg.<\/p>\n","protected":false},"excerpt":{"rendered":"<p>La ra\u00edz de Jethimadh, la ra\u00edz de Yashtimadhu y la ra\u00edz de Mulethi vienen en paquetes de 50 g, 100 g, 250 g, 500 g y 1 kg.<\/p>\n","protected":false},"featured_media":17998,"comment_status":"open","ping_status":"closed","template":"","meta":[],"product_brand":[],"product_cat":[200,252,250,195],"product_tag":[],"class_list":{"0":"post-8591","1":"product","2":"type-product","3":"status-publish","4":"has-post-thumbnail","6":"product_cat-marca","7":"product_cat-neel-ayurvedics","8":"product_cat-neel-ayurvedics-hierbas-enteras","9":"product_cat-productos-ayurvedicos","11":"first","12":"instock","13":"shipping-taxable","14":"purchasable","15":"product-type-variable"},"_links":{"self":[{"href":"https:\/\/neelayurvedics.es\/index.php?rest_route=\/wp\/v2\/product\/8591","targetHints":{"allow":["GET"]}}],"collection":[{"href":"https:\/\/neelayurvedics.es\/index.php?rest_route=\/wp\/v2\/product"}],"about":[{"href":"https:\/\/neelayurvedics.es\/index.php?rest_route=\/wp\/v2\/types\/product"}],"replies":[{"embeddable":true,"href":"https:\/\/neelayurvedics.es\/index.php?rest_route=%2Fwp%2Fv2%2Fcomments&post=8591"}],"wp:featuredmedia":[{"embeddable":true,"href":"https:\/\/neelayurvedics.es\/index.php?rest_route=\/wp\/v2\/media\/17998"}],"wp:attachment":[{"href":"https:\/\/neelayurvedics.es\/index.php?rest_route=%2Fwp%2Fv2%2Fmedia&parent=8591"}],"wp:term":[{"taxonomy":"product_brand","embeddable":true,"href":"https:\/\/neelayurvedics.es\/index.php?rest_route=%2Fwp%2Fv2%2Fproduct_brand&post=8591"},{"taxonomy":"product_cat","embeddable":true,"href":"https:\/\/neelayurvedics.es\/index.php?rest_route=%2Fwp%2Fv2%2Fproduct_cat&post=8591"},{"taxonomy":"product_tag","embeddable":true,"href":"https:\/\/neelayurvedics.es\/index.php?rest_route=%2Fwp%2Fv2%2Fproduct_tag&post=8591"}],"curies":[{"name":"wp","href":"https:\/\/api.w.org\/{rel}","templated":true}]}}