{"id":8655,"date":"2025-01-30T07:08:18","date_gmt":"2025-01-30T07:08:18","guid":{"rendered":"https:\/\/neelayurvedics.es\/?post_type=product&#038;p=8655"},"modified":"2026-04-11T07:11:18","modified_gmt":"2026-04-11T07:11:18","slug":"neel-ayurvedics-kalonji","status":"publish","type":"product","link":"https:\/\/neelayurvedics.es\/?product=neel-ayurvedics-kalonji","title":{"rendered":"Neel Ayurvedics Kalonji Semillas De Comino Negro | Semillas De Nigella | Kalonji Beej | Semillas De Kalaunji | Kalvanji | Nigella Sativa"},"content":{"rendered":"<p>Las semillas de kalonji, comino negro y nigella tienen propiedades que combaten el c\u00e1ncer, pueden ayudar a eliminar bacterias y pueden prevenir las \u00falceras de est\u00f3mago.<\/p>\n","protected":false},"excerpt":{"rendered":"<p>Las semillas de kalonji, comino negro y nigella tienen propiedades que combaten el c\u00e1ncer, pueden ayudar a eliminar bacterias y pueden prevenir las \u00falceras de est\u00f3mago.<\/p>\n","protected":false},"featured_media":17931,"comment_status":"open","ping_status":"closed","template":"","meta":[],"product_brand":[],"product_cat":[200,252,250,195],"product_tag":[],"class_list":{"0":"post-8655","1":"product","2":"type-product","3":"status-publish","4":"has-post-thumbnail","6":"product_cat-marca","7":"product_cat-neel-ayurvedics","8":"product_cat-neel-ayurvedics-hierbas-enteras","9":"product_cat-productos-ayurvedicos","11":"first","12":"instock","13":"shipping-taxable","14":"purchasable","15":"product-type-variable"},"_links":{"self":[{"href":"https:\/\/neelayurvedics.es\/index.php?rest_route=\/wp\/v2\/product\/8655","targetHints":{"allow":["GET"]}}],"collection":[{"href":"https:\/\/neelayurvedics.es\/index.php?rest_route=\/wp\/v2\/product"}],"about":[{"href":"https:\/\/neelayurvedics.es\/index.php?rest_route=\/wp\/v2\/types\/product"}],"replies":[{"embeddable":true,"href":"https:\/\/neelayurvedics.es\/index.php?rest_route=%2Fwp%2Fv2%2Fcomments&post=8655"}],"wp:featuredmedia":[{"embeddable":true,"href":"https:\/\/neelayurvedics.es\/index.php?rest_route=\/wp\/v2\/media\/17931"}],"wp:attachment":[{"href":"https:\/\/neelayurvedics.es\/index.php?rest_route=%2Fwp%2Fv2%2Fmedia&parent=8655"}],"wp:term":[{"taxonomy":"product_brand","embeddable":true,"href":"https:\/\/neelayurvedics.es\/index.php?rest_route=%2Fwp%2Fv2%2Fproduct_brand&post=8655"},{"taxonomy":"product_cat","embeddable":true,"href":"https:\/\/neelayurvedics.es\/index.php?rest_route=%2Fwp%2Fv2%2Fproduct_cat&post=8655"},{"taxonomy":"product_tag","embeddable":true,"href":"https:\/\/neelayurvedics.es\/index.php?rest_route=%2Fwp%2Fv2%2Fproduct_tag&post=8655"}],"curies":[{"name":"wp","href":"https:\/\/api.w.org\/{rel}","templated":true}]}}