{"id":8742,"date":"2025-01-31T11:31:50","date_gmt":"2025-01-31T11:31:50","guid":{"rendered":"https:\/\/neelayurvedics.es\/?post_type=product&#038;p=8742"},"modified":"2026-04-11T07:32:11","modified_gmt":"2026-04-11T07:32:11","slug":"neel-ayurvedics-kutki","status":"publish","type":"product","link":"https:\/\/neelayurvedics.es\/?product=neel-ayurvedics-kutki","title":{"rendered":"Neel Ayurvedics Kutki | katuki | Picrorhiza Kurroa | Kad\u00fa | Ra\u00edz De Kutki | Katuki Jadd | Ra\u00edces De Kutaki"},"content":{"rendered":"<p>Kutki, Katuki, Picrorhiza Kurroa, Kadu se utilizan principalmente para controlar el nivel diab\u00e9tico de forma natural, son limpiadores de sangre naturales y tambi\u00e9n favorecen un sistema inmunol\u00f3gico saludable.<\/p>\n","protected":false},"excerpt":{"rendered":"<p>Kutki, Katuki, Picrorhiza Kurroa, Kadu se utilizan principalmente para controlar el nivel diab\u00e9tico de forma natural, son limpiadores de sangre naturales y tambi\u00e9n favorecen un sistema inmunol\u00f3gico saludable.<\/p>\n","protected":false},"featured_media":17947,"comment_status":"open","ping_status":"closed","template":"","meta":[],"product_brand":[],"product_cat":[200,252,250,195],"product_tag":[],"class_list":{"0":"post-8742","1":"product","2":"type-product","3":"status-publish","4":"has-post-thumbnail","6":"product_cat-marca","7":"product_cat-neel-ayurvedics","8":"product_cat-neel-ayurvedics-hierbas-enteras","9":"product_cat-productos-ayurvedicos","11":"first","12":"instock","13":"shipping-taxable","14":"purchasable","15":"product-type-variable"},"_links":{"self":[{"href":"https:\/\/neelayurvedics.es\/index.php?rest_route=\/wp\/v2\/product\/8742","targetHints":{"allow":["GET"]}}],"collection":[{"href":"https:\/\/neelayurvedics.es\/index.php?rest_route=\/wp\/v2\/product"}],"about":[{"href":"https:\/\/neelayurvedics.es\/index.php?rest_route=\/wp\/v2\/types\/product"}],"replies":[{"embeddable":true,"href":"https:\/\/neelayurvedics.es\/index.php?rest_route=%2Fwp%2Fv2%2Fcomments&post=8742"}],"wp:featuredmedia":[{"embeddable":true,"href":"https:\/\/neelayurvedics.es\/index.php?rest_route=\/wp\/v2\/media\/17947"}],"wp:attachment":[{"href":"https:\/\/neelayurvedics.es\/index.php?rest_route=%2Fwp%2Fv2%2Fmedia&parent=8742"}],"wp:term":[{"taxonomy":"product_brand","embeddable":true,"href":"https:\/\/neelayurvedics.es\/index.php?rest_route=%2Fwp%2Fv2%2Fproduct_brand&post=8742"},{"taxonomy":"product_cat","embeddable":true,"href":"https:\/\/neelayurvedics.es\/index.php?rest_route=%2Fwp%2Fv2%2Fproduct_cat&post=8742"},{"taxonomy":"product_tag","embeddable":true,"href":"https:\/\/neelayurvedics.es\/index.php?rest_route=%2Fwp%2Fv2%2Fproduct_tag&post=8742"}],"curies":[{"name":"wp","href":"https:\/\/api.w.org\/{rel}","templated":true}]}}