{"id":8813,"date":"2025-02-04T05:36:26","date_gmt":"2025-02-04T05:36:26","guid":{"rendered":"https:\/\/neelayurvedics.es\/?post_type=product&#038;p=8813"},"modified":"2026-04-11T06:25:58","modified_gmt":"2026-04-11T06:25:58","slug":"neel-ayurvedics-cristales-de-mentol","status":"publish","type":"product","link":"https:\/\/neelayurvedics.es\/?product=neel-ayurvedics-cristales-de-mentol","title":{"rendered":"Neel Ayurvedics Cristales De Mentol | S\u00e1bado De Menta | Ejmet Phool"},"content":{"rendered":"<div id=\"nasa-single-product-tabs\" class=\"product-details\">\n<div class=\"nasa-tabs-content woocommerce-tabs\">\n<div class=\"nasa-panels nasa-desc-wrap\">\n<div id=\"nasa-tab-description\" class=\"nasa-panel nasa-content-description active\">\n<div class=\"row\">\n<div class=\"large-12 columns nasa-content-panel\">\n<p><strong>Cristales de mentol: un compuesto org\u00e1nico con beneficios vers\u00e1tiles<\/strong><\/p>\n<p>Los cristales de mentol son un compuesto org\u00e1nico extra\u00eddo del aceite de menta, una planta de la familia de la menta. Conocido por su sensaci\u00f3n refrescante y sus propiedades medicinales, se utiliza en productos como pasta de dientes, pastillas para la tos, b\u00e1lsamos labiales, b\u00e1lsamos corporales y enjuagues bucales, para tratar bacterias, placa, tos, dolor de garganta y dolores menores. Los cristales de mentol ayurv\u00e9dicos mejoran la calidad de vida al reducir las n\u00e1useas y la ca\u00edda del cabello, y tambi\u00e9n sirven como ambientadores dom\u00e9sticos y pesticidas naturales.<\/p>\n<p><strong>Beneficios y usos clave:<\/strong><\/p>\n<ul>\n<li><strong>Usos generales y propiedades curativas:<\/strong>\n<ul>\n<li>Eficaz en tratamientos dentales, alivio del dolor de garganta, picaz\u00f3n, control del olor y tratamientos para el cabello al reducir la ca\u00edda del cabello y mejorar el crecimiento del cabello.<\/li>\n<li>Se utiliza en productos para el cuidado de la piel para tratar el acn\u00e9 y el enrojecimiento, actuando como limpiador, t\u00f3nico y humectante.<\/li>\n<li>Alivia dolores articulares, migra\u00f1as, problemas respiratorios y otros dolores corporales.<\/li>\n<\/ul>\n<\/li>\n<li><strong>Beneficios espec\u00edficos:<\/strong>\n<ul>\n<li><strong>Cuidado de la piel y alivio del dolor:<\/strong>\n<ul>\n<li>Trata problemas de la piel como acn\u00e9, cicatrices y enrojecimiento con propiedades antimic\u00f3ticas, antibacterianas y antiinflamatorias.<\/li>\n<li>Analg\u00e9sico natural y relajante muscular, \u00fatil para dolores de cabeza, migra\u00f1as y fibromialgia.<\/li>\n<\/ul>\n<\/li>\n<li><strong>Salud respiratoria y p\u00e9rdida de peso:<\/strong>\n<ul>\n<li>Relaja y previene el dolor de pecho y la congesti\u00f3n, beneficioso para el asma y los resfriados.<\/li>\n<li>Act\u00faa como un edulcorante natural con pocas calor\u00edas, reduciendo el apetito y ayudando en la p\u00e9rdida de peso.<\/li>\n<\/ul>\n<\/li>\n<li><strong>Beneficios adicionales:<\/strong>\n<ul>\n<li>Posibles propiedades anticancer\u00edgenas al inhibir el crecimiento de c\u00e9lulas de c\u00e1ncer de pr\u00f3stata.<\/li>\n<li>Reduce los dolores menstruales gracias a sus propiedades antiinflamatorias y relajantes musculares.<\/li>\n<li>Aumenta la energ\u00eda, la concentraci\u00f3n, la atenci\u00f3n y la funci\u00f3n cognitiva.<\/li>\n<li>Propiedades antis\u00e9pticas y antibacterianas para el cuidado dental, combatiendo la placa y eliminando el mal aliento.<\/li>\n<li>Promueve la relajaci\u00f3n, el alivio del estr\u00e9s, la retenci\u00f3n de la memoria y la funci\u00f3n cognitiva.<\/li>\n<\/ul>\n<\/li>\n<\/ul>\n<\/li>\n<\/ul>\n<p>El mentol es un compuesto vers\u00e1til y beneficioso, ampliamente utilizado por sus propiedades medicinales y terap\u00e9uticas, mejorando la salud y el bienestar general.<\/p>\n<\/div>\n<\/div>\n<\/div>\n<\/div>\n<\/div>\n<\/div>\n","protected":false},"excerpt":{"rendered":"<p>El mentol, un compuesto org\u00e1nico extra\u00eddo del aceite de menta, es conocido por su sensaci\u00f3n refrescante y sus propiedades medicinales. Presente en productos como la pasta de dientes, las pastillas para la tos, los b\u00e1lsamos labiales, los b\u00e1lsamos corporales y los enjuagues bucales, el mentol trata las bacterias, la placa, la tos, los dolores de garganta y los dolores menores. Los cristales de mentol ayurv\u00e9dicos mejoran la calidad de vida al reducir las n\u00e1useas y la ca\u00edda del cabello, y tambi\u00e9n sirven como ambientadores del hogar y pesticidas naturales. El aceite de mentol se utiliza en tratamientos dentales, alivio del dolor de garganta, picaz\u00f3n, control del olor, reducci\u00f3n de la ca\u00edda del cabello y mejora del crecimiento del cabello. Tambi\u00e9n alivia el dolor de las articulaciones, las migra\u00f1as, los problemas respiratorios y otros dolores corporales. Los beneficios incluyen el cuidado de la piel al tratar el acn\u00e9 y el enrojecimiento, alivio del dolor de cabeza, reducci\u00f3n del dolor muscular y articular, promoci\u00f3n de la salud respiratoria, ayuda para perder peso, posibles propiedades anticancer\u00edgenas, alivio del dolor menstrual, aumento de energ\u00eda, cuidado dental, reducci\u00f3n del estr\u00e9s y mejora de la atenci\u00f3n y la concentraci\u00f3n.<\/p>\n","protected":false},"featured_media":17914,"comment_status":"open","ping_status":"closed","template":"","meta":[],"product_brand":[285],"product_cat":[200,252,250,195],"product_tag":[],"class_list":{"0":"post-8813","1":"product","2":"type-product","3":"status-publish","4":"has-post-thumbnail","6":"product_brand-neel-ayurvedics","7":"product_cat-marca","8":"product_cat-neel-ayurvedics","9":"product_cat-neel-ayurvedics-hierbas-enteras","10":"product_cat-productos-ayurvedicos","12":"first","13":"instock","14":"shipping-taxable","15":"purchasable","16":"product-type-variable"},"_links":{"self":[{"href":"https:\/\/neelayurvedics.es\/index.php?rest_route=\/wp\/v2\/product\/8813","targetHints":{"allow":["GET"]}}],"collection":[{"href":"https:\/\/neelayurvedics.es\/index.php?rest_route=\/wp\/v2\/product"}],"about":[{"href":"https:\/\/neelayurvedics.es\/index.php?rest_route=\/wp\/v2\/types\/product"}],"replies":[{"embeddable":true,"href":"https:\/\/neelayurvedics.es\/index.php?rest_route=%2Fwp%2Fv2%2Fcomments&post=8813"}],"wp:featuredmedia":[{"embeddable":true,"href":"https:\/\/neelayurvedics.es\/index.php?rest_route=\/wp\/v2\/media\/17914"}],"wp:attachment":[{"href":"https:\/\/neelayurvedics.es\/index.php?rest_route=%2Fwp%2Fv2%2Fmedia&parent=8813"}],"wp:term":[{"taxonomy":"product_brand","embeddable":true,"href":"https:\/\/neelayurvedics.es\/index.php?rest_route=%2Fwp%2Fv2%2Fproduct_brand&post=8813"},{"taxonomy":"product_cat","embeddable":true,"href":"https:\/\/neelayurvedics.es\/index.php?rest_route=%2Fwp%2Fv2%2Fproduct_cat&post=8813"},{"taxonomy":"product_tag","embeddable":true,"href":"https:\/\/neelayurvedics.es\/index.php?rest_route=%2Fwp%2Fv2%2Fproduct_tag&post=8813"}],"curies":[{"name":"wp","href":"https:\/\/api.w.org\/{rel}","templated":true}]}}