{"id":8828,"date":"2025-02-05T07:21:42","date_gmt":"2025-02-05T07:21:42","guid":{"rendered":"https:\/\/neelayurvedics.es\/?post_type=product&#038;p=8828"},"modified":"2026-04-11T09:06:50","modified_gmt":"2026-04-11T09:06:50","slug":"neel-ayurvedics-mochras","status":"publish","type":"product","link":"https:\/\/neelayurvedics.es\/?product=neel-ayurvedics-mochras","title":{"rendered":"Neel Ayurvedics Mochras | Bombax Malabaricum | Semal Chaal | Corteza Semal"},"content":{"rendered":"<p>Mochras, Bombax Malabaricum se utiliza para tratar disenter\u00eda, gripe, menorragia, sensaci\u00f3n de ardor, estranguria, impurezas de la sangre, erupciones cut\u00e1neas, esplenomegalia, inflamaciones cr\u00f3nicas, \u00falceras, gonorrea y para restaurar el color de la piel.<\/p>\n","protected":false},"excerpt":{"rendered":"<p>Mochras, Bombax Malabaricum se utiliza para tratar disenter\u00eda, gripe, menorragia, sensaci\u00f3n de ardor, estranguria, impurezas de la sangre, erupciones cut\u00e1neas, esplenomegalia, inflamaciones cr\u00f3nicas, \u00falceras, gonorrea y para restaurar el color de la piel.<\/p>\n","protected":false},"featured_media":17964,"comment_status":"open","ping_status":"closed","template":"","meta":[],"product_brand":[],"product_cat":[200,252,250,195],"product_tag":[],"class_list":{"0":"post-8828","1":"product","2":"type-product","3":"status-publish","4":"has-post-thumbnail","6":"product_cat-marca","7":"product_cat-neel-ayurvedics","8":"product_cat-neel-ayurvedics-hierbas-enteras","9":"product_cat-productos-ayurvedicos","11":"first","12":"instock","13":"shipping-taxable","14":"purchasable","15":"product-type-variable"},"_links":{"self":[{"href":"https:\/\/neelayurvedics.es\/index.php?rest_route=\/wp\/v2\/product\/8828","targetHints":{"allow":["GET"]}}],"collection":[{"href":"https:\/\/neelayurvedics.es\/index.php?rest_route=\/wp\/v2\/product"}],"about":[{"href":"https:\/\/neelayurvedics.es\/index.php?rest_route=\/wp\/v2\/types\/product"}],"replies":[{"embeddable":true,"href":"https:\/\/neelayurvedics.es\/index.php?rest_route=%2Fwp%2Fv2%2Fcomments&post=8828"}],"wp:featuredmedia":[{"embeddable":true,"href":"https:\/\/neelayurvedics.es\/index.php?rest_route=\/wp\/v2\/media\/17964"}],"wp:attachment":[{"href":"https:\/\/neelayurvedics.es\/index.php?rest_route=%2Fwp%2Fv2%2Fmedia&parent=8828"}],"wp:term":[{"taxonomy":"product_brand","embeddable":true,"href":"https:\/\/neelayurvedics.es\/index.php?rest_route=%2Fwp%2Fv2%2Fproduct_brand&post=8828"},{"taxonomy":"product_cat","embeddable":true,"href":"https:\/\/neelayurvedics.es\/index.php?rest_route=%2Fwp%2Fv2%2Fproduct_cat&post=8828"},{"taxonomy":"product_tag","embeddable":true,"href":"https:\/\/neelayurvedics.es\/index.php?rest_route=%2Fwp%2Fv2%2Fproduct_tag&post=8828"}],"curies":[{"name":"wp","href":"https:\/\/api.w.org\/{rel}","templated":true}]}}