{"id":8849,"date":"2025-02-05T08:05:08","date_gmt":"2025-02-05T08:05:08","guid":{"rendered":"https:\/\/neelayurvedics.es\/?post_type=product&#038;p=8849"},"modified":"2026-04-11T09:58:55","modified_gmt":"2026-04-11T09:58:55","slug":"neel-ayurvedics-murdasingh","status":"publish","type":"product","link":"https:\/\/neelayurvedics.es\/?product=neel-ayurvedics-murdasingh","title":{"rendered":"Neel Ayurvedics Murdasingh | Murdad Canta | Murdar Singh | Murdasingi | Murdar Seng | litargirio"},"content":{"rendered":"<p>Murdasingh, Murdad Sing, Murdar Singh se utilizan para la salud y la belleza de la piel. Se utilizan en mascarillas faciales y f\u00f3rmulas de belleza para lograr una piel radiante y hermosa. Es solo para uso externo. Si se usa de la manera adecuada, puede sorprenderlo con su incre\u00edble poder curativo para el acn\u00e9, la eliminaci\u00f3n de cicatrices de granos, etc.<\/p>\n","protected":false},"excerpt":{"rendered":"<p>Murdasingh, Murdad Sing, Murdar Singh se utilizan para la salud y la belleza de la piel. Se utilizan en mascarillas faciales y f\u00f3rmulas de belleza para lograr una piel radiante y hermosa. Es solo para uso externo. Si se usa de la manera adecuada, puede sorprenderlo con su incre\u00edble poder curativo para el acn\u00e9, la [&hellip;]<\/p>\n","protected":false},"featured_media":17966,"comment_status":"open","ping_status":"closed","template":"","meta":[],"product_brand":[],"product_cat":[200,252,250,195],"product_tag":[],"class_list":{"0":"post-8849","1":"product","2":"type-product","3":"status-publish","4":"has-post-thumbnail","6":"product_cat-marca","7":"product_cat-neel-ayurvedics","8":"product_cat-neel-ayurvedics-hierbas-enteras","9":"product_cat-productos-ayurvedicos","11":"first","12":"instock","13":"shipping-taxable","14":"purchasable","15":"product-type-variable"},"_links":{"self":[{"href":"https:\/\/neelayurvedics.es\/index.php?rest_route=\/wp\/v2\/product\/8849","targetHints":{"allow":["GET"]}}],"collection":[{"href":"https:\/\/neelayurvedics.es\/index.php?rest_route=\/wp\/v2\/product"}],"about":[{"href":"https:\/\/neelayurvedics.es\/index.php?rest_route=\/wp\/v2\/types\/product"}],"replies":[{"embeddable":true,"href":"https:\/\/neelayurvedics.es\/index.php?rest_route=%2Fwp%2Fv2%2Fcomments&post=8849"}],"wp:featuredmedia":[{"embeddable":true,"href":"https:\/\/neelayurvedics.es\/index.php?rest_route=\/wp\/v2\/media\/17966"}],"wp:attachment":[{"href":"https:\/\/neelayurvedics.es\/index.php?rest_route=%2Fwp%2Fv2%2Fmedia&parent=8849"}],"wp:term":[{"taxonomy":"product_brand","embeddable":true,"href":"https:\/\/neelayurvedics.es\/index.php?rest_route=%2Fwp%2Fv2%2Fproduct_brand&post=8849"},{"taxonomy":"product_cat","embeddable":true,"href":"https:\/\/neelayurvedics.es\/index.php?rest_route=%2Fwp%2Fv2%2Fproduct_cat&post=8849"},{"taxonomy":"product_tag","embeddable":true,"href":"https:\/\/neelayurvedics.es\/index.php?rest_route=%2Fwp%2Fv2%2Fproduct_tag&post=8849"}],"curies":[{"name":"wp","href":"https:\/\/api.w.org\/{rel}","templated":true}]}}