{"id":8889,"date":"2025-02-07T07:33:20","date_gmt":"2025-02-07T07:33:20","guid":{"rendered":"https:\/\/neelayurvedics.es\/?post_type=product&#038;p=8889"},"modified":"2026-04-11T15:04:04","modified_gmt":"2026-04-11T15:04:04","slug":"neel-ayurvedics-paneer-phool","status":"publish","type":"product","link":"https:\/\/neelayurvedics.es\/?product=neel-ayurvedics-paneer-phool","title":{"rendered":"Neel Ayurvedics Paneer Phool | Paneer Dodi | Paneer Doda | Withania Coagulanos"},"content":{"rendered":"","protected":false},"excerpt":{"rendered":"<p>El Paneer Phool, tambi\u00e9n conocido como cuajo indio, es una potente hierba ayurv\u00e9dica conocida por controlar los niveles de az\u00facar en sangre. El Paneer Dodi mejora el metabolismo, restaura la energ\u00eda y favorece la salud del h\u00edgado gracias a sus propiedades hepatoprotectoras. Adem\u00e1s, el Paneer Dodi ayuda a reducir los niveles de colesterol, mejora la cicatrizaci\u00f3n de heridas, purifica la sangre y promueve la salud dental al limpiar los dientes de forma natural.<\/p>\n","protected":false},"featured_media":17983,"comment_status":"open","ping_status":"closed","template":"","meta":[],"product_brand":[],"product_cat":[200,252,250,195],"product_tag":[],"class_list":{"0":"post-8889","1":"product","2":"type-product","3":"status-publish","4":"has-post-thumbnail","6":"product_cat-marca","7":"product_cat-neel-ayurvedics","8":"product_cat-neel-ayurvedics-hierbas-enteras","9":"product_cat-productos-ayurvedicos","11":"first","12":"instock","13":"shipping-taxable","14":"purchasable","15":"product-type-variable"},"_links":{"self":[{"href":"https:\/\/neelayurvedics.es\/index.php?rest_route=\/wp\/v2\/product\/8889","targetHints":{"allow":["GET"]}}],"collection":[{"href":"https:\/\/neelayurvedics.es\/index.php?rest_route=\/wp\/v2\/product"}],"about":[{"href":"https:\/\/neelayurvedics.es\/index.php?rest_route=\/wp\/v2\/types\/product"}],"replies":[{"embeddable":true,"href":"https:\/\/neelayurvedics.es\/index.php?rest_route=%2Fwp%2Fv2%2Fcomments&post=8889"}],"wp:featuredmedia":[{"embeddable":true,"href":"https:\/\/neelayurvedics.es\/index.php?rest_route=\/wp\/v2\/media\/17983"}],"wp:attachment":[{"href":"https:\/\/neelayurvedics.es\/index.php?rest_route=%2Fwp%2Fv2%2Fmedia&parent=8889"}],"wp:term":[{"taxonomy":"product_brand","embeddable":true,"href":"https:\/\/neelayurvedics.es\/index.php?rest_route=%2Fwp%2Fv2%2Fproduct_brand&post=8889"},{"taxonomy":"product_cat","embeddable":true,"href":"https:\/\/neelayurvedics.es\/index.php?rest_route=%2Fwp%2Fv2%2Fproduct_cat&post=8889"},{"taxonomy":"product_tag","embeddable":true,"href":"https:\/\/neelayurvedics.es\/index.php?rest_route=%2Fwp%2Fv2%2Fproduct_tag&post=8889"}],"curies":[{"name":"wp","href":"https:\/\/api.w.org\/{rel}","templated":true}]}}