{"id":8905,"date":"2025-02-07T08:01:11","date_gmt":"2025-02-07T08:01:11","guid":{"rendered":"https:\/\/neelayurvedics.es\/?post_type=product&#038;p=8905"},"modified":"2026-04-13T04:23:22","modified_gmt":"2026-04-13T04:23:22","slug":"neel-ayurvedics-peepramul","status":"publish","type":"product","link":"https:\/\/neelayurvedics.es\/?product=neel-ayurvedics-peepramul","title":{"rendered":"Neel Ayurvedics Peepramul | Ganthoda | Piplamool | Ra\u00edz De Peepal | Pipalmool | Piplamul"},"content":{"rendered":"<p>Peepramul, Ganthoda se usa t\u00edpicamente en forma de polvo con una mezcla igual de jengibre en polvo, az\u00facar moreno y agua para ayudar con problemas g\u00e1stricos y dolores en las articulaciones.<\/p>\n","protected":false},"excerpt":{"rendered":"<p>Peepramul, Ganthoda se usa t\u00edpicamente en forma de polvo con una mezcla igual de jengibre en polvo, az\u00facar moreno y agua para ayudar con problemas g\u00e1stricos y dolores en las articulaciones.<\/p>\n","protected":false},"featured_media":17988,"comment_status":"open","ping_status":"closed","template":"","meta":[],"product_brand":[285],"product_cat":[200,252,250,195],"product_tag":[],"class_list":{"0":"post-8905","1":"product","2":"type-product","3":"status-publish","4":"has-post-thumbnail","6":"product_brand-neel-ayurvedics","7":"product_cat-marca","8":"product_cat-neel-ayurvedics","9":"product_cat-neel-ayurvedics-hierbas-enteras","10":"product_cat-productos-ayurvedicos","12":"first","13":"instock","14":"shipping-taxable","15":"purchasable","16":"product-type-variable"},"_links":{"self":[{"href":"https:\/\/neelayurvedics.es\/index.php?rest_route=\/wp\/v2\/product\/8905","targetHints":{"allow":["GET"]}}],"collection":[{"href":"https:\/\/neelayurvedics.es\/index.php?rest_route=\/wp\/v2\/product"}],"about":[{"href":"https:\/\/neelayurvedics.es\/index.php?rest_route=\/wp\/v2\/types\/product"}],"replies":[{"embeddable":true,"href":"https:\/\/neelayurvedics.es\/index.php?rest_route=%2Fwp%2Fv2%2Fcomments&post=8905"}],"wp:featuredmedia":[{"embeddable":true,"href":"https:\/\/neelayurvedics.es\/index.php?rest_route=\/wp\/v2\/media\/17988"}],"wp:attachment":[{"href":"https:\/\/neelayurvedics.es\/index.php?rest_route=%2Fwp%2Fv2%2Fmedia&parent=8905"}],"wp:term":[{"taxonomy":"product_brand","embeddable":true,"href":"https:\/\/neelayurvedics.es\/index.php?rest_route=%2Fwp%2Fv2%2Fproduct_brand&post=8905"},{"taxonomy":"product_cat","embeddable":true,"href":"https:\/\/neelayurvedics.es\/index.php?rest_route=%2Fwp%2Fv2%2Fproduct_cat&post=8905"},{"taxonomy":"product_tag","embeddable":true,"href":"https:\/\/neelayurvedics.es\/index.php?rest_route=%2Fwp%2Fv2%2Fproduct_tag&post=8905"}],"curies":[{"name":"wp","href":"https:\/\/api.w.org\/{rel}","templated":true}]}}