{"id":8927,"date":"2025-02-07T09:45:45","date_gmt":"2025-02-07T09:45:45","guid":{"rendered":"https:\/\/neelayurvedics.es\/?post_type=product&#038;p=8927"},"modified":"2026-04-10T13:05:48","modified_gmt":"2026-04-10T13:05:48","slug":"neel-ayurvedics-badiyan-de-primera-calidad","status":"publish","type":"product","link":"https:\/\/neelayurvedics.es\/?product=neel-ayurvedics-badiyan-de-primera-calidad","title":{"rendered":"Neel Ayurvedics Badiyan De Primera Calidad"},"content":{"rendered":"<p>Badiyan de primera calidad, flor de an\u00eds y Chakri Phool ayudan a mejorar la digesti\u00f3n, aliviar los calambres y reducir las n\u00e1useas. Badiyan es rico en antioxidantes y vitaminas A y C.<\/p>\n","protected":false},"excerpt":{"rendered":"<p>Badiyan de primera calidad, flor de an\u00eds y Chakri Phool ayudan a mejorar la digesti\u00f3n, aliviar los calambres y reducir las n\u00e1useas. Badiyan es rico en antioxidantes y vitaminas A y C.<\/p>\n","protected":false},"featured_media":17826,"comment_status":"open","ping_status":"closed","template":"","meta":[],"product_brand":[],"product_cat":[200,252,250,195],"product_tag":[],"class_list":{"0":"post-8927","1":"product","2":"type-product","3":"status-publish","4":"has-post-thumbnail","6":"product_cat-marca","7":"product_cat-neel-ayurvedics","8":"product_cat-neel-ayurvedics-hierbas-enteras","9":"product_cat-productos-ayurvedicos","11":"first","12":"instock","13":"shipping-taxable","14":"purchasable","15":"product-type-variable"},"_links":{"self":[{"href":"https:\/\/neelayurvedics.es\/index.php?rest_route=\/wp\/v2\/product\/8927","targetHints":{"allow":["GET"]}}],"collection":[{"href":"https:\/\/neelayurvedics.es\/index.php?rest_route=\/wp\/v2\/product"}],"about":[{"href":"https:\/\/neelayurvedics.es\/index.php?rest_route=\/wp\/v2\/types\/product"}],"replies":[{"embeddable":true,"href":"https:\/\/neelayurvedics.es\/index.php?rest_route=%2Fwp%2Fv2%2Fcomments&post=8927"}],"wp:featuredmedia":[{"embeddable":true,"href":"https:\/\/neelayurvedics.es\/index.php?rest_route=\/wp\/v2\/media\/17826"}],"wp:attachment":[{"href":"https:\/\/neelayurvedics.es\/index.php?rest_route=%2Fwp%2Fv2%2Fmedia&parent=8927"}],"wp:term":[{"taxonomy":"product_brand","embeddable":true,"href":"https:\/\/neelayurvedics.es\/index.php?rest_route=%2Fwp%2Fv2%2Fproduct_brand&post=8927"},{"taxonomy":"product_cat","embeddable":true,"href":"https:\/\/neelayurvedics.es\/index.php?rest_route=%2Fwp%2Fv2%2Fproduct_cat&post=8927"},{"taxonomy":"product_tag","embeddable":true,"href":"https:\/\/neelayurvedics.es\/index.php?rest_route=%2Fwp%2Fv2%2Fproduct_tag&post=8927"}],"curies":[{"name":"wp","href":"https:\/\/api.w.org\/{rel}","templated":true}]}}