{"id":8997,"date":"2025-02-08T11:28:10","date_gmt":"2025-02-08T11:28:10","guid":{"rendered":"https:\/\/neelayurvedics.es\/?post_type=product&#038;p=8997"},"modified":"2026-04-13T04:42:30","modified_gmt":"2026-04-13T04:42:30","slug":"neel-ayurvedics-revanchini-lakdi","status":"publish","type":"product","link":"https:\/\/neelayurvedics.es\/?product=neel-ayurvedics-revanchini-lakdi","title":{"rendered":"Neel Ayurvedics Revanchini Lakdi | Ra\u00edces De Chini Revand | Ra\u00edces De Ruibarbo | Reum Emodi"},"content":{"rendered":"<p>Revanchini Lakdi, Revand Chini Las ra\u00edces se utilizan en el tratamiento del estre\u00f1imiento debido a su acci\u00f3n cat\u00e1rtica, purgante y laxante.<\/p>\n","protected":false},"excerpt":{"rendered":"<p>Revanchini Lakdi, Revand Chini Las ra\u00edces se utilizan en el tratamiento del estre\u00f1imiento debido a su acci\u00f3n cat\u00e1rtica, purgante y laxante.<\/p>\n","protected":false},"featured_media":18007,"comment_status":"open","ping_status":"closed","template":"","meta":[],"product_brand":[],"product_cat":[200,252,250,195],"product_tag":[],"class_list":{"0":"post-8997","1":"product","2":"type-product","3":"status-publish","4":"has-post-thumbnail","6":"product_cat-marca","7":"product_cat-neel-ayurvedics","8":"product_cat-neel-ayurvedics-hierbas-enteras","9":"product_cat-productos-ayurvedicos","11":"first","12":"instock","13":"shipping-taxable","14":"purchasable","15":"product-type-variable"},"_links":{"self":[{"href":"https:\/\/neelayurvedics.es\/index.php?rest_route=\/wp\/v2\/product\/8997","targetHints":{"allow":["GET"]}}],"collection":[{"href":"https:\/\/neelayurvedics.es\/index.php?rest_route=\/wp\/v2\/product"}],"about":[{"href":"https:\/\/neelayurvedics.es\/index.php?rest_route=\/wp\/v2\/types\/product"}],"replies":[{"embeddable":true,"href":"https:\/\/neelayurvedics.es\/index.php?rest_route=%2Fwp%2Fv2%2Fcomments&post=8997"}],"wp:featuredmedia":[{"embeddable":true,"href":"https:\/\/neelayurvedics.es\/index.php?rest_route=\/wp\/v2\/media\/18007"}],"wp:attachment":[{"href":"https:\/\/neelayurvedics.es\/index.php?rest_route=%2Fwp%2Fv2%2Fmedia&parent=8997"}],"wp:term":[{"taxonomy":"product_brand","embeddable":true,"href":"https:\/\/neelayurvedics.es\/index.php?rest_route=%2Fwp%2Fv2%2Fproduct_brand&post=8997"},{"taxonomy":"product_cat","embeddable":true,"href":"https:\/\/neelayurvedics.es\/index.php?rest_route=%2Fwp%2Fv2%2Fproduct_cat&post=8997"},{"taxonomy":"product_tag","embeddable":true,"href":"https:\/\/neelayurvedics.es\/index.php?rest_route=%2Fwp%2Fv2%2Fproduct_tag&post=8997"}],"curies":[{"name":"wp","href":"https:\/\/api.w.org\/{rel}","templated":true}]}}