{"id":9084,"date":"2025-02-10T09:32:51","date_gmt":"2025-02-10T09:32:51","guid":{"rendered":"https:\/\/neelayurvedics.es\/?post_type=product&#038;p=9084"},"modified":"2026-04-13T04:23:15","modified_gmt":"2026-04-13T04:23:15","slug":"neel-ayurvedics-pequeno-elaichi","status":"publish","type":"product","link":"https:\/\/neelayurvedics.es\/?product=neel-ayurvedics-pequeno-elaichi","title":{"rendered":"Neel Ayurvedics Peque\u00f1o Elaichi | Ilaichi Choti | Cardamomo verde | Elettaria Cardamomo"},"content":{"rendered":"<p style=\"font-weight: 400;\">Seg\u00fan el Ayurveda, el uso de Elaichi Small es muy \u00fatil para aliviar la tos debido a sus propiedades calentadoras. Aparte de esto, Elaichi Small es muy \u00fatil para eliminar el exceso de mucosidad del tracto respiratorio y proporciona alivio. Debido a sus propiedades antiinflamatorias, tambi\u00e9n es muy \u00fatil para controlar afecciones inflamatorias como hinchaz\u00f3n, lesiones en los tejidos o artritis.<\/p>\n<p style=\"font-weight: 400;\">Las propiedades diafor\u00e9ticas de Elaichi Small estimulan la digesti\u00f3n y son muy \u00fatiles para mejorar el apetito. Aparte de esto, es muy \u00fatil para controlar los s\u00edntomas del asma y puede ser muy \u00fatil para aliviar los problemas respiratorios. Muchos compuestos presentes en Elaichi Small pueden ser muy \u00fatiles para combatir las c\u00e9lulas cancerosas. Elaichi Small puede tener efectos antibacterianos y, por lo tanto, es muy \u00fatil para tratar infecciones.<\/p>\n<p style=\"font-weight: 400;\"><strong style=\"font-weight: 600 !important;\">DOSIS:<\/strong>\u00a0Se deben consumir de 2 a 3 piezas de Elaichi Small diariamente o seg\u00fan lo indicado en la etiqueta o lo recomendado por su m\u00e9dico.<\/p>\n","protected":false},"excerpt":{"rendered":"<p>Seg\u00fan el Ayurveda, el uso de Elaichi Small es muy \u00fatil para aliviar la tos debido a sus propiedades calentadoras. Aparte de esto, Elaichi Small es muy \u00fatil para eliminar el exceso de mucosidad del tracto respiratorio y proporciona alivio. Debido a sus propiedades antiinflamatorias, tambi\u00e9n es muy \u00fatil para controlar afecciones inflamatorias como hinchaz\u00f3n, [&hellip;]<\/p>\n","protected":false},"featured_media":17991,"comment_status":"open","ping_status":"closed","template":"","meta":[],"product_brand":[285],"product_cat":[200,252,250,195],"product_tag":[],"class_list":{"0":"post-9084","1":"product","2":"type-product","3":"status-publish","4":"has-post-thumbnail","6":"product_brand-neel-ayurvedics","7":"product_cat-marca","8":"product_cat-neel-ayurvedics","9":"product_cat-neel-ayurvedics-hierbas-enteras","10":"product_cat-productos-ayurvedicos","12":"first","13":"instock","14":"shipping-taxable","15":"purchasable","16":"product-type-variable"},"_links":{"self":[{"href":"https:\/\/neelayurvedics.es\/index.php?rest_route=\/wp\/v2\/product\/9084","targetHints":{"allow":["GET"]}}],"collection":[{"href":"https:\/\/neelayurvedics.es\/index.php?rest_route=\/wp\/v2\/product"}],"about":[{"href":"https:\/\/neelayurvedics.es\/index.php?rest_route=\/wp\/v2\/types\/product"}],"replies":[{"embeddable":true,"href":"https:\/\/neelayurvedics.es\/index.php?rest_route=%2Fwp%2Fv2%2Fcomments&post=9084"}],"wp:featuredmedia":[{"embeddable":true,"href":"https:\/\/neelayurvedics.es\/index.php?rest_route=\/wp\/v2\/media\/17991"}],"wp:attachment":[{"href":"https:\/\/neelayurvedics.es\/index.php?rest_route=%2Fwp%2Fv2%2Fmedia&parent=9084"}],"wp:term":[{"taxonomy":"product_brand","embeddable":true,"href":"https:\/\/neelayurvedics.es\/index.php?rest_route=%2Fwp%2Fv2%2Fproduct_brand&post=9084"},{"taxonomy":"product_cat","embeddable":true,"href":"https:\/\/neelayurvedics.es\/index.php?rest_route=%2Fwp%2Fv2%2Fproduct_cat&post=9084"},{"taxonomy":"product_tag","embeddable":true,"href":"https:\/\/neelayurvedics.es\/index.php?rest_route=%2Fwp%2Fv2%2Fproduct_tag&post=9084"}],"curies":[{"name":"wp","href":"https:\/\/api.w.org\/{rel}","templated":true}]}}