{"id":9117,"date":"2025-02-10T12:12:06","date_gmt":"2025-02-10T12:12:06","guid":{"rendered":"https:\/\/neelayurvedics.es\/?post_type=product&#038;p=9117"},"modified":"2026-04-10T12:43:46","modified_gmt":"2026-04-10T12:43:46","slug":"neel-ayurvedics-azucar-badam-kadwa","status":"publish","type":"product","link":"https:\/\/neelayurvedics.es\/?product=neel-ayurvedics-azucar-badam-kadwa","title":{"rendered":"Neel Ayurvedics Az\u00facar Badam Kadwa | Kadvi Badam | Diabetes Badam | Almendra Diabetes | Fruta De l Cielo | Almendra Amarga"},"content":{"rendered":"<p>Sugar Badam Kadwa, Almendras para la diabetes, Kadvi Badam, Diabetes Badam ayuda a controlar los niveles de glucosa y reduce el riesgo de enfermedades cardiovasculares en personas con diabetes tipo 2. Tambi\u00e9n es rico en vitamina E y magnesio, que promueve la salud de los huesos, la presi\u00f3n arterial normal y el buen funcionamiento de los m\u00fasculos y los nervios.<\/p>\n","protected":false},"excerpt":{"rendered":"<p>Sugar Badam Kadwa, Almendras para la diabetes, Kadvi Badam, Diabetes Badam ayuda a controlar los niveles de glucosa y reduce el riesgo de enfermedades cardiovasculares en personas con diabetes tipo 2. Tambi\u00e9n es rico en vitamina E y magnesio, que promueve la salud de los huesos, la presi\u00f3n arterial normal y el buen funcionamiento de [&hellip;]<\/p>\n","protected":false},"featured_media":17812,"comment_status":"open","ping_status":"closed","template":"","meta":[],"product_brand":[285],"product_cat":[200,252,250,195],"product_tag":[],"class_list":{"0":"post-9117","1":"product","2":"type-product","3":"status-publish","4":"has-post-thumbnail","6":"product_brand-neel-ayurvedics","7":"product_cat-marca","8":"product_cat-neel-ayurvedics","9":"product_cat-neel-ayurvedics-hierbas-enteras","10":"product_cat-productos-ayurvedicos","12":"first","13":"instock","14":"shipping-taxable","15":"purchasable","16":"product-type-variable"},"_links":{"self":[{"href":"https:\/\/neelayurvedics.es\/index.php?rest_route=\/wp\/v2\/product\/9117","targetHints":{"allow":["GET"]}}],"collection":[{"href":"https:\/\/neelayurvedics.es\/index.php?rest_route=\/wp\/v2\/product"}],"about":[{"href":"https:\/\/neelayurvedics.es\/index.php?rest_route=\/wp\/v2\/types\/product"}],"replies":[{"embeddable":true,"href":"https:\/\/neelayurvedics.es\/index.php?rest_route=%2Fwp%2Fv2%2Fcomments&post=9117"}],"wp:featuredmedia":[{"embeddable":true,"href":"https:\/\/neelayurvedics.es\/index.php?rest_route=\/wp\/v2\/media\/17812"}],"wp:attachment":[{"href":"https:\/\/neelayurvedics.es\/index.php?rest_route=%2Fwp%2Fv2%2Fmedia&parent=9117"}],"wp:term":[{"taxonomy":"product_brand","embeddable":true,"href":"https:\/\/neelayurvedics.es\/index.php?rest_route=%2Fwp%2Fv2%2Fproduct_brand&post=9117"},{"taxonomy":"product_cat","embeddable":true,"href":"https:\/\/neelayurvedics.es\/index.php?rest_route=%2Fwp%2Fv2%2Fproduct_cat&post=9117"},{"taxonomy":"product_tag","embeddable":true,"href":"https:\/\/neelayurvedics.es\/index.php?rest_route=%2Fwp%2Fv2%2Fproduct_tag&post=9117"}],"curies":[{"name":"wp","href":"https:\/\/api.w.org\/{rel}","templated":true}]}}