{"id":9127,"date":"2025-02-10T12:24:02","date_gmt":"2025-02-10T12:24:02","guid":{"rendered":"https:\/\/neelayurvedics.es\/?post_type=product&#038;p=9127"},"modified":"2026-04-13T05:12:03","modified_gmt":"2026-04-13T05:12:03","slug":"neel-ayurvedics-surajmukhi-beej","status":"publish","type":"product","link":"https:\/\/neelayurvedics.es\/?product=neel-ayurvedics-surajmukhi-beej","title":{"rendered":"Neel Ayurvedics Surajmukhi Beej | Semillas De Girasol | Helianthus Annuus"},"content":{"rendered":"<p>Surajmukhi Beej viene en 100 g, 250 g, 500 g, 1 kg. Las semillas de girasol pueden ayudar a reducir la presi\u00f3n arterial, el colesterol y el az\u00facar en sangre, ya que contienen vitamina E, magnesio y prote\u00ednas.<\/p>\n","protected":false},"excerpt":{"rendered":"<p>Surajmukhi Beej viene en 100 g, 250 g, 500 g, 1 kg. Las semillas de girasol pueden ayudar a reducir la presi\u00f3n arterial, el colesterol y el az\u00facar en sangre, ya que contienen vitamina E, magnesio y prote\u00ednas.<\/p>\n","protected":false},"featured_media":18040,"comment_status":"open","ping_status":"closed","template":"","meta":[],"product_brand":[],"product_cat":[200,252,250,195],"product_tag":[],"class_list":{"0":"post-9127","1":"product","2":"type-product","3":"status-publish","4":"has-post-thumbnail","6":"product_cat-marca","7":"product_cat-neel-ayurvedics","8":"product_cat-neel-ayurvedics-hierbas-enteras","9":"product_cat-productos-ayurvedicos","11":"first","12":"instock","13":"shipping-taxable","14":"purchasable","15":"product-type-variable"},"_links":{"self":[{"href":"https:\/\/neelayurvedics.es\/index.php?rest_route=\/wp\/v2\/product\/9127","targetHints":{"allow":["GET"]}}],"collection":[{"href":"https:\/\/neelayurvedics.es\/index.php?rest_route=\/wp\/v2\/product"}],"about":[{"href":"https:\/\/neelayurvedics.es\/index.php?rest_route=\/wp\/v2\/types\/product"}],"replies":[{"embeddable":true,"href":"https:\/\/neelayurvedics.es\/index.php?rest_route=%2Fwp%2Fv2%2Fcomments&post=9127"}],"wp:featuredmedia":[{"embeddable":true,"href":"https:\/\/neelayurvedics.es\/index.php?rest_route=\/wp\/v2\/media\/18040"}],"wp:attachment":[{"href":"https:\/\/neelayurvedics.es\/index.php?rest_route=%2Fwp%2Fv2%2Fmedia&parent=9127"}],"wp:term":[{"taxonomy":"product_brand","embeddable":true,"href":"https:\/\/neelayurvedics.es\/index.php?rest_route=%2Fwp%2Fv2%2Fproduct_brand&post=9127"},{"taxonomy":"product_cat","embeddable":true,"href":"https:\/\/neelayurvedics.es\/index.php?rest_route=%2Fwp%2Fv2%2Fproduct_cat&post=9127"},{"taxonomy":"product_tag","embeddable":true,"href":"https:\/\/neelayurvedics.es\/index.php?rest_route=%2Fwp%2Fv2%2Fproduct_tag&post=9127"}],"curies":[{"name":"wp","href":"https:\/\/api.w.org\/{rel}","templated":true}]}}