{"id":9145,"date":"2025-02-11T06:29:15","date_gmt":"2025-02-11T06:29:15","guid":{"rendered":"https:\/\/neelayurvedics.es\/?post_type=product&#038;p=9145"},"modified":"2026-04-13T05:14:17","modified_gmt":"2026-04-13T05:14:17","slug":"neel-ayurvedics-taj-2","status":"publish","type":"product","link":"https:\/\/neelayurvedics.es\/?product=neel-ayurvedics-taj-2","title":{"rendered":"Neel Ayurvedics Taj | Cinnamomum Zeylanicum : lo Mejor Para Regular El Az\u00facar En Angre"},"content":{"rendered":"<div id=\"nasa-single-product-tabs\" class=\"product-details\">\n<div class=\"nasa-tabs-content woocommerce-tabs\">\n<div class=\"nasa-panels nasa-desc-wrap\">\n<div id=\"nasa-tab-description\" class=\"nasa-panel nasa-content-description active\">\n<div class=\"row\">\n<div class=\"large-12 columns nasa-content-panel\">\n<p>Otro nombre :<\/p>\n<p>Taj, Dalchini, Canela, Daalcheeni, Canela en rama, Cinnamomum verum<\/p>\n<h3>Beneficios para la salud:<\/h3>\n<ol>\n<li>Potente antioxidante: Taj es rico en antioxidantes que combaten el estr\u00e9s oxidativo y favorecen el bienestar general.<\/li>\n<li>Antiinflamatorio: Posee propiedades antiinflamatorias, ayudando a reducir la inflamaci\u00f3n en el cuerpo.<\/li>\n<li>Regulaci\u00f3n del az\u00facar en sangre: se sabe que ayuda a regular los niveles de az\u00facar en sangre y a mejorar la sensibilidad a la insulina.<\/li>\n<li>Acci\u00f3n antimicrobiana: exhibe propiedades antimicrobianas que pueden ayudar a combatir infecciones y favorecer la salud bucal.<\/li>\n<\/ol>\n<h3>Propiedades clave:<\/h3>\n<ul>\n<li>Rasa (Sabor): Dulce, picante.<\/li>\n<li>Guna (Calidad): Ligero, seco<\/li>\n<li>Virya (Potencia): Calentamiento<\/li>\n<li>Vipaka (sabor post-digestivo): Dulce<\/li>\n<\/ul>\n<h3>Usos comunes:<\/h3>\n<p>Especia culinaria: ampliamente utilizada como saborizante.<\/p>\n<p>Realzador de sabores en diversas cocinas, a\u00f1adiendo profundidad y calidez a los platos.<\/p>\n<p>T\u00e9 de hierbas: preparado en forma de t\u00e9, Taj<\/p>\n<p>ofrece una bebida reconfortante y arom\u00e1tica con potenciales beneficios para la salud.<\/p>\n<p>Ayuda digestiva: favorece la digesti\u00f3n y alivia las molestias digestivas cuando se consume con moderaci\u00f3n.<\/p>\n<p>Aplicaciones t\u00f3picas: A veces se utiliza t\u00f3picamente en forma de aceite o polvo por sus propiedades de calentamiento.<\/p>\n<p>Contenido de cumarina: La canela Cassia contiene niveles m\u00e1s altos de cumarina, que en<\/p>\n<h3>Precauciones:<\/h3>\n<p>Grandes cantidades pueden ser perjudiciales.<\/p>\n<p>Interacciones con medicamentos: consulte a un proveedor de atenci\u00f3n m\u00e9dica, especialmente si toma medicamentos que puedan interactuar con la canela.<\/p>\n<\/div>\n<\/div>\n<\/div>\n<\/div>\n<\/div>\n<\/div>\n","protected":false},"excerpt":{"rendered":"<p>La canela de Neel Ayurvedics, derivada de la corteza del \u00e1rbol Cinnamomum, es una especia preciada reconocida por su sabor distintivo y sus propiedades medicinales.<\/p>\n<p>Adoptado en distintas culturas durante siglos, el Taj ocupa un lugar importante en la medicina tradicional y alternativa.<\/p>\n","protected":false},"featured_media":18043,"comment_status":"open","ping_status":"closed","template":"","meta":[],"product_brand":[],"product_cat":[200,252,250,195],"product_tag":[],"class_list":{"0":"post-9145","1":"product","2":"type-product","3":"status-publish","4":"has-post-thumbnail","6":"product_cat-marca","7":"product_cat-neel-ayurvedics","8":"product_cat-neel-ayurvedics-hierbas-enteras","9":"product_cat-productos-ayurvedicos","11":"first","12":"instock","13":"shipping-taxable","14":"purchasable","15":"product-type-variable"},"_links":{"self":[{"href":"https:\/\/neelayurvedics.es\/index.php?rest_route=\/wp\/v2\/product\/9145","targetHints":{"allow":["GET"]}}],"collection":[{"href":"https:\/\/neelayurvedics.es\/index.php?rest_route=\/wp\/v2\/product"}],"about":[{"href":"https:\/\/neelayurvedics.es\/index.php?rest_route=\/wp\/v2\/types\/product"}],"replies":[{"embeddable":true,"href":"https:\/\/neelayurvedics.es\/index.php?rest_route=%2Fwp%2Fv2%2Fcomments&post=9145"}],"wp:featuredmedia":[{"embeddable":true,"href":"https:\/\/neelayurvedics.es\/index.php?rest_route=\/wp\/v2\/media\/18043"}],"wp:attachment":[{"href":"https:\/\/neelayurvedics.es\/index.php?rest_route=%2Fwp%2Fv2%2Fmedia&parent=9145"}],"wp:term":[{"taxonomy":"product_brand","embeddable":true,"href":"https:\/\/neelayurvedics.es\/index.php?rest_route=%2Fwp%2Fv2%2Fproduct_brand&post=9145"},{"taxonomy":"product_cat","embeddable":true,"href":"https:\/\/neelayurvedics.es\/index.php?rest_route=%2Fwp%2Fv2%2Fproduct_cat&post=9145"},{"taxonomy":"product_tag","embeddable":true,"href":"https:\/\/neelayurvedics.es\/index.php?rest_route=%2Fwp%2Fv2%2Fproduct_tag&post=9145"}],"curies":[{"name":"wp","href":"https:\/\/api.w.org\/{rel}","templated":true}]}}