{"id":9189,"date":"2025-02-21T10:39:38","date_gmt":"2025-02-21T10:39:38","guid":{"rendered":"https:\/\/neelayurvedics.es\/?post_type=product&#038;p=9189"},"modified":"2026-04-13T05:32:18","modified_gmt":"2026-04-13T05:32:18","slug":"neel-ayurvedics-vakumba","status":"publish","type":"product","link":"https:\/\/neelayurvedics.es\/?product=neel-ayurvedics-vakumba","title":{"rendered":"Neel Ayurvedics Vakumba | Kumbhi | Bah\u00eda Khumba | Baikhumba | Baikumba | Careya Arb\u00f3rea"},"content":{"rendered":"<p>Vakumba, Kumbhi es amargo y limpia la sangre y el h\u00edgado y tambi\u00e9n ayuda a encender el agni.<\/p>\n","protected":false},"excerpt":{"rendered":"<p>Vakumba, Kumbhi es amargo y limpia la sangre y el h\u00edgado y tambi\u00e9n ayuda a encender el agni.<\/p>\n","protected":false},"featured_media":18053,"comment_status":"open","ping_status":"closed","template":"","meta":[],"product_brand":[],"product_cat":[200,252,250,195],"product_tag":[],"class_list":{"0":"post-9189","1":"product","2":"type-product","3":"status-publish","4":"has-post-thumbnail","6":"product_cat-marca","7":"product_cat-neel-ayurvedics","8":"product_cat-neel-ayurvedics-hierbas-enteras","9":"product_cat-productos-ayurvedicos","11":"first","12":"instock","13":"shipping-taxable","14":"purchasable","15":"product-type-variable"},"_links":{"self":[{"href":"https:\/\/neelayurvedics.es\/index.php?rest_route=\/wp\/v2\/product\/9189","targetHints":{"allow":["GET"]}}],"collection":[{"href":"https:\/\/neelayurvedics.es\/index.php?rest_route=\/wp\/v2\/product"}],"about":[{"href":"https:\/\/neelayurvedics.es\/index.php?rest_route=\/wp\/v2\/types\/product"}],"replies":[{"embeddable":true,"href":"https:\/\/neelayurvedics.es\/index.php?rest_route=%2Fwp%2Fv2%2Fcomments&post=9189"}],"wp:featuredmedia":[{"embeddable":true,"href":"https:\/\/neelayurvedics.es\/index.php?rest_route=\/wp\/v2\/media\/18053"}],"wp:attachment":[{"href":"https:\/\/neelayurvedics.es\/index.php?rest_route=%2Fwp%2Fv2%2Fmedia&parent=9189"}],"wp:term":[{"taxonomy":"product_brand","embeddable":true,"href":"https:\/\/neelayurvedics.es\/index.php?rest_route=%2Fwp%2Fv2%2Fproduct_brand&post=9189"},{"taxonomy":"product_cat","embeddable":true,"href":"https:\/\/neelayurvedics.es\/index.php?rest_route=%2Fwp%2Fv2%2Fproduct_cat&post=9189"},{"taxonomy":"product_tag","embeddable":true,"href":"https:\/\/neelayurvedics.es\/index.php?rest_route=%2Fwp%2Fv2%2Fproduct_tag&post=9189"}],"curies":[{"name":"wp","href":"https:\/\/api.w.org\/{rel}","templated":true}]}}