{"id":9385,"date":"2025-03-10T05:18:09","date_gmt":"2025-03-10T05:18:09","guid":{"rendered":"https:\/\/neelayurvedics.es\/?post_type=product&#038;p=9385"},"modified":"2025-12-02T09:29:58","modified_gmt":"2025-12-02T09:29:58","slug":"neel-ayurvedics-te-slimfit-de-50-gm","status":"publish","type":"product","link":"https:\/\/neelayurvedics.es\/?product=neel-ayurvedics-te-slimfit-de-50-gm","title":{"rendered":"Neel Ayurvedics T\u00e9 Slimfit de &#8211; 50 GM"},"content":{"rendered":"<p data-start=\"0\" data-end=\"451\">\u00bfEst\u00e1 buscando lograr un cuerpo m\u00e1s delgado y en forma? El t\u00e9 Slimfit de Neel Ayurvedics es la soluci\u00f3n perfecta para sus necesidades de control de peso. Cuidadosamente elaborado para promover una vida m\u00e1s saludable, este t\u00e9 Slim es una forma natural y efectiva de apoyar su proceso de p\u00e9rdida de peso sin efectos secundarios nocivos. Despu\u00e9s de una extensa investigaci\u00f3n y pruebas, hemos seleccionado una mezcla de potentes hierbas, cada una conocida por sus beneficios para la salud y propiedades adelgazantes, para crear este incre\u00edble t\u00e9.<\/p>\n<p data-start=\"453\" data-end=\"787\">Nuestro Slim Tea combina una rica selecci\u00f3n de ingredientes, entre los que se incluyen t\u00e9 oolong, t\u00e9 verde, menta, canela, regaliz, rooibos, tulsi, jengibre, jazm\u00edn, moringa, gymnema sylvestre, c\u00farcuma, ashwagandha, hinojo, limoncillo, pipli y cardamomo. Estas hierbas y especias act\u00faan en sinergia para favorecer la p\u00e9rdida de peso y mejorar la salud en general.<\/p>\n<p data-start=\"789\" data-end=\"1750\">El t\u00e9 oolong, repleto de antioxidantes, es conocido por estimular el metabolismo y ayudar a quemar calor\u00edas, al mismo tiempo que mantiene niveles saludables de az\u00facar en sangre para reducir los antojos. Este t\u00e9 sin calor\u00edas es una gran incorporaci\u00f3n a cualquier rutina de p\u00e9rdida de peso. El t\u00e9 verde, otro ingrediente clave, se ha utilizado durante siglos por sus propiedades quemagrasas. Rico en antioxidantes, el t\u00e9 verde puede estimular la p\u00e9rdida de grasa y mejorar la salud general. La canela es otro gran aliado, ya que ayuda a reducir los efectos negativos de los alimentos ricos en grasas y equilibra los niveles de az\u00facar en sangre, lo que a su vez favorece la p\u00e9rdida de peso. El jengibre, con sus propiedades termog\u00e9nicas y diur\u00e9ticas, estimula el metabolismo y anima al cuerpo a utilizar m\u00e1s energ\u00eda, lo que ayuda a eliminar el exceso de grasa. Tambi\u00e9n es rico en antioxidantes y beneficios antiinflamatorios, lo que contribuye a la salud general. La hierba de lim\u00f3n, conocida por su capacidad para reducir la ansiedad, reducir el colesterol y prevenir infecciones, a\u00f1ade una capa adicional de beneficios para la salud a este t\u00e9.<\/p>\n<p data-start=\"1752\" data-end=\"2155\">La combinaci\u00f3n de estas hierbas, junto con una dieta saludable y ejercicio, puede ayudarle a lograr un cuerpo m\u00e1s delgado y saludable. El t\u00e9 Slimfit de Neel Ayurvedics no solo ayuda a controlar el peso, sino que tambi\u00e9n proporciona un sabor distintivo y delicioso que encantar\u00e1 incluso a los paladares m\u00e1s exigentes. Para obtener resultados \u00f3ptimos, recomendamos reemplazar su t\u00e9 o caf\u00e9 habitual por Slim Tea para obtener una alternativa m\u00e1s saludable y efectiva.<\/p>\n<p data-start=\"2157\" data-end=\"2632\" data-is-last-node=\"\" data-is-only-node=\"\">En Neel Ayurvedics, nos comprometemos a ofrecer solo los mejores t\u00e9s de hierbas, elaborados con ingredientes naturales y seguros provenientes de las regiones m\u00e1s puras de la India. Garantizamos controles de calidad rigurosos, para que recibas solo lo mejor, sin conservantes ni productos qu\u00edmicos a\u00f1adidos. Nuestro Slim Tea se elabora artesanalmente en lotes peque\u00f1os para garantizar una calidad y una frescura superiores. Seguro, sabroso y eficaz, el Slimfit Tea de Neel Ayurvedics es el complemento perfecto para tu rutina de salud y bienestar.<\/p>\n<p data-start=\"2157\" data-end=\"2632\" data-is-last-node=\"\" data-is-only-node=\"\"><strong>Ingredientes:<\/strong>\u00a0\u00a0T\u00e9 Oolong, T\u00e9 Verde, Menta, Canela, Regaliz, Rooibos, Tulsi, Jengibre, Jazm\u00edn, Moringa, Gymnema Sylvester, C\u00farcuma, Ashwagandha, Hinojo, Limoncillo, Pipli y Cardamomo.<\/p>\n<p data-start=\"2157\" data-end=\"2632\" data-is-last-node=\"\" data-is-only-node=\"\"><strong>Beneficios :<\/strong><\/p>\n<ul>\n<li>Ayuda a perder peso y a mantener la energ\u00eda durante todo el d\u00eda.<\/li>\n<\/ul>\n","protected":false},"excerpt":{"rendered":"<p><strong data-start=\"0\" data-end=\"31\" data-is-only-node=\"\">El t\u00e9 Slimfit de Neel Ayurvedics<\/strong>\u00a0es una refrescante mezcla de hierbas que favorece el control del peso saludable. Con ingredientes como t\u00e9 verde, Garcinia Cambogia, jengibre y limoncillo, este t\u00e9 ayuda a estimular el metabolismo, reducir los antojos y promover la quema de grasas para que est\u00e9s m\u00e1s delgado y con m\u00e1s energ\u00eda. B\u00e9belo a diario para ayudar a perder peso de forma natural.<\/p>\n","protected":false},"featured_media":17370,"comment_status":"open","ping_status":"closed","template":"","meta":[],"product_brand":[],"product_cat":[200,252,273,195,16],"product_tag":[],"class_list":{"0":"post-9385","1":"product","2":"type-product","3":"status-publish","4":"has-post-thumbnail","6":"product_cat-marca","7":"product_cat-neel-ayurvedics","8":"product_cat-neel-ayurvedics-te-de-bienestar","9":"product_cat-productos-ayurvedicos","10":"product_cat-uncategorized","12":"first","13":"instock","14":"shipping-taxable","15":"purchasable","16":"product-type-simple"},"_links":{"self":[{"href":"https:\/\/neelayurvedics.es\/index.php?rest_route=\/wp\/v2\/product\/9385","targetHints":{"allow":["GET"]}}],"collection":[{"href":"https:\/\/neelayurvedics.es\/index.php?rest_route=\/wp\/v2\/product"}],"about":[{"href":"https:\/\/neelayurvedics.es\/index.php?rest_route=\/wp\/v2\/types\/product"}],"replies":[{"embeddable":true,"href":"https:\/\/neelayurvedics.es\/index.php?rest_route=%2Fwp%2Fv2%2Fcomments&post=9385"}],"wp:featuredmedia":[{"embeddable":true,"href":"https:\/\/neelayurvedics.es\/index.php?rest_route=\/wp\/v2\/media\/17370"}],"wp:attachment":[{"href":"https:\/\/neelayurvedics.es\/index.php?rest_route=%2Fwp%2Fv2%2Fmedia&parent=9385"}],"wp:term":[{"taxonomy":"product_brand","embeddable":true,"href":"https:\/\/neelayurvedics.es\/index.php?rest_route=%2Fwp%2Fv2%2Fproduct_brand&post=9385"},{"taxonomy":"product_cat","embeddable":true,"href":"https:\/\/neelayurvedics.es\/index.php?rest_route=%2Fwp%2Fv2%2Fproduct_cat&post=9385"},{"taxonomy":"product_tag","embeddable":true,"href":"https:\/\/neelayurvedics.es\/index.php?rest_route=%2Fwp%2Fv2%2Fproduct_tag&post=9385"}],"curies":[{"name":"wp","href":"https:\/\/api.w.org\/{rel}","templated":true}]}}