{"id":9387,"date":"2025-03-10T05:18:55","date_gmt":"2025-03-10T05:18:55","guid":{"rendered":"https:\/\/neelayurvedics.es\/?post_type=product&#038;p=9387"},"modified":"2025-12-02T09:29:21","modified_gmt":"2025-12-02T09:29:21","slug":"neel-ayurvedics-woman-pcod-tea-50-gm","status":"publish","type":"product","link":"https:\/\/neelayurvedics.es\/?product=neel-ayurvedics-woman-pcod-tea-50-gm","title":{"rendered":"Neel Ayurvedics Woman PCOD Tea \u2013 50 GM"},"content":{"rendered":"<p data-start=\"0\" data-end=\"418\">Para muchas mujeres, la enfermedad de ovario poliqu\u00edstico (SOP) puede ser dif\u00edcil de controlar. Los s\u00edntomas comunes de la SOP incluyen aumento de peso, acn\u00e9, crecimiento excesivo de vello, sangrado menstrual abundante, ausencia o falta de menstruaci\u00f3n y menstruaci\u00f3n irregular. En Neel Ayurvedics, comprendemos los desaf\u00edos que conlleva la SOP y hemos formulado nuestro t\u00e9 para mujeres con SOP para ayudar a aliviar los s\u00edntomas y promover la salud y el bienestar general.<\/p>\n<p data-start=\"420\" data-end=\"828\">Nuestro t\u00e9 para el s\u00edndrome de ovario poliqu\u00edstico para mujeres, especialmente elaborado, contiene una combinaci\u00f3n \u00fanica de potentes hierbas, entre ellas manzanilla, ortiga, moringa, amla, canela, jengibre, shatavari, hinojo, menta, apio, shankhpushpi, punarvana, manjishta, cardamomo, fenogreco, c\u00farcuma y comino. Estos ingredientes han sido cuidadosamente seleccionados por su capacidad para ayudar al cuerpo a controlar el s\u00edndrome de ovario poliqu\u00edstico y ayudar a promover una vida m\u00e1s sana y equilibrada.<\/p>\n<p data-start=\"830\" data-end=\"1141\">La manzanilla es conocida por su capacidad para reducir los niveles de testosterona en mujeres con s\u00edndrome de ovario poliqu\u00edstico, lo que ayuda a tratar s\u00edntomas como el crecimiento excesivo de vello y el acn\u00e9. La manzanilla tambi\u00e9n ofrece otros beneficios, como aliviar los dolores menstruales, reducir los niveles de az\u00facar en sangre, reducir la inflamaci\u00f3n y fomentar una piel m\u00e1s sana.<\/p>\n<p data-start=\"1143\" data-end=\"1439\">La ortiga, una hierba antiinflamatoria, tambi\u00e9n act\u00faa para reducir los niveles de testosterona, lo que ayuda a las mujeres con SOP a controlar sus s\u00edntomas de manera m\u00e1s eficaz. La moringa, tambi\u00e9n conocida como el \u201c\u00e1rbol milagroso\u201d, ayuda a reducir los niveles de insulina en sangre, lo que puede aliviar la resistencia a la insulina que se asocia com\u00fanmente con el SOP.<\/p>\n<p data-start=\"1441\" data-end=\"1851\">La amla, rica en antioxidantes y vitamina C, es un limpiador natural que ayuda al cuerpo a mantener un peso ideal. La canela ayuda a estabilizar los niveles de az\u00facar en sangre y a reducir la resistencia a la insulina, sin a\u00f1adir calor\u00edas adicionales, lo que la convierte en un ingrediente ideal para el control del peso. El jengibre, otra hierba clave, ayuda a reducir los niveles de testosterona e insulina, lo que ofrece un apoyo adicional para las mujeres que controlan el s\u00edndrome de ovario poliqu\u00edstico.<\/p>\n<p data-start=\"1853\" data-end=\"2126\">El t\u00e9 para el s\u00edndrome de ovario poliqu\u00edstico para mujeres de Neel Ayurvedics combina estas potentes hierbas para ayudar a equilibrar las hormonas, aliviar los s\u00edntomas y mejorar el bienestar general. El consumo regular de este t\u00e9, como parte de un estilo de vida saludable, puede ayudar a las mujeres a controlar el s\u00edndrome de ovario poliqu\u00edstico de manera m\u00e1s eficaz y sentirse mejor cada d\u00eda.<\/p>\n<p data-start=\"2128\" data-end=\"2458\" data-is-last-node=\"\" data-is-only-node=\"\">Elaborado con los mejores ingredientes naturales y sin conservantes ni productos qu\u00edmicos nocivos, nuestro t\u00e9 para el s\u00edndrome de ovario poliqu\u00edstico para mujeres se elabora con cuidado para garantizar la m\u00e1xima calidad. Disfrute de una taza o dos al d\u00eda para reforzar su salud y facilitar el manejo del s\u00edndrome de ovario poliqu\u00edstico. Con Neel Ayurvedics, puede confiar en que est\u00e1 eligiendo un bienestar natural y eficaz.<\/p>\n<p data-start=\"2128\" data-end=\"2458\" data-is-last-node=\"\" data-is-only-node=\"\"><strong>Ingredientes :<\/strong><\/p>\n<p>Manzanilla, Ortiga, Moringa, Amla, Canela, Jengibre, Shatavari, Hinojo, Menta, Apio, Shankhpuspi, Punarnava, Manjishtha, Cardamomo, Alholva, C\u00farcuma y Comino.<\/p>\n<p><strong>Beneficios :<\/strong><\/p>\n<ul>\n<li>Ayuda a las mujeres que sufren s\u00edntomas de SOP.<\/li>\n<\/ul>\n","protected":false},"excerpt":{"rendered":"<p><strong data-start=\"0\" data-end=\"34\" data-is-only-node=\"\">El t\u00e9 para el s\u00edndrome de ovario poliqu\u00edstico de Neel Ayurvedics<\/strong>\u00a0es una mezcla de hierbas especialmente formulada para favorecer el equilibrio hormonal y controlar los s\u00edntomas del s\u00edndrome de ovario poliqu\u00edstico. Con ingredientes como el fenogreco, la canela, el jengibre y la c\u00farcuma, este t\u00e9 ayuda a regular los ciclos menstruales, reducir la inflamaci\u00f3n y promover la salud reproductiva en general. B\u00e9balo a diario para obtener apoyo y bienestar naturales.<\/p>\n","protected":false},"featured_media":17369,"comment_status":"open","ping_status":"closed","template":"","meta":[],"product_brand":[],"product_cat":[200,252,273,195,16],"product_tag":[],"class_list":{"0":"post-9387","1":"product","2":"type-product","3":"status-publish","4":"has-post-thumbnail","6":"product_cat-marca","7":"product_cat-neel-ayurvedics","8":"product_cat-neel-ayurvedics-te-de-bienestar","9":"product_cat-productos-ayurvedicos","10":"product_cat-uncategorized","12":"first","13":"instock","14":"shipping-taxable","15":"purchasable","16":"product-type-simple"},"_links":{"self":[{"href":"https:\/\/neelayurvedics.es\/index.php?rest_route=\/wp\/v2\/product\/9387","targetHints":{"allow":["GET"]}}],"collection":[{"href":"https:\/\/neelayurvedics.es\/index.php?rest_route=\/wp\/v2\/product"}],"about":[{"href":"https:\/\/neelayurvedics.es\/index.php?rest_route=\/wp\/v2\/types\/product"}],"replies":[{"embeddable":true,"href":"https:\/\/neelayurvedics.es\/index.php?rest_route=%2Fwp%2Fv2%2Fcomments&post=9387"}],"wp:featuredmedia":[{"embeddable":true,"href":"https:\/\/neelayurvedics.es\/index.php?rest_route=\/wp\/v2\/media\/17369"}],"wp:attachment":[{"href":"https:\/\/neelayurvedics.es\/index.php?rest_route=%2Fwp%2Fv2%2Fmedia&parent=9387"}],"wp:term":[{"taxonomy":"product_brand","embeddable":true,"href":"https:\/\/neelayurvedics.es\/index.php?rest_route=%2Fwp%2Fv2%2Fproduct_brand&post=9387"},{"taxonomy":"product_cat","embeddable":true,"href":"https:\/\/neelayurvedics.es\/index.php?rest_route=%2Fwp%2Fv2%2Fproduct_cat&post=9387"},{"taxonomy":"product_tag","embeddable":true,"href":"https:\/\/neelayurvedics.es\/index.php?rest_route=%2Fwp%2Fv2%2Fproduct_tag&post=9387"}],"curies":[{"name":"wp","href":"https:\/\/api.w.org\/{rel}","templated":true}]}}