{"id":9717,"date":"2025-03-22T10:28:40","date_gmt":"2025-03-22T10:28:40","guid":{"rendered":"https:\/\/neelayurvedics.es\/?post_type=product&#038;p=9717"},"modified":"2025-03-22T10:28:40","modified_gmt":"2025-03-22T10:28:40","slug":"kottakkal-arya-vaidya-sala-glysikot-granule-150-gm","status":"publish","type":"product","link":"https:\/\/neelayurvedics.es\/?product=kottakkal-arya-vaidya-sala-glysikot-granule-150-gm","title":{"rendered":"Kottakkal Arya Vaidya Sala Glysikot granule &#8211; 150 Gm"},"content":{"rendered":"<h3><strong><u>Indicaci\u00f3n<\/u><\/strong><strong>\u00a0:-<\/strong><\/h3>\n<ul>\n<li>Daibetes mellitus, dislipedemia, dolencias card\u00edacas.<\/li>\n<\/ul>\n<h3><strong><u>Ingredientes<\/u><\/strong><strong>\u00a0:-<\/strong><\/h3>\n<table width=\"669\">\n<tbody>\n<tr>\n<td width=\"45\">S.NO<\/td>\n<td width=\"116\">Nombre en s\u00e1nscrito<\/td>\n<td width=\"149\">Nombre bot\u00e1nico<\/td>\n<td width=\"88\">Qty<\/td>\n<\/tr>\n<tr>\n<td width=\"45\">1<\/td>\n<td width=\"116\">Amrita<\/td>\n<td width=\"149\">Tinospora cordifolia<\/td>\n<td width=\"88\">0,416 g<\/td>\n<\/tr>\n<tr>\n<td width=\"45\">2<\/td>\n<td width=\"116\">Abhaya<\/td>\n<td width=\"149\">Terminalia chebula<\/td>\n<td width=\"88\">0,416 g<\/td>\n<\/tr>\n<tr>\n<td width=\"45\">3<\/td>\n<td width=\"116\">Dhatri<\/td>\n<td width=\"149\">Phyllanthus emblica<\/td>\n<td width=\"88\">0,833 g<\/td>\n<\/tr>\n<tr>\n<td width=\"45\">4<\/td>\n<td width=\"116\">Ratri<\/td>\n<td width=\"149\">C\u00farcuma longa<\/td>\n<td width=\"88\">0,833 g<\/td>\n<\/tr>\n<tr>\n<td width=\"45\">5<\/td>\n<td width=\"116\">Meharimula<\/td>\n<td width=\"149\">Salacia reticulata<\/td>\n<td width=\"88\">2.500 g<\/td>\n<\/tr>\n<\/tbody>\n<\/table>\n<h3><strong><u>Dosis<\/u><\/strong><strong>\u00a0:-<\/strong><\/h3>\n<ul>\n<li>5 g tres veces al d\u00eda o seg\u00fan las indicaciones del m\u00e9dico.<\/li>\n<\/ul>\n","protected":false},"excerpt":{"rendered":"<p>Esta combinaci\u00f3n \u00fanica de hierbas ayuda a controlar la diabetes. Esto podr\u00eda usarse como un remedio adyuvante en las complicaciones relacionadas con la diabetes de manera efectiva<\/p>\n","protected":false},"featured_media":9719,"comment_status":"open","ping_status":"closed","template":"","meta":[],"product_brand":[],"product_cat":[200,217],"product_tag":[],"class_list":{"0":"post-9717","1":"product","2":"type-product","3":"status-publish","4":"has-post-thumbnail","6":"product_cat-marca","7":"product_cat-kottakkal","9":"first","10":"instock","11":"shipping-taxable","12":"purchasable","13":"product-type-simple"},"_links":{"self":[{"href":"https:\/\/neelayurvedics.es\/index.php?rest_route=\/wp\/v2\/product\/9717","targetHints":{"allow":["GET"]}}],"collection":[{"href":"https:\/\/neelayurvedics.es\/index.php?rest_route=\/wp\/v2\/product"}],"about":[{"href":"https:\/\/neelayurvedics.es\/index.php?rest_route=\/wp\/v2\/types\/product"}],"replies":[{"embeddable":true,"href":"https:\/\/neelayurvedics.es\/index.php?rest_route=%2Fwp%2Fv2%2Fcomments&post=9717"}],"wp:featuredmedia":[{"embeddable":true,"href":"https:\/\/neelayurvedics.es\/index.php?rest_route=\/wp\/v2\/media\/9719"}],"wp:attachment":[{"href":"https:\/\/neelayurvedics.es\/index.php?rest_route=%2Fwp%2Fv2%2Fmedia&parent=9717"}],"wp:term":[{"taxonomy":"product_brand","embeddable":true,"href":"https:\/\/neelayurvedics.es\/index.php?rest_route=%2Fwp%2Fv2%2Fproduct_brand&post=9717"},{"taxonomy":"product_cat","embeddable":true,"href":"https:\/\/neelayurvedics.es\/index.php?rest_route=%2Fwp%2Fv2%2Fproduct_cat&post=9717"},{"taxonomy":"product_tag","embeddable":true,"href":"https:\/\/neelayurvedics.es\/index.php?rest_route=%2Fwp%2Fv2%2Fproduct_tag&post=9717"}],"curies":[{"name":"wp","href":"https:\/\/api.w.org\/{rel}","templated":true}]}}