{"id":9721,"date":"2025-03-22T10:34:19","date_gmt":"2025-03-22T10:34:19","guid":{"rendered":"https:\/\/neelayurvedics.es\/?post_type=product&#038;p=9721"},"modified":"2025-03-22T10:34:19","modified_gmt":"2025-03-22T10:34:19","slug":"kottakkal-arya-vaidya-sala-gopichandanadi-gulika-100-tableta","status":"publish","type":"product","link":"https:\/\/neelayurvedics.es\/?product=kottakkal-arya-vaidya-sala-gopichandanadi-gulika-100-tableta","title":{"rendered":"Kottakkal Arya Vaidya Sala Gopichandanadi Gulika \u2013 100 Tableta"},"content":{"rendered":"<div id=\"nasa-single-product-tabs\" class=\"product-details\">\n<div class=\"nasa-tabs-content woocommerce-tabs\">\n<div class=\"nasa-panels nasa-desc-wrap\">\n<div id=\"nasa-tab-description\" class=\"nasa-panel nasa-content-description active\">\n<div class=\"row\">\n<div class=\"large-12 columns nasa-content-panel\">\n<h3><u>Indicaci\u00f3n<\/u>\u00a0:-<\/h3>\n<ul>\n<li>Visarpa especialmente en ni\u00f1os, fiebre, trastorno convulsivo, infecci\u00f3n de las v\u00edas respiratorias superiores.<\/li>\n<\/ul>\n<h3><u>Ingredientes<\/u>\u00a0:-<\/h3>\n<table width=\"83%\">\n<thead>\n<tr>\n<td>S.No<\/td>\n<td width=\"26%\">Nombre en s\u00e1nscrito<\/td>\n<td width=\"42%\">Nombre bot\u00e1nico<\/td>\n<td width=\"17%\">Cantidad\/Pesta\u00f1a<\/td>\n<\/tr>\n<\/thead>\n<tbody>\n<tr>\n<td>1<\/td>\n<td width=\"26%\">Gopi<\/td>\n<td width=\"42%\">Hemidesmus indicus<\/td>\n<td width=\"17%\">0,001 g<\/td>\n<\/tr>\n<tr>\n<td>2<\/td>\n<td width=\"26%\">Chandana<\/td>\n<td width=\"42%\">\u00c1lbum de Santalum<\/td>\n<td width=\"17%\">0,001 g<\/td>\n<\/tr>\n<tr>\n<td>3<\/td>\n<td width=\"26%\">Valaka<\/td>\n<td width=\"42%\">Plectranthus vettiveroides<\/td>\n<td width=\"17%\">0,001 g<\/td>\n<\/tr>\n<tr>\n<td>4<\/td>\n<td width=\"26%\">Haritaki<\/td>\n<td width=\"42%\">Terminalia chebula<\/td>\n<td width=\"17%\">0,001 g<\/td>\n<\/tr>\n<tr>\n<td>5<\/td>\n<td width=\"26%\">Amalaki<\/td>\n<td width=\"42%\">Phyllanthus emblica<\/td>\n<td width=\"17%\">0,001 g<\/td>\n<\/tr>\n<tr>\n<td>6<\/td>\n<td width=\"26%\">Vibhitaki<\/td>\n<td width=\"42%\">Terminalia bellirica<\/td>\n<td width=\"17%\">0,001 g<\/td>\n<\/tr>\n<tr>\n<td>7<\/td>\n<td width=\"26%\">Musta<\/td>\n<td width=\"42%\">Cyperus rotundus<\/td>\n<td width=\"17%\">0,001 g<\/td>\n<\/tr>\n<tr>\n<td>8<\/td>\n<td width=\"26%\">Ela<\/td>\n<td width=\"42%\">Elettaria cardamomum<\/td>\n<td width=\"17%\">0,002 g<\/td>\n<\/tr>\n<tr>\n<td>9<\/td>\n<td width=\"26%\">Tvak<\/td>\n<td width=\"42%\">Cinnamomum verum<\/td>\n<td width=\"17%\">0,001 g<\/td>\n<\/tr>\n<tr>\n<td>10<\/td>\n<td width=\"26%\">Patra<\/td>\n<td width=\"42%\">Cinnamomum tamala<\/td>\n<td width=\"17%\">0,001 g<\/td>\n<\/tr>\n<tr>\n<td>11<\/td>\n<td width=\"26%\">Nagakesara<\/td>\n<td width=\"42%\">Mesuea ferrea<\/td>\n<td width=\"17%\">0,001 g<\/td>\n<\/tr>\n<tr>\n<td>12<\/td>\n<td width=\"26%\">Jathikosa<\/td>\n<td width=\"42%\">Myristica fragrans (Maza)<\/td>\n<td width=\"17%\">0,001 g<\/td>\n<\/tr>\n<tr>\n<td>13<\/td>\n<td width=\"26%\">Jathiphala<\/td>\n<td width=\"42%\">Myristica fragrans (Nuez moscada)<\/td>\n<td width=\"17%\">0,001 g<\/td>\n<\/tr>\n<tr>\n<td>14<\/td>\n<td width=\"26%\">Lavanga<\/td>\n<td width=\"42%\">Syzygium aromaticum<\/td>\n<td width=\"17%\">0,001 g<\/td>\n<\/tr>\n<tr>\n<td>15<\/td>\n<td width=\"26%\">Karpura<\/td>\n<td width=\"42%\">Cinnamomum camphora<\/td>\n<td width=\"17%\">0,001 g<\/td>\n<\/tr>\n<tr>\n<td>16<\/td>\n<td width=\"26%\">Jinoshana<\/td>\n<td width=\"42%\">Piper cubeba<\/td>\n<td width=\"17%\">0,001 g<\/td>\n<\/tr>\n<tr>\n<td>17<\/td>\n<td width=\"26%\">Draksha<\/td>\n<td width=\"42%\">Vitis vinifera<\/td>\n<td width=\"17%\">0,001 g<\/td>\n<\/tr>\n<tr>\n<td>18<\/td>\n<td width=\"26%\">Anarya<\/td>\n<td width=\"42%\">Swertia chirata<\/td>\n<td width=\"17%\">0,001 g<\/td>\n<\/tr>\n<tr>\n<td>19<\/td>\n<td width=\"26%\">Jiraka<\/td>\n<td width=\"42%\">Cuminum cyminum<\/td>\n<td width=\"17%\">0,001 g<\/td>\n<\/tr>\n<tr>\n<td>20<\/td>\n<td width=\"26%\">Krishnajiraka<\/td>\n<td width=\"42%\">Nigella sativa<\/td>\n<td width=\"17%\">0,001 g<\/td>\n<\/tr>\n<tr>\n<td>21<\/td>\n<td width=\"26%\">Madhurika<\/td>\n<td width=\"42%\">Foeniculum vulgare<\/td>\n<td width=\"17%\">0,001 g<\/td>\n<\/tr>\n<tr>\n<td>22<\/td>\n<td width=\"26%\">Kaisika<\/td>\n<td width=\"42%\">Quercus infectoria<\/td>\n<td width=\"17%\">0,001 g<\/td>\n<\/tr>\n<tr>\n<td>23<\/td>\n<td width=\"26%\">Nisa<\/td>\n<td width=\"42%\">C\u00farcuma longa<\/td>\n<td width=\"17%\">0,001 g<\/td>\n<\/tr>\n<tr>\n<td>24<\/td>\n<td width=\"26%\">Bharangi<\/td>\n<td width=\"42%\">Rotheca serrata<\/td>\n<td width=\"17%\">0,001 g<\/td>\n<\/tr>\n<tr>\n<td>25<\/td>\n<td width=\"26%\">Gopasika<\/td>\n<td width=\"42%\">Myristica malabarica<\/td>\n<td width=\"17%\">0,001 g<\/td>\n<\/tr>\n<tr>\n<td>26<\/td>\n<td width=\"26%\">Rasna<\/td>\n<td width=\"42%\">Alpinia galanga<\/td>\n<td width=\"17%\">0,001 g<\/td>\n<\/tr>\n<tr>\n<td>27<\/td>\n<td width=\"26%\">Asali<\/td>\n<td width=\"42%\">Lepidium sativum<\/td>\n<td width=\"17%\">0,001 g<\/td>\n<\/tr>\n<tr>\n<td>28<\/td>\n<td width=\"26%\">Usira<\/td>\n<td width=\"42%\">Vetiveria zizanoides<\/td>\n<td width=\"17%\">0,001 g<\/td>\n<\/tr>\n<tr>\n<td>29<\/td>\n<td width=\"26%\">Kasmiram<\/td>\n<td width=\"42%\">Crocus sativus<\/td>\n<td width=\"17%\">0,001 g<\/td>\n<\/tr>\n<tr>\n<td>30<\/td>\n<td width=\"26%\">Himgu<\/td>\n<td width=\"42%\">Ferula assa-foetida<\/td>\n<td width=\"17%\">0,001 g<\/td>\n<\/tr>\n<tr>\n<td>31<\/td>\n<td width=\"26%\">Ugra<\/td>\n<td width=\"42%\">Acorus calamus<\/td>\n<td width=\"17%\">0,001 g<\/td>\n<\/tr>\n<tr>\n<td>32<\/td>\n<td width=\"26%\">Lasuna<\/td>\n<td width=\"42%\">Allium sativum<\/td>\n<td width=\"17%\">0,001 g<\/td>\n<\/tr>\n<tr>\n<td>33<\/td>\n<td width=\"26%\">Suradaru<\/td>\n<td width=\"42%\">Cedrus deodara<\/td>\n<td width=\"17%\">0,001 g<\/td>\n<\/tr>\n<tr>\n<td>34<\/td>\n<td width=\"26%\">Madhuka<\/td>\n<td width=\"42%\">Glycyrrhiza glabra<\/td>\n<td width=\"17%\">0,001 g<\/td>\n<\/tr>\n<tr>\n<td>35<\/td>\n<td width=\"26%\">Simhi<\/td>\n<td width=\"42%\">Solanum anguivi<\/td>\n<td width=\"17%\">0,001 g<\/td>\n<\/tr>\n<tr>\n<td>36<\/td>\n<td width=\"26%\">Gorochana<\/td>\n<td width=\"42%\">Agalla de buey<\/td>\n<td width=\"17%\">0,001 g<\/td>\n<\/tr>\n<tr>\n<td>37<\/td>\n<td width=\"26%\">Agragrahi<\/td>\n<td width=\"42%\">Anacyclus pyrethrum<\/td>\n<td width=\"17%\">0,001 g<\/td>\n<\/tr>\n<tr>\n<td>38<\/td>\n<td width=\"26%\">Ajamoja<\/td>\n<td width=\"42%\">Trachyspermum ammi<\/td>\n<td width=\"17%\">0,001 g<\/td>\n<\/tr>\n<tr>\n<td>39<\/td>\n<td width=\"26%\">Champaka<\/td>\n<td width=\"42%\">Michelia champaca<\/td>\n<td width=\"17%\">0,001 g<\/td>\n<\/tr>\n<tr>\n<td>40<\/td>\n<td width=\"26%\">Rudraksha<\/td>\n<td width=\"42%\">Elaeocarpus serratus<\/td>\n<td width=\"17%\">0,001 g<\/td>\n<\/tr>\n<tr>\n<td>41<\/td>\n<td width=\"26%\">Saindhava<\/td>\n<td width=\"42%\">Sal de roca<\/td>\n<td width=\"17%\">0,001 g<\/td>\n<\/tr>\n<tr>\n<td>42<\/td>\n<td width=\"26%\">Ela<\/td>\n<td width=\"42%\">Elettaria cardamomum<\/td>\n<td width=\"17%\">0,001 g<\/td>\n<\/tr>\n<tr>\n<td>43<\/td>\n<td width=\"26%\">Vakuchi<\/td>\n<td width=\"42%\">Cullen corylifolium<\/td>\n<td width=\"17%\">0,001 g<\/td>\n<\/tr>\n<tr>\n<td>44<\/td>\n<td width=\"26%\">Tejini<\/td>\n<td width=\"42%\">Zanthoxylum alatum<\/td>\n<td width=\"17%\">0,001 g<\/td>\n<\/tr>\n<tr>\n<td>45<\/td>\n<td width=\"26%\">Hariyava<\/td>\n<td width=\"42%\">Holarrhena pubescens<\/td>\n<td width=\"17%\">0,001 g<\/td>\n<\/tr>\n<tr>\n<td>46<\/td>\n<td width=\"26%\">Dhanya<\/td>\n<td width=\"42%\">Coriandrum sativum<\/td>\n<td width=\"17%\">0,001 g<\/td>\n<\/tr>\n<tr>\n<td>47<\/td>\n<td width=\"26%\">Vidanga<\/td>\n<td width=\"42%\">Embelia ribes<\/td>\n<td width=\"17%\">0,001 g<\/td>\n<\/tr>\n<tr>\n<td>48<\/td>\n<td width=\"26%\">Sathi<\/td>\n<td width=\"42%\">Hedychium spicatum<\/td>\n<td width=\"17%\">0,001 g<\/td>\n<\/tr>\n<tr>\n<td>49<\/td>\n<td width=\"26%\">Patha<\/td>\n<td width=\"42%\">Cyclea peltata<\/td>\n<td width=\"17%\">0,001 g<\/td>\n<\/tr>\n<tr>\n<td>50<\/td>\n<td width=\"26%\">Nagara<\/td>\n<td width=\"42%\">Zingiber officinale<\/td>\n<td width=\"17%\">0,001 g<\/td>\n<\/tr>\n<tr>\n<td>51<\/td>\n<td width=\"26%\">Maricha<\/td>\n<td width=\"42%\">Piper nigrum<\/td>\n<td width=\"17%\">0,001 g<\/td>\n<\/tr>\n<tr>\n<td>52<\/td>\n<td width=\"26%\">Pippali<\/td>\n<td width=\"42%\">Piper longum<\/td>\n<td width=\"17%\">0,001 g<\/td>\n<\/tr>\n<tr>\n<td>53<\/td>\n<td width=\"26%\">Krimihara<\/td>\n<td width=\"42%\">Vernonia anthelmintica<\/td>\n<td width=\"17%\">0,001 g<\/td>\n<\/tr>\n<tr>\n<td>54<\/td>\n<td width=\"26%\">Khanda<\/td>\n<td width=\"42%\">Caramelo de az\u00facar<\/td>\n<td width=\"17%\">0,001 g<\/td>\n<\/tr>\n<tr>\n<td>55<\/td>\n<td width=\"26%\">Sita<\/td>\n<td width=\"42%\">Az\u00facar<\/td>\n<td width=\"17%\">0,001 g<\/td>\n<\/tr>\n<tr>\n<td>56<\/td>\n<td width=\"26%\">Jambira<\/td>\n<td width=\"42%\">Lim\u00f3n c\u00edtrico<\/td>\n<td width=\"17%\">Q. S.<\/td>\n<\/tr>\n<tr>\n<td>57<\/td>\n<td width=\"26%\">Karpuravally<\/td>\n<td width=\"42%\">Plectranthus amboinicus<\/td>\n<td width=\"17%\">Q. S.<\/td>\n<\/tr>\n<\/tbody>\n<\/table>\n<h3><u>Dosis<\/u>\u00a0:-<\/h3>\n<ul>\n<li>Seg\u00fan las indicaciones del m\u00e9dico.<\/li>\n<\/ul>\n<\/div>\n<\/div>\n<\/div>\n<\/div>\n<\/div>\n<\/div>\n","protected":false},"excerpt":{"rendered":"<p>Esto ayuda a reducir la fiebre y otros s\u00edntomas asociados con ella. En conclusi\u00f3n, Gopichandanadi gulika es una medicina ayurv\u00e9dica natural que ofrece numerosos beneficios para la salud.<\/p>\n<p>Ayuda a tratar la fiebre, las convulsiones, la epilepsia, las convulsiones, el asma y pacifica a los ni\u00f1os.<\/p>\n","protected":false},"featured_media":9722,"comment_status":"open","ping_status":"closed","template":"","meta":[],"product_brand":[],"product_cat":[200,217],"product_tag":[],"class_list":{"0":"post-9721","1":"product","2":"type-product","3":"status-publish","4":"has-post-thumbnail","6":"product_cat-marca","7":"product_cat-kottakkal","9":"first","10":"instock","11":"shipping-taxable","12":"purchasable","13":"product-type-simple"},"_links":{"self":[{"href":"https:\/\/neelayurvedics.es\/index.php?rest_route=\/wp\/v2\/product\/9721","targetHints":{"allow":["GET"]}}],"collection":[{"href":"https:\/\/neelayurvedics.es\/index.php?rest_route=\/wp\/v2\/product"}],"about":[{"href":"https:\/\/neelayurvedics.es\/index.php?rest_route=\/wp\/v2\/types\/product"}],"replies":[{"embeddable":true,"href":"https:\/\/neelayurvedics.es\/index.php?rest_route=%2Fwp%2Fv2%2Fcomments&post=9721"}],"wp:featuredmedia":[{"embeddable":true,"href":"https:\/\/neelayurvedics.es\/index.php?rest_route=\/wp\/v2\/media\/9722"}],"wp:attachment":[{"href":"https:\/\/neelayurvedics.es\/index.php?rest_route=%2Fwp%2Fv2%2Fmedia&parent=9721"}],"wp:term":[{"taxonomy":"product_brand","embeddable":true,"href":"https:\/\/neelayurvedics.es\/index.php?rest_route=%2Fwp%2Fv2%2Fproduct_brand&post=9721"},{"taxonomy":"product_cat","embeddable":true,"href":"https:\/\/neelayurvedics.es\/index.php?rest_route=%2Fwp%2Fv2%2Fproduct_cat&post=9721"},{"taxonomy":"product_tag","embeddable":true,"href":"https:\/\/neelayurvedics.es\/index.php?rest_route=%2Fwp%2Fv2%2Fproduct_tag&post=9721"}],"curies":[{"name":"wp","href":"https:\/\/api.w.org\/{rel}","templated":true}]}}