{"id":9730,"date":"2025-03-22T10:59:41","date_gmt":"2025-03-22T10:59:41","guid":{"rendered":"https:\/\/neelayurvedics.es\/?post_type=product&#038;p=9730"},"modified":"2025-03-22T10:59:42","modified_gmt":"2025-03-22T10:59:42","slug":"kottakkal-arya-vaidya-sala-himasagara-tailam-200-ml","status":"publish","type":"product","link":"https:\/\/neelayurvedics.es\/?product=kottakkal-arya-vaidya-sala-himasagara-tailam-200-ml","title":{"rendered":"Kottakkal Arya Vaidya Sala Himasagara Tailam \u2013 200 ML"},"content":{"rendered":"<h3><strong><u>Ingredientes<\/u><\/strong><strong>\u00a0:-<\/strong><\/h3>\n<table width=\"706\">\n<tbody>\n<tr>\n<td width=\"64\">S.NO<\/td>\n<td width=\"113\">Nombre en s\u00e1nscrito<\/td>\n<td width=\"274\">Nombre bot\u00e1nico<\/td>\n<td width=\"94\">Qty.<\/td>\n<\/tr>\n<tr>\n<td width=\"64\">01<\/td>\n<td width=\"113\">Tailam<\/td>\n<td width=\"274\">Sesamum indicum<\/td>\n<td width=\"94\">10.000 ml<\/td>\n<\/tr>\n<tr>\n<td width=\"64\">02<\/td>\n<td width=\"113\">Satavari<\/td>\n<td width=\"274\">Esp\u00e1rragos racemosus<\/td>\n<td width=\"94\">10.000 g<\/td>\n<\/tr>\n<tr>\n<td width=\"64\">03<\/td>\n<td width=\"113\">Vidari<\/td>\n<td width=\"274\">Pueraria tuberosa<\/td>\n<td width=\"94\">10.000 g<\/td>\n<\/tr>\n<tr>\n<td width=\"64\">04<\/td>\n<td width=\"113\">Kusmanda<\/td>\n<td width=\"274\">Benincasa hispida<\/td>\n<td width=\"94\">10.000 g<\/td>\n<\/tr>\n<tr>\n<td width=\"64\">05<\/td>\n<td width=\"113\">Dhatri<\/td>\n<td width=\"274\">Phyllanthus emblica<\/td>\n<td width=\"94\">10.000 g<\/td>\n<\/tr>\n<tr>\n<td width=\"64\">06<\/td>\n<td width=\"113\">Salmali<\/td>\n<td width=\"274\">Ceiba Bombax<\/td>\n<td width=\"94\">10.000 g<\/td>\n<\/tr>\n<tr>\n<td width=\"64\">07<\/td>\n<td width=\"113\">Kadali<\/td>\n<td width=\"274\">Musa paradisiaca<\/td>\n<td width=\"94\">10.000 g<\/td>\n<\/tr>\n<tr>\n<td width=\"64\">08<\/td>\n<td width=\"113\">Nalikerarasa<\/td>\n<td width=\"274\">Cocos nucifera<\/td>\n<td width=\"94\">10.000 ml<\/td>\n<\/tr>\n<tr>\n<td width=\"64\">09<\/td>\n<td width=\"113\">Gokshura<\/td>\n<td width=\"274\">Tribulus terrestris<\/td>\n<td width=\"94\">2.500 g<\/td>\n<\/tr>\n<tr>\n<td width=\"64\">10<\/td>\n<td width=\"113\">Ksheera<\/td>\n<td width=\"274\">Leche de vaca<\/td>\n<td width=\"94\">10.000 ml<\/td>\n<\/tr>\n<tr>\n<td width=\"64\">11<\/td>\n<td width=\"113\">Candana<\/td>\n<td width=\"274\">\u00c1lbum de Santalum<\/td>\n<td width=\"94\">0,026 g<\/td>\n<\/tr>\n<tr>\n<td width=\"64\">12<\/td>\n<td width=\"113\">Tagara<\/td>\n<td width=\"274\">Valeriana jatamansi<\/td>\n<td width=\"94\">0,026 g<\/td>\n<\/tr>\n<tr>\n<td width=\"64\">13<\/td>\n<td width=\"113\">Vapya<\/td>\n<td width=\"274\">Saussurea costus<\/td>\n<td width=\"94\">0,026 g<\/td>\n<\/tr>\n<tr>\n<td width=\"64\">14<\/td>\n<td width=\"113\">Manjistha<\/td>\n<td width=\"274\">Rubia cordifolia<\/td>\n<td width=\"94\">0,026 g<\/td>\n<\/tr>\n<tr>\n<td width=\"64\">15<\/td>\n<td width=\"113\">Sarala<\/td>\n<td width=\"274\">Pinus roxburghii<\/td>\n<td width=\"94\">0,026 g<\/td>\n<\/tr>\n<tr>\n<td width=\"64\">16<\/td>\n<td width=\"113\">Saileya<\/td>\n<td width=\"274\">Parmelia perlata<\/td>\n<td width=\"94\">0,026 g<\/td>\n<\/tr>\n<tr>\n<td width=\"64\">17<\/td>\n<td width=\"113\">Yasti<\/td>\n<td width=\"274\">Glycyrrhiza glabra<\/td>\n<td width=\"94\">0,026 g<\/td>\n<\/tr>\n<tr>\n<td width=\"64\">18<\/td>\n<td width=\"113\">Daru<\/td>\n<td width=\"274\">Cedrus deodara<\/td>\n<td width=\"94\">0,026 g<\/td>\n<\/tr>\n<tr>\n<td width=\"64\">19<\/td>\n<td width=\"113\">Nakhi<\/td>\n<td width=\"274\">Helix aspera<\/td>\n<td width=\"94\">0,026 g<\/td>\n<\/tr>\n<tr>\n<td width=\"64\">20<\/td>\n<td width=\"113\">Siva<\/td>\n<td width=\"274\">Terminalia chebula<\/td>\n<td width=\"94\">0,026 g<\/td>\n<\/tr>\n<tr>\n<td width=\"64\">21<\/td>\n<td width=\"113\">Putika<\/td>\n<td width=\"274\">Sterculia foetida<\/td>\n<td width=\"94\">0,026 g<\/td>\n<\/tr>\n<tr>\n<td width=\"64\">22<\/td>\n<td width=\"113\">Pitika<\/td>\n<td width=\"274\">C\u00farcuma longa<\/td>\n<td width=\"94\">0,026 g<\/td>\n<\/tr>\n<tr>\n<td width=\"64\">23<\/td>\n<td width=\"113\">Kunduru<\/td>\n<td width=\"274\">Boswellia serrata<\/td>\n<td width=\"94\">0,026 g<\/td>\n<\/tr>\n<tr>\n<td width=\"64\">24<\/td>\n<td width=\"113\">Nalika<\/td>\n<td width=\"274\">Cinnamomum tamala (sub.)<\/td>\n<td width=\"94\">0,026 g<\/td>\n<\/tr>\n<tr>\n<td width=\"64\">25<\/td>\n<td width=\"113\">Vari<\/td>\n<td width=\"274\">Esp\u00e1rragos racemosus<\/td>\n<td width=\"94\">0,026 g<\/td>\n<\/tr>\n<tr>\n<td width=\"64\">26<\/td>\n<td width=\"113\">Lodhra<\/td>\n<td width=\"274\">Symplocos cochinchinensis var. laurina<\/td>\n<td width=\"94\">0,026 g<\/td>\n<\/tr>\n<tr>\n<td width=\"64\">27<\/td>\n<td width=\"113\">Musta<\/td>\n<td width=\"274\">Cyperus rotundus<\/td>\n<td width=\"94\">0,026 g<\/td>\n<\/tr>\n<tr>\n<td width=\"64\">28<\/td>\n<td width=\"113\">Tvak<\/td>\n<td width=\"274\">Cinnamomum verum<\/td>\n<td width=\"94\">0,026 g<\/td>\n<\/tr>\n<tr>\n<td width=\"64\">29<\/td>\n<td width=\"113\">Ela<\/td>\n<td width=\"274\">Elettaria cardamomum<\/td>\n<td width=\"94\">0,026 g<\/td>\n<\/tr>\n<tr>\n<td width=\"64\">30<\/td>\n<td width=\"113\">Patra<\/td>\n<td width=\"274\">Cinnamomum tamala<\/td>\n<td width=\"94\">0,026 g<\/td>\n<\/tr>\n<tr>\n<td width=\"64\">31<\/td>\n<td width=\"113\">Kesara<\/td>\n<td width=\"274\">Mesua ferrea<\/td>\n<td width=\"94\">0,026 g<\/td>\n<\/tr>\n<tr>\n<td width=\"64\">32<\/td>\n<td width=\"113\">Lavanga<\/td>\n<td width=\"274\">Syzygium aromaticum<\/td>\n<td width=\"94\">0,026 g<\/td>\n<\/tr>\n<tr>\n<td width=\"64\">33<\/td>\n<td width=\"113\">Jatiphala<\/td>\n<td width=\"274\">Myristica fragrans (Nuez moscada)<\/td>\n<td width=\"94\">0,026 g<\/td>\n<\/tr>\n<tr>\n<td width=\"64\">34<\/td>\n<td width=\"113\">Jatikosa<\/td>\n<td width=\"274\">Myristica fragrans (Maza)<\/td>\n<td width=\"94\">0,026 g<\/td>\n<\/tr>\n<tr>\n<td width=\"64\">35<\/td>\n<td width=\"113\">Madhurika<\/td>\n<td width=\"274\">Foeniculam vulgare<\/td>\n<td width=\"94\">0,026 g<\/td>\n<\/tr>\n<tr>\n<td width=\"64\">36<\/td>\n<td width=\"113\">Sathi<\/td>\n<td width=\"274\">Kaempferia galanga<\/td>\n<td width=\"94\">0,026 g<\/td>\n<\/tr>\n<tr>\n<td width=\"64\">37<\/td>\n<td width=\"113\">Karpura<\/td>\n<td width=\"274\">Cinnamomum camphora<\/td>\n<td width=\"94\">0,026 g<\/td>\n<\/tr>\n<\/tbody>\n<\/table>\n<h3><u>Uso<\/u>: &#8211;<\/h3>\n<ul>\n<li>Solo para aplicaciones externas.<\/li>\n<li>Seg\u00fan las indicaciones del m\u00e9dico.<\/li>\n<\/ul>\n","protected":false},"excerpt":{"rendered":"<p>Se utiliza en la encefalopat\u00eda, el trastorno por d\u00e9ficit de atenci\u00f3n, el insomnio, el dolor de cabeza, la man\u00eda, la depresi\u00f3n y la fatiga debido al esfuerzo excesivo.<\/p>\n","protected":false},"featured_media":9731,"comment_status":"open","ping_status":"closed","template":"","meta":[],"product_brand":[],"product_cat":[200,217],"product_tag":[],"class_list":{"0":"post-9730","1":"product","2":"type-product","3":"status-publish","4":"has-post-thumbnail","6":"product_cat-marca","7":"product_cat-kottakkal","9":"first","10":"instock","11":"shipping-taxable","12":"purchasable","13":"product-type-simple"},"_links":{"self":[{"href":"https:\/\/neelayurvedics.es\/index.php?rest_route=\/wp\/v2\/product\/9730","targetHints":{"allow":["GET"]}}],"collection":[{"href":"https:\/\/neelayurvedics.es\/index.php?rest_route=\/wp\/v2\/product"}],"about":[{"href":"https:\/\/neelayurvedics.es\/index.php?rest_route=\/wp\/v2\/types\/product"}],"replies":[{"embeddable":true,"href":"https:\/\/neelayurvedics.es\/index.php?rest_route=%2Fwp%2Fv2%2Fcomments&post=9730"}],"wp:featuredmedia":[{"embeddable":true,"href":"https:\/\/neelayurvedics.es\/index.php?rest_route=\/wp\/v2\/media\/9731"}],"wp:attachment":[{"href":"https:\/\/neelayurvedics.es\/index.php?rest_route=%2Fwp%2Fv2%2Fmedia&parent=9730"}],"wp:term":[{"taxonomy":"product_brand","embeddable":true,"href":"https:\/\/neelayurvedics.es\/index.php?rest_route=%2Fwp%2Fv2%2Fproduct_brand&post=9730"},{"taxonomy":"product_cat","embeddable":true,"href":"https:\/\/neelayurvedics.es\/index.php?rest_route=%2Fwp%2Fv2%2Fproduct_cat&post=9730"},{"taxonomy":"product_tag","embeddable":true,"href":"https:\/\/neelayurvedics.es\/index.php?rest_route=%2Fwp%2Fv2%2Fproduct_tag&post=9730"}],"curies":[{"name":"wp","href":"https:\/\/api.w.org\/{rel}","templated":true}]}}