{"id":9744,"date":"2025-03-22T11:38:09","date_gmt":"2025-03-22T11:38:09","guid":{"rendered":"https:\/\/neelayurvedics.es\/?post_type=product&#038;p=9744"},"modified":"2025-03-22T11:38:09","modified_gmt":"2025-03-22T11:38:09","slug":"kottakkal-arya-vaidya-sala-talisapatradi-churnam-10-gm","status":"publish","type":"product","link":"https:\/\/neelayurvedics.es\/?product=kottakkal-arya-vaidya-sala-talisapatradi-churnam-10-gm","title":{"rendered":"Kottakkal Arya Vaidya Sala Talisapatradi Churnam &#8211; 10 Gm"},"content":{"rendered":"<p>Talisapatradi Churnam tambi\u00e9n es beneficioso en el tratamiento de la tos aguda y cr\u00f3nica y el resfriado. Talisapathradi Choornam estimula las papilas gustativas y estimula la secreci\u00f3n de jugos digestivos. Eficaz en el tratamiento de la p\u00e9rdida de apetito y el mal gusto.<\/p>\n<h3>Beneficios \u00fanicos de\u00a0<u>Talisapatradi<\/u>\u00a0<u>Churnam<\/u>\u00a0<u><\/u><u>:<\/u>&#8211;<\/h3>\n<ul>\n<li>7006 Herbals Talisapatradi churnam puede tener m\u00faltiples beneficios para la salud.<\/li>\n<li>El polvo 100% herbal ayuda a controlar la tos persistente.<\/li>\n<li>Act\u00faa como un suplemento que ayuda a reducir las \u00falceras orales.<\/li>\n<li>Tambi\u00e9n ayuda a tratar los problemas respiratorios y a controlar la indigesti\u00f3n.<\/li>\n<\/ul>\n<h3><u>Dosis<\/u>\u00a0:-<\/h3>\n<ul>\n<li>Adulto: &#8211; 1 a 3 gramos junto con agua caliente o miel tres o cuatro veces al d\u00eda despu\u00e9s de la comida.<\/li>\n<li>Beb\u00e9s: &#8211; 1 pizca con miel tres veces al d\u00eda despu\u00e9s de alimentar.<\/li>\n<\/ul>\n<p>(para la tos seca, talisapatradi choornam junto con miel y ghee y para la tos productiva junto con miel, da buen resultado)<\/p>\n","protected":false},"excerpt":{"rendered":"<p>se utiliza en el tratamiento ayurv\u00e9dico de la tos, el resfriado, el asma, la bronquitis, la fiebre, los v\u00f3mitos, la diarrea, la hinchaz\u00f3n, los v\u00f3mitos, los dolores laterales y tor\u00e1cicos, la anemia y las enfermedades del bazo. Tambi\u00e9n se utiliza para controlar las sibilancias debidas al asma o a la alergia.<\/p>\n<p>Se aconseja la ingesta de talisapatradi churnam antes del consumo de vino.<\/p>\n","protected":false},"featured_media":9745,"comment_status":"open","ping_status":"closed","template":"","meta":[],"product_brand":[],"product_cat":[200,217],"product_tag":[],"class_list":{"0":"post-9744","1":"product","2":"type-product","3":"status-publish","4":"has-post-thumbnail","6":"product_cat-marca","7":"product_cat-kottakkal","9":"first","10":"instock","11":"shipping-taxable","12":"purchasable","13":"product-type-simple"},"_links":{"self":[{"href":"https:\/\/neelayurvedics.es\/index.php?rest_route=\/wp\/v2\/product\/9744","targetHints":{"allow":["GET"]}}],"collection":[{"href":"https:\/\/neelayurvedics.es\/index.php?rest_route=\/wp\/v2\/product"}],"about":[{"href":"https:\/\/neelayurvedics.es\/index.php?rest_route=\/wp\/v2\/types\/product"}],"replies":[{"embeddable":true,"href":"https:\/\/neelayurvedics.es\/index.php?rest_route=%2Fwp%2Fv2%2Fcomments&post=9744"}],"wp:featuredmedia":[{"embeddable":true,"href":"https:\/\/neelayurvedics.es\/index.php?rest_route=\/wp\/v2\/media\/9745"}],"wp:attachment":[{"href":"https:\/\/neelayurvedics.es\/index.php?rest_route=%2Fwp%2Fv2%2Fmedia&parent=9744"}],"wp:term":[{"taxonomy":"product_brand","embeddable":true,"href":"https:\/\/neelayurvedics.es\/index.php?rest_route=%2Fwp%2Fv2%2Fproduct_brand&post=9744"},{"taxonomy":"product_cat","embeddable":true,"href":"https:\/\/neelayurvedics.es\/index.php?rest_route=%2Fwp%2Fv2%2Fproduct_cat&post=9744"},{"taxonomy":"product_tag","embeddable":true,"href":"https:\/\/neelayurvedics.es\/index.php?rest_route=%2Fwp%2Fv2%2Fproduct_tag&post=9744"}],"curies":[{"name":"wp","href":"https:\/\/api.w.org\/{rel}","templated":true}]}}