{"id":9746,"date":"2025-03-22T12:06:25","date_gmt":"2025-03-22T12:06:25","guid":{"rendered":"https:\/\/neelayurvedics.es\/?post_type=product&#038;p=9746"},"modified":"2025-03-22T12:06:25","modified_gmt":"2025-03-22T12:06:25","slug":"kottakkal-arya-vaidya-sala-kachayapanam-kuzhampu-10-ml","status":"publish","type":"product","link":"https:\/\/neelayurvedics.es\/?product=kottakkal-arya-vaidya-sala-kachayapanam-kuzhampu-10-ml","title":{"rendered":"Kottakkal Arya Vaidya Sala Kachayapanam Kuzhampu \u2013 10 ML"},"content":{"rendered":"<h3><strong><u>Ingredientes<\/u><\/strong><strong>\u00a0:-<\/strong><\/h3>\n<table width=\"85%\">\n<thead>\n<tr>\n<td width=\"56\">S.No<\/td>\n<td width=\"113\">Nombre en s\u00e1nscrito<\/td>\n<td width=\"199\">Nombre bot\u00e1nico<\/td>\n<td width=\"85\">Cantidad\/Pesta\u00f1a<\/td>\n<\/tr>\n<\/thead>\n<tbody>\n<tr>\n<td width=\"56\">1<\/td>\n<td width=\"113\">Guda<\/td>\n<td width=\"199\">Saccharum officinarum<\/td>\n<td width=\"85\">0,120 g<\/td>\n<\/tr>\n<tr>\n<td width=\"56\">2<\/td>\n<td width=\"113\">Fena<\/td>\n<td width=\"199\">Spongia officinalis<\/td>\n<td width=\"85\">0,120 g<\/td>\n<\/tr>\n<tr>\n<td width=\"56\">3<\/td>\n<td width=\"113\">Anjana<\/td>\n<td width=\"199\">Sulfuro de plomo<\/td>\n<td width=\"85\">0,120 g<\/td>\n<\/tr>\n<tr>\n<td width=\"56\">4<\/td>\n<td width=\"113\">Krishna<\/td>\n<td width=\"199\">Piper longum<\/td>\n<td width=\"85\">0,120 g<\/td>\n<\/tr>\n<tr>\n<td width=\"56\">5<\/td>\n<td width=\"113\">Maricha<\/td>\n<td width=\"199\">Piper nigrum<\/td>\n<td width=\"85\">0,120 g<\/td>\n<\/tr>\n<tr>\n<td width=\"56\">6<\/td>\n<td width=\"113\">Kunkuma<\/td>\n<td width=\"199\">Crocus sativus<\/td>\n<td width=\"85\">0,120 g<\/td>\n<\/tr>\n<tr>\n<td width=\"56\">7<\/td>\n<td width=\"113\">Sasi<\/td>\n<td width=\"199\">Cinnamomum camphora<\/td>\n<td width=\"85\">0,120 g<\/td>\n<\/tr>\n<tr>\n<td width=\"56\">8<\/td>\n<td width=\"113\">Himambu<\/td>\n<td width=\"199\">Rosa centifolia<\/td>\n<td width=\"85\">1.000 ml<\/td>\n<\/tr>\n<tr>\n<td width=\"56\">9<\/td>\n<td width=\"113\">Madhu<\/td>\n<td width=\"199\">Miel<\/td>\n<td width=\"85\">10.000 ml<\/td>\n<\/tr>\n<\/tbody>\n<\/table>\n<h3><strong><u>Uso<\/u><\/strong><strong>: &#8211;<\/strong><\/h3>\n<ul>\n<li>Instilar una o dos gotas en ambos ojos una o dos veces al d\u00eda, seg\u00fan la afecci\u00f3n o seg\u00fan las indicaciones del m\u00e9dico.<\/li>\n<\/ul>\n","protected":false},"excerpt":{"rendered":"<p>Kottakkal Arya Vaidya Sala Kachayapanam Kuzhampu es una medicina ayurv\u00e9dica. que se utiliza principalmente para el tratamiento de cataratas y trastornos oculares<\/p>\n","protected":false},"featured_media":9747,"comment_status":"open","ping_status":"closed","template":"","meta":[],"product_brand":[],"product_cat":[200,217],"product_tag":[],"class_list":{"0":"post-9746","1":"product","2":"type-product","3":"status-publish","4":"has-post-thumbnail","6":"product_cat-marca","7":"product_cat-kottakkal","9":"first","10":"instock","11":"shipping-taxable","12":"purchasable","13":"product-type-simple"},"_links":{"self":[{"href":"https:\/\/neelayurvedics.es\/index.php?rest_route=\/wp\/v2\/product\/9746","targetHints":{"allow":["GET"]}}],"collection":[{"href":"https:\/\/neelayurvedics.es\/index.php?rest_route=\/wp\/v2\/product"}],"about":[{"href":"https:\/\/neelayurvedics.es\/index.php?rest_route=\/wp\/v2\/types\/product"}],"replies":[{"embeddable":true,"href":"https:\/\/neelayurvedics.es\/index.php?rest_route=%2Fwp%2Fv2%2Fcomments&post=9746"}],"wp:featuredmedia":[{"embeddable":true,"href":"https:\/\/neelayurvedics.es\/index.php?rest_route=\/wp\/v2\/media\/9747"}],"wp:attachment":[{"href":"https:\/\/neelayurvedics.es\/index.php?rest_route=%2Fwp%2Fv2%2Fmedia&parent=9746"}],"wp:term":[{"taxonomy":"product_brand","embeddable":true,"href":"https:\/\/neelayurvedics.es\/index.php?rest_route=%2Fwp%2Fv2%2Fproduct_brand&post=9746"},{"taxonomy":"product_cat","embeddable":true,"href":"https:\/\/neelayurvedics.es\/index.php?rest_route=%2Fwp%2Fv2%2Fproduct_cat&post=9746"},{"taxonomy":"product_tag","embeddable":true,"href":"https:\/\/neelayurvedics.es\/index.php?rest_route=%2Fwp%2Fv2%2Fproduct_tag&post=9746"}],"curies":[{"name":"wp","href":"https:\/\/api.w.org\/{rel}","templated":true}]}}