{"id":9753,"date":"2025-03-22T12:19:49","date_gmt":"2025-03-22T12:19:49","guid":{"rendered":"https:\/\/neelayurvedics.es\/?post_type=product&#038;p=9753"},"modified":"2025-03-22T12:19:49","modified_gmt":"2025-03-22T12:19:49","slug":"kottakkal-arya-vaidya-sala-kaivishaparihari-gulika-100-tableta","status":"publish","type":"product","link":"https:\/\/neelayurvedics.es\/?product=kottakkal-arya-vaidya-sala-kaivishaparihari-gulika-100-tableta","title":{"rendered":"Kottakkal Arya Vaidya Sala Kaivishaparihari Gulika \u2013 100 Tableta"},"content":{"rendered":"<div id=\"nasa-single-product-tabs\" class=\"product-details\">\n<div class=\"nasa-tabs-content woocommerce-tabs\">\n<div class=\"nasa-panels nasa-desc-wrap\">\n<div id=\"nasa-tab-description\" class=\"nasa-panel nasa-content-description active\">\n<div class=\"row\">\n<div class=\"large-12 columns nasa-content-panel\">\n<h3><strong><u>Indicaci\u00f3n<\/u><\/strong><strong>\u00a0:-<\/strong><\/h3>\n<ul>\n<li>Garam (biotoxinas), inestabilidad psicol\u00f3gica.<\/li>\n<\/ul>\n<h3><strong><u>Ingredientes<\/u><\/strong><strong>\u00a0:-<\/strong><\/h3>\n<table width=\"83%\">\n<thead>\n<tr>\n<td width=\"47\">S.No<\/td>\n<td width=\"132\">Nombre s\u00e1nscrito<\/td>\n<td width=\"189\">Nombre bot\u00e1nico<\/td>\n<td width=\"76\">Cantidad\/Pesta\u00f1a<\/td>\n<\/tr>\n<\/thead>\n<tbody>\n<tr>\n<td width=\"47\">1<\/td>\n<td width=\"132\">Murva<\/td>\n<td width=\"189\">Chonemorpha fragrans<\/td>\n<td width=\"76\">0,020 g<\/td>\n<\/tr>\n<tr>\n<td width=\"47\">2<\/td>\n<td width=\"132\">Amrita<\/td>\n<td width=\"189\">Tinospora cordifolia<\/td>\n<td width=\"76\">0,020 g<\/td>\n<\/tr>\n<tr>\n<td width=\"47\">3<\/td>\n<td width=\"132\">Nata<\/td>\n<td width=\"189\">Valeriana jatamansi<\/td>\n<td width=\"76\">0,020 g<\/td>\n<\/tr>\n<tr>\n<td width=\"47\">4<\/td>\n<td width=\"132\">Kana<\/td>\n<td width=\"189\">Piper longum<\/td>\n<td width=\"76\">0,020 g<\/td>\n<\/tr>\n<tr>\n<td width=\"47\">5<\/td>\n<td width=\"132\">Patoli<\/td>\n<td width=\"189\">Trichosanthes cucumerina<\/td>\n<td width=\"76\">0,020 g<\/td>\n<\/tr>\n<tr>\n<td width=\"47\">6<\/td>\n<td width=\"132\">Chavya<\/td>\n<td width=\"189\">Salmone\u00faa gaitero<\/td>\n<td width=\"76\">0,020 g<\/td>\n<\/tr>\n<tr>\n<td width=\"47\">7<\/td>\n<td width=\"132\">Chitraka<\/td>\n<td width=\"189\">Plumbago zeylanica<\/td>\n<td width=\"76\">0,020 g<\/td>\n<\/tr>\n<tr>\n<td width=\"47\">8<\/td>\n<td width=\"132\">Vacha<\/td>\n<td width=\"189\">Acorus calamus<\/td>\n<td width=\"76\">0,020 g<\/td>\n<\/tr>\n<tr>\n<td width=\"47\">9<\/td>\n<td width=\"132\">Musta<\/td>\n<td width=\"189\">Cyperus rotundus<\/td>\n<td width=\"76\">0,020 g<\/td>\n<\/tr>\n<tr>\n<td width=\"47\">10<\/td>\n<td width=\"132\">Vidanga<\/td>\n<td width=\"189\">Embelia ribes<\/td>\n<td width=\"76\">0,020 g<\/td>\n<\/tr>\n<tr>\n<td width=\"47\">11<\/td>\n<td width=\"132\">Swarnamakshika<\/td>\n<td width=\"189\">Calcopirita<\/td>\n<td width=\"76\">0,040 g<\/td>\n<\/tr>\n<tr>\n<td width=\"47\">12<\/td>\n<td width=\"132\">Swarna<\/td>\n<td width=\"189\">Oro<\/td>\n<td width=\"76\">0,010 g<\/td>\n<\/tr>\n<\/tbody>\n<\/table>\n<h3><strong><u>Dosis<\/u><\/strong><strong>\u00a0:-<\/strong><\/h3>\n<ul>\n<li>1 pastilla dos veces al d\u00eda o seg\u00fan las indicaciones del m\u00e9dico.<\/li>\n<\/ul>\n<\/div>\n<\/div>\n<\/div>\n<\/div>\n<\/div>\n<\/div>\n","protected":false},"excerpt":{"rendered":"<p>Indicaci\u00f3n\u00a0:- Garam (biotoxinas), inestabilidad psicol\u00f3gica. Ingredientes\u00a0:- S.No Nombre s\u00e1nscrito Nombre bot\u00e1nico Cantidad\/Pesta\u00f1a 1 Murva Chonemorpha fragrans 0,020 g 2 Amrita Tinospora cordifolia 0,020 g 3 Nata Valeriana jatamansi 0,020 g 4 Kana Piper longum 0,020 g 5 Patoli Trichosanthes cucumerina 0,020 g 6 Chavya Salmone\u00faa gaitero 0,020 g 7 Chitraka Plumbago zeylanica 0,020 g 8 [&hellip;]<\/p>\n","protected":false},"featured_media":9754,"comment_status":"open","ping_status":"closed","template":"","meta":[],"product_brand":[],"product_cat":[200,217],"product_tag":[],"class_list":{"0":"post-9753","1":"product","2":"type-product","3":"status-publish","4":"has-post-thumbnail","6":"product_cat-marca","7":"product_cat-kottakkal","9":"first","10":"instock","11":"shipping-taxable","12":"purchasable","13":"product-type-simple"},"_links":{"self":[{"href":"https:\/\/neelayurvedics.es\/index.php?rest_route=\/wp\/v2\/product\/9753","targetHints":{"allow":["GET"]}}],"collection":[{"href":"https:\/\/neelayurvedics.es\/index.php?rest_route=\/wp\/v2\/product"}],"about":[{"href":"https:\/\/neelayurvedics.es\/index.php?rest_route=\/wp\/v2\/types\/product"}],"replies":[{"embeddable":true,"href":"https:\/\/neelayurvedics.es\/index.php?rest_route=%2Fwp%2Fv2%2Fcomments&post=9753"}],"wp:featuredmedia":[{"embeddable":true,"href":"https:\/\/neelayurvedics.es\/index.php?rest_route=\/wp\/v2\/media\/9754"}],"wp:attachment":[{"href":"https:\/\/neelayurvedics.es\/index.php?rest_route=%2Fwp%2Fv2%2Fmedia&parent=9753"}],"wp:term":[{"taxonomy":"product_brand","embeddable":true,"href":"https:\/\/neelayurvedics.es\/index.php?rest_route=%2Fwp%2Fv2%2Fproduct_brand&post=9753"},{"taxonomy":"product_cat","embeddable":true,"href":"https:\/\/neelayurvedics.es\/index.php?rest_route=%2Fwp%2Fv2%2Fproduct_cat&post=9753"},{"taxonomy":"product_tag","embeddable":true,"href":"https:\/\/neelayurvedics.es\/index.php?rest_route=%2Fwp%2Fv2%2Fproduct_tag&post=9753"}],"curies":[{"name":"wp","href":"https:\/\/api.w.org\/{rel}","templated":true}]}}