{"id":9765,"date":"2025-03-24T05:47:05","date_gmt":"2025-03-24T05:47:05","guid":{"rendered":"https:\/\/neelayurvedics.es\/?post_type=product&#038;p=9765"},"modified":"2025-03-24T05:47:06","modified_gmt":"2025-03-24T05:47:06","slug":"kottakkal-arya-vaidya-sala-kayyanyadi-kera-tailam-200-ml","status":"publish","type":"product","link":"https:\/\/neelayurvedics.es\/?product=kottakkal-arya-vaidya-sala-kayyanyadi-kera-tailam-200-ml","title":{"rendered":"Kottakkal Arya Vaidya Sala Kayyanyadi Kera Tailam \u2013 200 ML"},"content":{"rendered":"<h3><strong><u>Indicaci\u00f3n<\/u><\/strong><strong>\u00a0:-<\/strong><\/h3>\n<ul>\n<li>Encanecimiento prematuro y ca\u00edda del cabello, enfermedades de la cabeza y el cuello.<\/li>\n<\/ul>\n<h3><strong><u>Ingredientes<\/u><\/strong><strong>\u00a0:-<\/strong><\/h3>\n<table width=\"808\">\n<tbody>\n<tr>\n<td width=\"64\">SL NO<\/td>\n<td width=\"151\">Nombre en s\u00e1nscrito<\/td>\n<td width=\"198\">Nombre bot\u00e1nico<\/td>\n<td width=\"395\">Cantidad<\/td>\n<\/tr>\n<tr>\n<td width=\"64\">01<\/td>\n<td width=\"151\">Keratailam\/Tailam<\/td>\n<td width=\"198\">Cocos nucifera<\/td>\n<td width=\"395\">10.000 ml<\/td>\n<\/tr>\n<tr>\n<td width=\"64\">02<\/td>\n<td width=\"151\">Bhringaraja<\/td>\n<td width=\"198\">Eclipta prostrara<\/td>\n<td width=\"395\">13.333 g<\/td>\n<\/tr>\n<tr>\n<td width=\"64\">03<\/td>\n<td width=\"151\">Amrita<\/td>\n<td width=\"198\">Tinospora cordifolia<\/td>\n<td width=\"395\">13.333 g<\/td>\n<\/tr>\n<tr>\n<td width=\"64\">04<\/td>\n<td width=\"151\">Dhatri<\/td>\n<td width=\"198\">Phyllanthus emblica<\/td>\n<td width=\"395\">13333 g.<\/td>\n<\/tr>\n<tr>\n<td width=\"64\">05<\/td>\n<td width=\"151\">Yashti<\/td>\n<td width=\"198\">Glycyrrhiza glabra<\/td>\n<td width=\"395\">0,622 g<\/td>\n<\/tr>\n<tr>\n<td width=\"64\">06<\/td>\n<td width=\"151\">Payah<\/td>\n<td width=\"198\">Leche de vaca<\/td>\n<td width=\"395\">10.000 ml<\/td>\n<\/tr>\n<tr>\n<td width=\"64\">07<\/td>\n<td width=\"151\">Anjana<\/td>\n<td width=\"198\">Antimonio<\/td>\n<td width=\"395\">0,052 g<\/td>\n<\/tr>\n<tr>\n<td width=\"64\">08<\/td>\n<td width=\"151\">Karpura<\/td>\n<td width=\"198\">Cinnamomum camphora<\/td>\n<td width=\"395\">0,044 g<\/td>\n<\/tr>\n<\/tbody>\n<\/table>\n<h3><u>Uso<\/u>: &#8211;<\/h3>\n<ul>\n<li>Solo para aplicaciones externas.<\/li>\n<li>Seg\u00fan las indicaciones del f\u00edsico.<\/li>\n<\/ul>\n","protected":false},"excerpt":{"rendered":"<p>Kottakkal Ayurveda Kayyanyadi Keratailam es \u00fatil en el tratamiento de la p\u00e9rdida excesiva de cabello, as\u00ed como en el alivio de los trastornos de la cabeza y el cuello. Previene las puntas abiertas y el encanecimiento prematuro.<\/p>\n","protected":false},"featured_media":9766,"comment_status":"open","ping_status":"closed","template":"","meta":[],"product_brand":[],"product_cat":[200,217],"product_tag":[],"class_list":{"0":"post-9765","1":"product","2":"type-product","3":"status-publish","4":"has-post-thumbnail","6":"product_cat-marca","7":"product_cat-kottakkal","9":"first","10":"instock","11":"shipping-taxable","12":"purchasable","13":"product-type-simple"},"_links":{"self":[{"href":"https:\/\/neelayurvedics.es\/index.php?rest_route=\/wp\/v2\/product\/9765","targetHints":{"allow":["GET"]}}],"collection":[{"href":"https:\/\/neelayurvedics.es\/index.php?rest_route=\/wp\/v2\/product"}],"about":[{"href":"https:\/\/neelayurvedics.es\/index.php?rest_route=\/wp\/v2\/types\/product"}],"replies":[{"embeddable":true,"href":"https:\/\/neelayurvedics.es\/index.php?rest_route=%2Fwp%2Fv2%2Fcomments&post=9765"}],"wp:featuredmedia":[{"embeddable":true,"href":"https:\/\/neelayurvedics.es\/index.php?rest_route=\/wp\/v2\/media\/9766"}],"wp:attachment":[{"href":"https:\/\/neelayurvedics.es\/index.php?rest_route=%2Fwp%2Fv2%2Fmedia&parent=9765"}],"wp:term":[{"taxonomy":"product_brand","embeddable":true,"href":"https:\/\/neelayurvedics.es\/index.php?rest_route=%2Fwp%2Fv2%2Fproduct_brand&post=9765"},{"taxonomy":"product_cat","embeddable":true,"href":"https:\/\/neelayurvedics.es\/index.php?rest_route=%2Fwp%2Fv2%2Fproduct_cat&post=9765"},{"taxonomy":"product_tag","embeddable":true,"href":"https:\/\/neelayurvedics.es\/index.php?rest_route=%2Fwp%2Fv2%2Fproduct_tag&post=9765"}],"curies":[{"name":"wp","href":"https:\/\/api.w.org\/{rel}","templated":true}]}}