{"id":9774,"date":"2025-03-24T06:05:18","date_gmt":"2025-03-24T06:05:18","guid":{"rendered":"https:\/\/neelayurvedics.es\/?post_type=product&#038;p=9774"},"modified":"2025-03-24T06:05:22","modified_gmt":"2025-03-24T06:05:22","slug":"kottakkal-arya-vaidya-sala-khajita-pindatailam-200-gm","status":"publish","type":"product","link":"https:\/\/neelayurvedics.es\/?product=kottakkal-arya-vaidya-sala-khajita-pindatailam-200-gm","title":{"rendered":"Kottakkal Arya Vaidya Sala Khajita Pindatailam \u2013 200 Gm"},"content":{"rendered":"<h3><strong><u>Indicaci\u00f3n<\/u><\/strong><strong>\u00a0:-<\/strong><\/h3>\n<ul>\n<li>Sinovitis, gota, enfermedad inflamatoria articular aguda y neuropat\u00eda.<\/li>\n<\/ul>\n<h3><strong><u>Ingredientes<\/u><\/strong><strong>\u00a0:-<\/strong><\/h3>\n<table width=\"884\">\n<tbody>\n<tr>\n<td width=\"54\">S.NO<\/td>\n<td width=\"123\">Nombre en s\u00e1nscrito<\/td>\n<td width=\"161\">Nombre bot\u00e1nico<\/td>\n<td width=\"470\">Cantidad<\/td>\n<\/tr>\n<tr>\n<td width=\"54\">01<\/td>\n<td width=\"123\">Tailam<\/td>\n<td width=\"161\">Sesamum indicum<\/td>\n<td width=\"470\">12.000 ml<\/td>\n<\/tr>\n<tr>\n<td width=\"54\">02<\/td>\n<td width=\"123\">Aranala<\/td>\n<td width=\"161\">Gachas agrias<\/td>\n<td width=\"470\">40.000 ml<\/td>\n<\/tr>\n<tr>\n<td width=\"54\">03<\/td>\n<td width=\"123\">Manjistha<\/td>\n<td width=\"161\">Rubia cordifolia<\/td>\n<td width=\"470\">1.500 g<\/td>\n<\/tr>\n<tr>\n<td width=\"54\">04<\/td>\n<td width=\"123\">Sariba<\/td>\n<td width=\"161\">Hemidesmus indicus<\/td>\n<td width=\"470\">1.500 g<\/td>\n<\/tr>\n<tr>\n<td width=\"54\">05<\/td>\n<td width=\"123\">Sarjarasa<\/td>\n<td width=\"161\">Shorea robusta<\/td>\n<td width=\"470\">1.500 g<\/td>\n<\/tr>\n<tr>\n<td width=\"54\">06<\/td>\n<td width=\"123\">Madhucchishta<\/td>\n<td width=\"161\">Cera de abeja<\/td>\n<td width=\"470\">1.500 g<\/td>\n<\/tr>\n<\/tbody>\n<\/table>\n<h3><u>Uso<\/u>: &#8211;<\/h3>\n<ul>\n<li>Solo para aplicaciones externas.<\/li>\n<li>Seg\u00fan las indicaciones del m\u00e9dico.<\/li>\n<\/ul>\n","protected":false},"excerpt":{"rendered":"<p>Arya Vaidya Sala Kottakkal Khajitha Pinda Tailam es una medicina ayurv\u00e9dica que se utiliza principalmente para la enfermedad inflamatoria, el dolor articular, la neuropat\u00eda, el dolor perif\u00e9rico y neurop\u00e1tico.<\/p>\n","protected":false},"featured_media":9775,"comment_status":"open","ping_status":"closed","template":"","meta":[],"product_brand":[],"product_cat":[200,217],"product_tag":[],"class_list":{"0":"post-9774","1":"product","2":"type-product","3":"status-publish","4":"has-post-thumbnail","6":"product_cat-marca","7":"product_cat-kottakkal","9":"first","10":"instock","11":"shipping-taxable","12":"purchasable","13":"product-type-simple"},"_links":{"self":[{"href":"https:\/\/neelayurvedics.es\/index.php?rest_route=\/wp\/v2\/product\/9774","targetHints":{"allow":["GET"]}}],"collection":[{"href":"https:\/\/neelayurvedics.es\/index.php?rest_route=\/wp\/v2\/product"}],"about":[{"href":"https:\/\/neelayurvedics.es\/index.php?rest_route=\/wp\/v2\/types\/product"}],"replies":[{"embeddable":true,"href":"https:\/\/neelayurvedics.es\/index.php?rest_route=%2Fwp%2Fv2%2Fcomments&post=9774"}],"wp:featuredmedia":[{"embeddable":true,"href":"https:\/\/neelayurvedics.es\/index.php?rest_route=\/wp\/v2\/media\/9775"}],"wp:attachment":[{"href":"https:\/\/neelayurvedics.es\/index.php?rest_route=%2Fwp%2Fv2%2Fmedia&parent=9774"}],"wp:term":[{"taxonomy":"product_brand","embeddable":true,"href":"https:\/\/neelayurvedics.es\/index.php?rest_route=%2Fwp%2Fv2%2Fproduct_brand&post=9774"},{"taxonomy":"product_cat","embeddable":true,"href":"https:\/\/neelayurvedics.es\/index.php?rest_route=%2Fwp%2Fv2%2Fproduct_cat&post=9774"},{"taxonomy":"product_tag","embeddable":true,"href":"https:\/\/neelayurvedics.es\/index.php?rest_route=%2Fwp%2Fv2%2Fproduct_tag&post=9774"}],"curies":[{"name":"wp","href":"https:\/\/api.w.org\/{rel}","templated":true}]}}