{"id":9784,"date":"2025-03-24T06:27:42","date_gmt":"2025-03-24T06:27:42","guid":{"rendered":"https:\/\/neelayurvedics.es\/?post_type=product&#038;p=9784"},"modified":"2025-03-24T06:27:43","modified_gmt":"2025-03-24T06:27:43","slug":"kottakkal-arya-vaidya-sala-ksharatailam-50-ml","status":"publish","type":"product","link":"https:\/\/neelayurvedics.es\/?product=kottakkal-arya-vaidya-sala-ksharatailam-50-ml","title":{"rendered":"Kottakkal Arya Vaidya Sala Ksharatailam \u2013 50 ML"},"content":{"rendered":"<h3><strong><u>Indicaci\u00f3n<\/u><\/strong><strong>\u00a0:-<\/strong><\/h3>\n<ul>\n<li>Otalgia, otorrea, alteraci\u00f3n de la audici\u00f3n, tinnitus Para karnapooranam.<\/li>\n<\/ul>\n<h3><strong><u>Ingredientes<\/u><\/strong><strong>\u00a0:-<\/strong><\/h3>\n<table width=\"782\">\n<thead>\n<tr>\n<td width=\"10%\"><strong>S.No<\/strong><\/td>\n<td width=\"25%\"><strong>Nombre en s\u00e1nscrito<\/strong><\/td>\n<td width=\"38%\"><strong>Nombre bot\u00e1nico<\/strong><\/td>\n<td width=\"25%\"><strong>Cantidad\/Pesta\u00f1a<\/strong><\/td>\n<\/tr>\n<\/thead>\n<tbody>\n<tr>\n<td width=\"10%\">1<\/td>\n<td width=\"25%\">Tailam<\/td>\n<td width=\"38%\">Sesamum indicum<\/td>\n<td width=\"25%\">7.500 ml<\/td>\n<\/tr>\n<tr>\n<td width=\"10%\">2<\/td>\n<td width=\"25%\">Sarshapatailam<\/td>\n<td width=\"38%\">Brassica juncea<\/td>\n<td width=\"25%\">2.500 ml<\/td>\n<\/tr>\n<tr>\n<td width=\"10%\">3<\/td>\n<td width=\"25%\">Matulunga<\/td>\n<td width=\"38%\">C\u00edtricos medica<\/td>\n<td width=\"25%\">40.000 g<\/td>\n<\/tr>\n<tr>\n<td width=\"10%\">4<\/td>\n<td width=\"25%\">Kadali<\/td>\n<td width=\"38%\">Musa paradisiaca<\/td>\n<td width=\"25%\">40.000 g<\/td>\n<\/tr>\n<tr>\n<td width=\"10%\">5<\/td>\n<td width=\"25%\">Sushkamulaka<\/td>\n<td width=\"38%\">Porcelana Silax<\/td>\n<td width=\"25%\">0,033 g<\/td>\n<\/tr>\n<tr>\n<td width=\"10%\">6<\/td>\n<td width=\"25%\">Sunthi<\/td>\n<td width=\"38%\">Zingiber officinale<\/td>\n<td width=\"25%\">0,033 g<\/td>\n<\/tr>\n<tr>\n<td width=\"10%\">7<\/td>\n<td width=\"25%\">Hingu<\/td>\n<td width=\"38%\">Ferula assa-foetida<\/td>\n<td width=\"25%\">0,033 g<\/td>\n<\/tr>\n<tr>\n<td width=\"10%\">8<\/td>\n<td width=\"25%\">Mahowshadha<\/td>\n<td width=\"38%\">Zingiber officinale<\/td>\n<td width=\"25%\">0,033 g<\/td>\n<\/tr>\n<tr>\n<td width=\"10%\">9<\/td>\n<td width=\"25%\">Satapushpa<\/td>\n<td width=\"38%\">Anethum graveolens<\/td>\n<td width=\"25%\">0,033 g<\/td>\n<\/tr>\n<tr>\n<td width=\"10%\">10<\/td>\n<td width=\"25%\">Vacha<\/td>\n<td width=\"38%\">Acorus calamus<\/td>\n<td width=\"25%\">0,033 g<\/td>\n<\/tr>\n<tr>\n<td width=\"10%\">11<\/td>\n<td width=\"25%\">Kushta<\/td>\n<td width=\"38%\">Saussurea costus<\/td>\n<td width=\"25%\">0,033 g<\/td>\n<\/tr>\n<tr>\n<td width=\"10%\">12<\/td>\n<td width=\"25%\">Daru<\/td>\n<td width=\"38%\">Cedrus deodara<\/td>\n<td width=\"25%\">0,033 g<\/td>\n<\/tr>\n<tr>\n<td width=\"10%\">13<\/td>\n<td width=\"25%\">Sigru<\/td>\n<td width=\"38%\">Moringa oleifera<\/td>\n<td width=\"25%\">0,033 g<\/td>\n<\/tr>\n<tr>\n<td width=\"10%\">14<\/td>\n<td width=\"25%\">Rasanjana<\/td>\n<td width=\"38%\">Berberis aristata<\/td>\n<td width=\"25%\">0,033 g<\/td>\n<\/tr>\n<tr>\n<td width=\"10%\">15<\/td>\n<td width=\"25%\">Souvarchala<\/td>\n<td width=\"38%\">Sal negra<\/td>\n<td width=\"25%\">0,033 g<\/td>\n<\/tr>\n<tr>\n<td width=\"10%\">16<\/td>\n<td width=\"25%\">Yavakshara<\/td>\n<td width=\"38%\">Carbonato de potasa<\/td>\n<td width=\"25%\">0,033 g<\/td>\n<\/tr>\n<tr>\n<td width=\"10%\">17<\/td>\n<td width=\"25%\">Sorjikakshara<\/td>\n<td width=\"38%\">Carbonato de sodio crudo<\/td>\n<td width=\"25%\">0,033 g<\/td>\n<\/tr>\n<tr>\n<td width=\"10%\">18<\/td>\n<td width=\"25%\">Audbhida<\/td>\n<td width=\"38%\">Reh<\/td>\n<td width=\"25%\">0,033 g<\/td>\n<\/tr>\n<tr>\n<td width=\"10%\">19<\/td>\n<td width=\"25%\">Saindhava<\/td>\n<td width=\"38%\">Sal de roca<\/td>\n<td width=\"25%\">0,033 g<\/td>\n<\/tr>\n<tr>\n<td width=\"10%\">20<\/td>\n<td width=\"25%\">Bhurja<\/td>\n<td width=\"38%\">Betula utilis<\/td>\n<td width=\"25%\">0,033 g<\/td>\n<\/tr>\n<tr>\n<td width=\"10%\">21<\/td>\n<td width=\"25%\">Grandhi<\/td>\n<td width=\"38%\">Piper longum (var. silvestre)<\/td>\n<td width=\"25%\">0,033 g<\/td>\n<\/tr>\n<tr>\n<td width=\"10%\">22<\/td>\n<td width=\"25%\">Vila<\/td>\n<td width=\"38%\">Sal amoniacal<\/td>\n<td width=\"25%\">0,033 g<\/td>\n<\/tr>\n<tr>\n<td width=\"10%\">23<\/td>\n<td width=\"25%\">Mustha<\/td>\n<td width=\"38%\">Cyperus rotundus<\/td>\n<td width=\"25%\">0,033 g<\/td>\n<\/tr>\n<\/tbody>\n<\/table>\n<h3><u>Uso<\/u>: &#8211;<\/h3>\n<ul>\n<li>Seg\u00fan las indicaciones del m\u00e9dico.<\/li>\n<\/ul>\n","protected":false},"excerpt":{"rendered":"<p>Kottakkal Arya Vaidya Sala Kshara Tailam es una medicina ayurv\u00e9dica que se utiliza principalmente para el tratamiento del dolor de o\u00eddo, la secreci\u00f3n del o\u00eddo y la p\u00e9rdida de audici\u00f3n.<\/p>\n","protected":false},"featured_media":9785,"comment_status":"open","ping_status":"closed","template":"","meta":[],"product_brand":[],"product_cat":[200,217],"product_tag":[],"class_list":{"0":"post-9784","1":"product","2":"type-product","3":"status-publish","4":"has-post-thumbnail","6":"product_cat-marca","7":"product_cat-kottakkal","9":"first","10":"instock","11":"shipping-taxable","12":"purchasable","13":"product-type-simple"},"_links":{"self":[{"href":"https:\/\/neelayurvedics.es\/index.php?rest_route=\/wp\/v2\/product\/9784","targetHints":{"allow":["GET"]}}],"collection":[{"href":"https:\/\/neelayurvedics.es\/index.php?rest_route=\/wp\/v2\/product"}],"about":[{"href":"https:\/\/neelayurvedics.es\/index.php?rest_route=\/wp\/v2\/types\/product"}],"replies":[{"embeddable":true,"href":"https:\/\/neelayurvedics.es\/index.php?rest_route=%2Fwp%2Fv2%2Fcomments&post=9784"}],"wp:featuredmedia":[{"embeddable":true,"href":"https:\/\/neelayurvedics.es\/index.php?rest_route=\/wp\/v2\/media\/9785"}],"wp:attachment":[{"href":"https:\/\/neelayurvedics.es\/index.php?rest_route=%2Fwp%2Fv2%2Fmedia&parent=9784"}],"wp:term":[{"taxonomy":"product_brand","embeddable":true,"href":"https:\/\/neelayurvedics.es\/index.php?rest_route=%2Fwp%2Fv2%2Fproduct_brand&post=9784"},{"taxonomy":"product_cat","embeddable":true,"href":"https:\/\/neelayurvedics.es\/index.php?rest_route=%2Fwp%2Fv2%2Fproduct_cat&post=9784"},{"taxonomy":"product_tag","embeddable":true,"href":"https:\/\/neelayurvedics.es\/index.php?rest_route=%2Fwp%2Fv2%2Fproduct_tag&post=9784"}],"curies":[{"name":"wp","href":"https:\/\/api.w.org\/{rel}","templated":true}]}}