{"id":9819,"date":"2025-03-24T08:04:06","date_gmt":"2025-03-24T08:04:06","guid":{"rendered":"https:\/\/neelayurvedics.es\/?post_type=product&#038;p=9819"},"modified":"2025-09-10T12:50:20","modified_gmt":"2025-09-10T12:50:20","slug":"kottakkal-arya-vaidya-sala-manasamithra-vatakam-100-tableta","status":"publish","type":"product","link":"https:\/\/neelayurvedics.es\/?product=kottakkal-arya-vaidya-sala-manasamithra-vatakam-100-tableta","title":{"rendered":"Kottakkal Arya Vaidya Sala Manasamithra Vatakam \u2013 100 Tableta"},"content":{"rendered":"<h3><strong><u>Indicaci\u00f3n<\/u><\/strong><strong>\u00a0:-<\/strong><\/h3>\n<ul>\n<li>Demencia, insomnio, trastorno convulsivo, retraso psicomotor Mejora la memoria y las facultades intelectuales.<\/li>\n<\/ul>\n<h3><strong><u>Ingredientes<\/u><\/strong><strong>\u00a0:-<\/strong><\/h3>\n<table width=\"602\">\n<thead>\n<tr>\n<td width=\"10%\">S.No<\/td>\n<td width=\"31%\">Nombre s\u00e1nscrito<\/td>\n<td width=\"41%\">Nombre bot\u00e1nico<\/td>\n<td width=\"16%\">Cantidad\/Pesta\u00f1a<\/td>\n<\/tr>\n<\/thead>\n<tbody>\n<tr>\n<td width=\"10%\">01<\/td>\n<td width=\"31%\">Bala<\/td>\n<td width=\"41%\">Sida cordifolia<\/td>\n<td width=\"16%\">0,002 g<\/td>\n<\/tr>\n<tr>\n<td width=\"10%\">02<\/td>\n<td width=\"31%\">Nagabala<\/td>\n<td width=\"41%\">Sida cordata<\/td>\n<td width=\"16%\">0,002 g<\/td>\n<\/tr>\n<tr>\n<td width=\"10%\">03<\/td>\n<td width=\"31%\">Vilva<\/td>\n<td width=\"41%\">Aegle marmelos<\/td>\n<td width=\"16%\">0,002 g<\/td>\n<\/tr>\n<tr>\n<td width=\"10%\">04<\/td>\n<td width=\"31%\">Dhavanimula<\/td>\n<td width=\"41%\">Pseudarthria viscida<\/td>\n<td width=\"16%\">0,002 g<\/td>\n<\/tr>\n<tr>\n<td width=\"10%\">05<\/td>\n<td width=\"31%\">Vidruma<\/td>\n<td width=\"41%\">Coral<\/td>\n<td width=\"16%\">0,002 g<\/td>\n<\/tr>\n<tr>\n<td width=\"10%\">06<\/td>\n<td width=\"31%\">Sankhupushpi<\/td>\n<td width=\"41%\">Convolvulus pluricaulis<\/td>\n<td width=\"16%\">0,002 g<\/td>\n<\/tr>\n<tr>\n<td width=\"10%\">07<\/td>\n<td width=\"31%\">Tamrachudapadika<\/td>\n<td width=\"41%\">Salacia reticulata<\/td>\n<td width=\"16%\">0,002 g<\/td>\n<\/tr>\n<tr>\n<td width=\"10%\">08<\/td>\n<td width=\"31%\">Hema<\/td>\n<td width=\"41%\">Oro<\/td>\n<td width=\"16%\">0,002 g<\/td>\n<\/tr>\n<tr>\n<td width=\"10%\">09<\/td>\n<td width=\"31%\">Pushkara<\/td>\n<td width=\"41%\">Inula racemosa<\/td>\n<td width=\"16%\">0,002 g<\/td>\n<\/tr>\n<tr>\n<td width=\"10%\">10<\/td>\n<td width=\"31%\">Mrigasringa<\/td>\n<td width=\"41%\">Cuerno de b\u00fafalo<\/td>\n<td width=\"16%\">0,002 g<\/td>\n<\/tr>\n<tr>\n<td width=\"10%\">11<\/td>\n<td width=\"31%\">Vacha<\/td>\n<td width=\"41%\">Acorus calamus<\/td>\n<td width=\"16%\">0,002 g<\/td>\n<\/tr>\n<tr>\n<td width=\"10%\">12<\/td>\n<td width=\"31%\">Tapya<\/td>\n<td width=\"41%\">Pirita de hierro<\/td>\n<td width=\"16%\">0,002 g<\/td>\n<\/tr>\n<tr>\n<td width=\"10%\">13<\/td>\n<td width=\"31%\">Chandana<\/td>\n<td width=\"41%\">\u00c1lbum de Santalum<\/td>\n<td width=\"16%\">0,002 g<\/td>\n<\/tr>\n<tr>\n<td width=\"10%\">14<\/td>\n<td width=\"31%\">Raktachandana<\/td>\n<td width=\"41%\">Pterocarpus santalinus<\/td>\n<td width=\"16%\">0,002 g<\/td>\n<\/tr>\n<tr>\n<td width=\"10%\">15<\/td>\n<td width=\"31%\">Mauktika<\/td>\n<td width=\"41%\">Perla<\/td>\n<td width=\"16%\">0,002 g<\/td>\n<\/tr>\n<tr>\n<td width=\"10%\">16<\/td>\n<td width=\"31%\">Kalaloha<\/td>\n<td width=\"41%\">Hierro<\/td>\n<td width=\"16%\">0,002 g<\/td>\n<\/tr>\n<tr>\n<td width=\"10%\">17<\/td>\n<td width=\"31%\">Madhukatvak<\/td>\n<td width=\"41%\">Madhuca longifolia<\/td>\n<td width=\"16%\">0,002 g<\/td>\n<\/tr>\n<tr>\n<td width=\"10%\">18<\/td>\n<td width=\"31%\">Magadhi<\/td>\n<td width=\"41%\">Piper longum<\/td>\n<td width=\"16%\">0,002 g<\/td>\n<\/tr>\n<tr>\n<td width=\"10%\">19<\/td>\n<td width=\"31%\">Ghanasara<\/td>\n<td width=\"41%\">Cinnamomum camphora<\/td>\n<td width=\"16%\">0,002 g<\/td>\n<\/tr>\n<tr>\n<td width=\"10%\">20<\/td>\n<td width=\"31%\">Aileyaka<\/td>\n<td width=\"41%\">Mukia maderaspatana<\/td>\n<td width=\"16%\">0,002 g<\/td>\n<\/tr>\n<tr>\n<td width=\"10%\">21<\/td>\n<td width=\"31%\">Visala<\/td>\n<td width=\"41%\">Citrullus colocynthis<\/td>\n<td width=\"16%\">0.002 g<\/td>\n<\/tr>\n<tr>\n<td width=\"10%\">22<\/td>\n<td width=\"31%\">Arkaraga<\/td>\n<td width=\"41%\">Lodoicea maldivica<\/td>\n<td width=\"16%\">0.002 g<\/td>\n<\/tr>\n<tr>\n<td width=\"10%\">23<\/td>\n<td width=\"31%\">Nirgundi<\/td>\n<td width=\"41%\">Vitex negundo<\/td>\n<td width=\"16%\">0.002 g<\/td>\n<\/tr>\n<tr>\n<td width=\"10%\">24<\/td>\n<td width=\"31%\">Plava<\/td>\n<td width=\"41%\">Cyperus esculentus<\/td>\n<td width=\"16%\">0.002 g<\/td>\n<\/tr>\n<tr>\n<td width=\"10%\">25<\/td>\n<td width=\"31%\">Rasna<\/td>\n<td width=\"41%\">Alpinia galanga<\/td>\n<td width=\"16%\">0.002 g<\/td>\n<\/tr>\n<tr>\n<td width=\"10%\">26<\/td>\n<td width=\"31%\">Rajata<\/td>\n<td width=\"41%\">Silver<\/td>\n<td width=\"16%\">0.002 g<\/td>\n<\/tr>\n<tr>\n<td width=\"10%\">27<\/td>\n<td width=\"31%\">Saileya<\/td>\n<td width=\"41%\">Parmelia perlata<\/td>\n<td width=\"16%\">0.002 g<\/td>\n<\/tr>\n<tr>\n<td width=\"10%\">28<\/td>\n<td width=\"31%\">Gojihwa<\/td>\n<td width=\"41%\">Berberis aristata<\/td>\n<td width=\"16%\">0.002 g<\/td>\n<\/tr>\n<tr>\n<td width=\"10%\">29<\/td>\n<td width=\"31%\">Patmakesara<\/td>\n<td width=\"41%\">Nelumbo nucifera<\/td>\n<td width=\"16%\">0.002 g<\/td>\n<\/tr>\n<tr>\n<td width=\"10%\">30<\/td>\n<td width=\"31%\">Dvijivaka<\/td>\n<td width=\"41%\">Pueraria tuberosa (sub.)<\/td>\n<td width=\"16%\">0.004 g<\/td>\n<\/tr>\n<tr>\n<td width=\"10%\">31<\/td>\n<td width=\"31%\">Dvikakoli<\/td>\n<td width=\"41%\">Withania somnifera (sub.)<\/td>\n<td width=\"16%\">0.004 g<\/td>\n<\/tr>\n<tr>\n<td width=\"10%\">32<\/td>\n<td width=\"31%\">Brihati<\/td>\n<td width=\"41%\">Solanum anguivi<\/td>\n<td width=\"16%\">0.002 g<\/td>\n<\/tr>\n<tr>\n<td width=\"10%\">33<\/td>\n<td width=\"31%\">Nidigdhika<\/td>\n<td width=\"41%\">Solanum virginianum<\/td>\n<td width=\"16%\">0.002 g<\/td>\n<\/tr>\n<tr>\n<td width=\"10%\">34<\/td>\n<td width=\"31%\">Sravani<\/td>\n<td width=\"41%\">Sphaeranthus indicus<\/td>\n<td width=\"16%\">0.002 g<\/td>\n<\/tr>\n<tr>\n<td width=\"10%\">35<\/td>\n<td width=\"31%\">Mahasravani<\/td>\n<td width=\"41%\">Sphaeranthus africanus<\/td>\n<td width=\"16%\">0.002 g<\/td>\n<\/tr>\n<tr>\n<td width=\"10%\">36<\/td>\n<td width=\"31%\">Bhunimba<\/td>\n<td width=\"41%\">Swertia chirata<\/td>\n<td width=\"16%\">0,002 g<\/td>\n<\/tr>\n<tr>\n<td width=\"10%\">37<\/td>\n<td width=\"31%\">Kritamala<\/td>\n<td width=\"41%\">F\u00edstula de Cassia<\/td>\n<td width=\"16%\">0,002 g<\/td>\n<\/tr>\n<tr>\n<td width=\"10%\">38<\/td>\n<td width=\"31%\">Parushaka<\/td>\n<td width=\"41%\">Grewia asi\u00e1tica<\/td>\n<td width=\"16%\">0,002 g<\/td>\n<\/tr>\n<tr>\n<td width=\"10%\">39<\/td>\n<td width=\"31%\">Haritaki<\/td>\n<td width=\"41%\">Terminalia chebula<\/td>\n<td width=\"16%\">0,002 g<\/td>\n<\/tr>\n<tr>\n<td width=\"10%\">40<\/td>\n<td width=\"31%\">Amalaki<\/td>\n<td width=\"41%\">Phyllanthes emblica<\/td>\n<td width=\"16%\">0,002 g<\/td>\n<\/tr>\n<tr>\n<td width=\"10%\">41<\/td>\n<td width=\"31%\">Vibhitaki<\/td>\n<td width=\"41%\">Terminalia bellirica<\/td>\n<td width=\"16%\">0,002 g<\/td>\n<\/tr>\n<tr>\n<td width=\"10%\">42<\/td>\n<td width=\"31%\">Amrita<\/td>\n<td width=\"41%\">Tinospora cordifolia<\/td>\n<td width=\"16%\">0,002 g<\/td>\n<\/tr>\n<tr>\n<td width=\"10%\">43<\/td>\n<td width=\"31%\">Gopika<\/td>\n<td width=\"41%\">Hemidesmus indicus<\/td>\n<td width=\"16%\">0,002 g<\/td>\n<\/tr>\n<tr>\n<td width=\"10%\">44<\/td>\n<td width=\"31%\">Ulpalasariba<\/td>\n<td width=\"41%\">Ichnocarpus frutescens<\/td>\n<td width=\"16%\">0,002 g<\/td>\n<\/tr>\n<tr>\n<td width=\"10%\">45<\/td>\n<td width=\"31%\">Jivanti<\/td>\n<td width=\"41%\">Leptadenia reticulata<\/td>\n<td width=\"16%\">0,002 g<\/td>\n<\/tr>\n<tr>\n<td width=\"10%\">46<\/td>\n<td width=\"31%\">Somavalli<\/td>\n<td width=\"41%\">Sarcostemma acidum<\/td>\n<td width=\"16%\">0,002 g<\/td>\n<\/tr>\n<tr>\n<td width=\"10%\">47<\/td>\n<td width=\"31%\">Hayagandha<\/td>\n<td width=\"41%\">Withania somnifera<\/td>\n<td width=\"16%\">0,002 g<\/td>\n<\/tr>\n<tr>\n<td width=\"10%\">48<\/td>\n<td width=\"31%\">Nisa<\/td>\n<td width=\"41%\">C\u00farcuma longa<\/td>\n<td width=\"16%\">0,002 g<\/td>\n<\/tr>\n<tr>\n<td width=\"10%\">49<\/td>\n<td width=\"31%\">Usira<\/td>\n<td width=\"41%\">Vetiveria zizaniodes<\/td>\n<td width=\"16%\">0,002 g<\/td>\n<\/tr>\n<tr>\n<td width=\"10%\">50<\/td>\n<td width=\"31%\">Draksha<\/td>\n<td width=\"41%\">Vitis vinifera<\/td>\n<td width=\"16%\">0,002 g<\/td>\n<\/tr>\n<tr>\n<td width=\"10%\">51<\/td>\n<td width=\"31%\">Yashtyahwa<\/td>\n<td width=\"41%\">Glycyrrhiza glabra<\/td>\n<td width=\"16%\">0,002 g<\/td>\n<\/tr>\n<tr>\n<td width=\"10%\">52<\/td>\n<td width=\"31%\">Riddhi<\/td>\n<td width=\"41%\">Curculigo orchioides (sub.)<\/td>\n<td width=\"16%\">0,002 g<\/td>\n<\/tr>\n<tr>\n<td width=\"10%\">53<\/td>\n<td width=\"31%\">Durva<\/td>\n<td width=\"41%\">Cynodon dactylon<\/td>\n<td width=\"16%\">0,002 g<\/td>\n<\/tr>\n<tr>\n<td width=\"10%\">54<\/td>\n<td width=\"31%\">Hamsapadi<\/td>\n<td width=\"41%\">Desmodium triflorum<\/td>\n<td width=\"16%\">0,002 g<\/td>\n<\/tr>\n<tr>\n<td width=\"10%\">55<\/td>\n<td width=\"31%\">Bhadra<\/td>\n<td width=\"41%\">Aerva lanata<\/td>\n<td width=\"16%\">0,002 g<\/td>\n<\/tr>\n<tr>\n<td width=\"10%\">56<\/td>\n<td width=\"31%\">Lavanga<\/td>\n<td width=\"41%\">Cinnamomum verum<\/td>\n<td width=\"16%\">0,002 g<\/td>\n<\/tr>\n<tr>\n<td width=\"10%\">57<\/td>\n<td width=\"31%\">Tulasidala<\/td>\n<td width=\"41%\">Ocimum tenuiiflorum<\/td>\n<td width=\"16%\">0,002 g<\/td>\n<\/tr>\n<tr>\n<td width=\"10%\">58<\/td>\n<td width=\"31%\">Kankola<\/td>\n<td width=\"41%\">Piper cubeba<\/td>\n<td width=\"16%\">0,002 g<\/td>\n<\/tr>\n<tr>\n<td width=\"10%\">59<\/td>\n<td width=\"31%\">Kunkuma<\/td>\n<td width=\"41%\">Crocus sativus<\/td>\n<td width=\"16%\">0,002 g<\/td>\n<\/tr>\n<tr>\n<td width=\"10%\">60<\/td>\n<td width=\"31%\">Brahmi<\/td>\n<td width=\"41%\">Bacopa monnieri<\/td>\n<td width=\"16%\">Q. S.<\/td>\n<\/tr>\n<tr>\n<td width=\"10%\">61<\/td>\n<td width=\"31%\">Sankhupushpi<\/td>\n<td width=\"41%\">Convolvulus pluricaulis<\/td>\n<td width=\"16%\">Q. S.<\/td>\n<\/tr>\n<tr>\n<td width=\"10%\">62<\/td>\n<td width=\"31%\">Vacha<\/td>\n<td width=\"41%\">Acorus calamus<\/td>\n<td width=\"16%\">Q. S.<\/td>\n<\/tr>\n<tr>\n<td width=\"10%\">63<\/td>\n<td width=\"31%\">Ananta<\/td>\n<td width=\"41%\">Cynodon dactylon<\/td>\n<td width=\"16%\">Q. S.<\/td>\n<\/tr>\n<tr>\n<td width=\"10%\">64<\/td>\n<td width=\"31%\">Lakshamana<\/td>\n<td width=\"41%\">Ipomoea sepiaria<\/td>\n<td width=\"16%\">Q. S.<\/td>\n<\/tr>\n<tr>\n<td width=\"10%\">65<\/td>\n<td width=\"31%\">Vilva<\/td>\n<td width=\"41%\">Aegle marmelos<\/td>\n<td width=\"16%\">Q. S..<\/td>\n<\/tr>\n<tr>\n<td width=\"10%\">66<\/td>\n<td width=\"31%\">Bala<\/td>\n<td width=\"41%\">Sida cordifolia<\/td>\n<td width=\"16%\">Q. S.<\/td>\n<\/tr>\n<tr>\n<td width=\"10%\">67<\/td>\n<td width=\"31%\">Gokshira<\/td>\n<td width=\"41%\">Leche<\/td>\n<td width=\"16%\">Q. S.<\/td>\n<\/tr>\n<tr>\n<td width=\"10%\">68<\/td>\n<td width=\"31%\">Stanya<\/td>\n<td width=\"41%\">Leche (Sub.)<\/td>\n<td width=\"16%\">Q. S.<\/td>\n<\/tr>\n<tr>\n<td width=\"10%\">69<\/td>\n<td width=\"31%\">Jiraka<\/td>\n<td width=\"41%\">Cuminum cyminum<\/td>\n<td width=\"16%\">Q. S.<\/td>\n<\/tr>\n<tr>\n<td width=\"10%\">70<\/td>\n<td width=\"31%\">Somavalli<\/td>\n<td width=\"41%\">Sarcostemma acidum<\/td>\n<td width=\"16%\">Q. S.<\/td>\n<\/tr>\n<\/tbody>\n<\/table>\n<h3><u>Dosis<\/u>\u00a0:-<\/h3>\n<ul>\n<li>1-2 tabletas dos veces al d\u00eda o seg\u00fan las indicaciones del m\u00e9dico.<\/li>\n<\/ul>\n","protected":false},"excerpt":{"rendered":"<p>Kottakkal Arya Vaidya Sala Manasamithra Vatakam Act\u00faa como un potente antiestr\u00e9s, ansiol\u00edtico y antidepresivo. Es un medicamento m\u00e1s seguro para el tratamiento de los trastornos mentales en comparaci\u00f3n con los f\u00e1rmacos alop\u00e1ticos convencionales.retraso psicomotor Mejora la memoria y tambi\u00e9n las facultades intelectuales.<\/p>\n","protected":false},"featured_media":9820,"comment_status":"open","ping_status":"closed","template":"","meta":[],"product_brand":[],"product_cat":[200,217],"product_tag":[],"class_list":{"0":"post-9819","1":"product","2":"type-product","3":"status-publish","4":"has-post-thumbnail","6":"product_cat-marca","7":"product_cat-kottakkal","9":"first","10":"instock","11":"shipping-taxable","12":"purchasable","13":"product-type-simple"},"_links":{"self":[{"href":"https:\/\/neelayurvedics.es\/index.php?rest_route=\/wp\/v2\/product\/9819","targetHints":{"allow":["GET"]}}],"collection":[{"href":"https:\/\/neelayurvedics.es\/index.php?rest_route=\/wp\/v2\/product"}],"about":[{"href":"https:\/\/neelayurvedics.es\/index.php?rest_route=\/wp\/v2\/types\/product"}],"replies":[{"embeddable":true,"href":"https:\/\/neelayurvedics.es\/index.php?rest_route=%2Fwp%2Fv2%2Fcomments&post=9819"}],"wp:featuredmedia":[{"embeddable":true,"href":"https:\/\/neelayurvedics.es\/index.php?rest_route=\/wp\/v2\/media\/9820"}],"wp:attachment":[{"href":"https:\/\/neelayurvedics.es\/index.php?rest_route=%2Fwp%2Fv2%2Fmedia&parent=9819"}],"wp:term":[{"taxonomy":"product_brand","embeddable":true,"href":"https:\/\/neelayurvedics.es\/index.php?rest_route=%2Fwp%2Fv2%2Fproduct_brand&post=9819"},{"taxonomy":"product_cat","embeddable":true,"href":"https:\/\/neelayurvedics.es\/index.php?rest_route=%2Fwp%2Fv2%2Fproduct_cat&post=9819"},{"taxonomy":"product_tag","embeddable":true,"href":"https:\/\/neelayurvedics.es\/index.php?rest_route=%2Fwp%2Fv2%2Fproduct_tag&post=9819"}],"curies":[{"name":"wp","href":"https:\/\/api.w.org\/{rel}","templated":true}]}}