{"id":9823,"date":"2025-03-24T08:09:23","date_gmt":"2025-03-24T08:09:23","guid":{"rendered":"https:\/\/neelayurvedics.es\/?post_type=product&#038;p=9823"},"modified":"2025-03-24T08:09:24","modified_gmt":"2025-03-24T08:09:24","slug":"kottakkal-arya-vaidya-sala-mandoora-vatakam-100-tableta","status":"publish","type":"product","link":"https:\/\/neelayurvedics.es\/?product=kottakkal-arya-vaidya-sala-mandoora-vatakam-100-tableta","title":{"rendered":"Kottakkal Arya Vaidya Sala Mandoora Vatakam \u2013 100 Tableta"},"content":{"rendered":"<h3><strong><u>Indicaci\u00f3n<\/u><\/strong><strong>\u00a0:-<\/strong><\/h3>\n<ul>\n<li>Anemia, ictericia, edema, urusthambha.<\/li>\n<\/ul>\n<h3><strong><u>Ingredientes<\/u><\/strong><strong>\u00a0:-<\/strong><\/h3>\n<table width=\"558\">\n<thead>\n<tr>\n<td width=\"10%\">S.No<\/td>\n<td width=\"26%\">Nombre en s\u00e1nscrito<\/td>\n<td width=\"44%\">Nombre bot\u00e1nico<\/td>\n<td width=\"17%\">Cantidad\/Pesta\u00f1a<\/td>\n<\/tr>\n<\/thead>\n<tbody>\n<tr>\n<td width=\"10%\">01<\/td>\n<td width=\"26%\">Makshika<\/td>\n<td width=\"44%\">Ferri sulphuratum<\/td>\n<td width=\"17%\">0,025 g<\/td>\n<\/tr>\n<tr>\n<td width=\"10%\">02<\/td>\n<td width=\"26%\">Grandhika<\/td>\n<td width=\"44%\">Piper longum (var. silvestre)<\/td>\n<td width=\"17%\">0,025 g<\/td>\n<\/tr>\n<tr>\n<td width=\"10%\">03<\/td>\n<td width=\"26%\">Devadaru<\/td>\n<td width=\"44%\">Cedrus deodara<\/td>\n<td width=\"17%\">0,025 g<\/td>\n<\/tr>\n<tr>\n<td width=\"10%\">04<\/td>\n<td width=\"26%\">Sunthi<\/td>\n<td width=\"44%\">Zingiber officinale<\/td>\n<td width=\"17%\">0,025 g<\/td>\n<\/tr>\n<tr>\n<td width=\"10%\">05<\/td>\n<td width=\"26%\">Maricha<\/td>\n<td width=\"44%\">Piper nigrum<\/td>\n<td width=\"17%\">0,025 g<\/td>\n<\/tr>\n<tr>\n<td width=\"10%\">06<\/td>\n<td width=\"26%\">Pippali<\/td>\n<td width=\"44%\">Piper longum<\/td>\n<td width=\"17%\">0,025 g<\/td>\n<\/tr>\n<tr>\n<td width=\"10%\">07<\/td>\n<td width=\"26%\">Darvi<\/td>\n<td width=\"44%\">Berberis aristata<\/td>\n<td width=\"17%\">0,025 g<\/td>\n<\/tr>\n<tr>\n<td width=\"10%\">08<\/td>\n<td width=\"26%\">Chavya<\/td>\n<td width=\"44%\">Salmone\u00faa gaitero<\/td>\n<td width=\"17%\">0,025 g<\/td>\n<\/tr>\n<tr>\n<td width=\"10%\">09<\/td>\n<td width=\"26%\">Agni<\/td>\n<td width=\"44%\">Plumbago zeylanica<\/td>\n<td width=\"17%\">0,025 g<\/td>\n<\/tr>\n<tr>\n<td width=\"10%\">10<\/td>\n<td width=\"26%\">Vella<\/td>\n<td width=\"44%\">Embelia ribes<\/td>\n<td width=\"17%\">0,025 g<\/td>\n<\/tr>\n<tr>\n<td width=\"10%\">11<\/td>\n<td width=\"26%\">Haritaki<\/td>\n<td width=\"44%\">Terminalia chebula<\/td>\n<td width=\"17%\">0,025 g<\/td>\n<\/tr>\n<tr>\n<td width=\"10%\">12<\/td>\n<td width=\"26%\">Amalaki<\/td>\n<td width=\"44%\">Phyllanthus emblica<\/td>\n<td width=\"17%\">0,025 g<\/td>\n<\/tr>\n<tr>\n<td width=\"10%\">13<\/td>\n<td width=\"26%\">Vibhitaki<\/td>\n<td width=\"44%\">Terminalia bellirica<\/td>\n<td width=\"17%\">0,025 g<\/td>\n<\/tr>\n<tr>\n<td width=\"10%\">14<\/td>\n<td width=\"26%\">Musta<\/td>\n<td width=\"44%\">Cyperus rotundus<\/td>\n<td width=\"17%\">0,025 g<\/td>\n<\/tr>\n<tr>\n<td width=\"10%\">15<\/td>\n<td width=\"26%\">Mandura<\/td>\n<td width=\"44%\">\u00d3xido ferroso-f\u00e9rrico<\/td>\n<td width=\"17%\">0,685 g<\/td>\n<\/tr>\n<tr>\n<td width=\"10%\">16<\/td>\n<td width=\"26%\">Gomutra<\/td>\n<td width=\"44%\">Orina de vaca<\/td>\n<td width=\"17%\">Q. S.<\/td>\n<\/tr>\n<\/tbody>\n<\/table>\n<h3><u>Dosis<\/u>\u00a0:-<\/h3>\n<ul>\n<li>Seg\u00fan las indicaciones del m\u00e9dico.<\/li>\n<\/ul>\n","protected":false},"excerpt":{"rendered":"<p>Es bueno para las afecciones hep\u00e1ticas y es eficaz para usar en la ictericia, el h\u00edgado graso y la hepatitis. Es \u00fatil en los trastornos espl\u00e9nicos, ya que tiene acci\u00f3n purificadora de la sangre.<\/p>\n","protected":false},"featured_media":9825,"comment_status":"open","ping_status":"closed","template":"","meta":[],"product_brand":[],"product_cat":[200,217],"product_tag":[],"class_list":{"0":"post-9823","1":"product","2":"type-product","3":"status-publish","4":"has-post-thumbnail","6":"product_cat-marca","7":"product_cat-kottakkal","9":"first","10":"instock","11":"shipping-taxable","12":"purchasable","13":"product-type-simple"},"_links":{"self":[{"href":"https:\/\/neelayurvedics.es\/index.php?rest_route=\/wp\/v2\/product\/9823","targetHints":{"allow":["GET"]}}],"collection":[{"href":"https:\/\/neelayurvedics.es\/index.php?rest_route=\/wp\/v2\/product"}],"about":[{"href":"https:\/\/neelayurvedics.es\/index.php?rest_route=\/wp\/v2\/types\/product"}],"replies":[{"embeddable":true,"href":"https:\/\/neelayurvedics.es\/index.php?rest_route=%2Fwp%2Fv2%2Fcomments&post=9823"}],"wp:featuredmedia":[{"embeddable":true,"href":"https:\/\/neelayurvedics.es\/index.php?rest_route=\/wp\/v2\/media\/9825"}],"wp:attachment":[{"href":"https:\/\/neelayurvedics.es\/index.php?rest_route=%2Fwp%2Fv2%2Fmedia&parent=9823"}],"wp:term":[{"taxonomy":"product_brand","embeddable":true,"href":"https:\/\/neelayurvedics.es\/index.php?rest_route=%2Fwp%2Fv2%2Fproduct_brand&post=9823"},{"taxonomy":"product_cat","embeddable":true,"href":"https:\/\/neelayurvedics.es\/index.php?rest_route=%2Fwp%2Fv2%2Fproduct_cat&post=9823"},{"taxonomy":"product_tag","embeddable":true,"href":"https:\/\/neelayurvedics.es\/index.php?rest_route=%2Fwp%2Fv2%2Fproduct_tag&post=9823"}],"curies":[{"name":"wp","href":"https:\/\/api.w.org\/{rel}","templated":true}]}}