{"id":9828,"date":"2025-03-24T09:54:27","date_gmt":"2025-03-24T09:54:27","guid":{"rendered":"https:\/\/neelayurvedics.es\/?post_type=product&#038;p=9828"},"modified":"2025-03-24T09:54:38","modified_gmt":"2025-03-24T09:54:38","slug":"kottakkal-arya-vaidya-sala-mehasamhari-gulika-100-tableta","status":"publish","type":"product","link":"https:\/\/neelayurvedics.es\/?product=kottakkal-arya-vaidya-sala-mehasamhari-gulika-100-tableta","title":{"rendered":"Kottakkal Arya Vaidya Sala Mehasamhari Gulika \u2013 100 Tableta"},"content":{"rendered":"<h3><strong><u>Indicaci\u00f3n<\/u><\/strong><strong>\u00a0:-<\/strong><\/h3>\n<ul>\n<li>Diabetes mellitus.<\/li>\n<\/ul>\n<h3><strong><u>Ingredientes<\/u><\/strong><strong>\u00a0:-<\/strong><\/h3>\n<table width=\"86%\">\n<thead>\n<tr>\n<td width=\"10%\"><strong>S.No<\/strong><\/td>\n<td width=\"27%\"><strong>Nombre en s\u00e1nscrito<\/strong><\/td>\n<td width=\"35%\"><strong>Nombre bot\u00e1nico<\/strong><\/td>\n<td width=\"25%\"><strong>Cantidad\/Pesta\u00f1a<\/strong><\/td>\n<\/tr>\n<\/thead>\n<tbody>\n<tr>\n<td width=\"10%\">1<\/td>\n<td width=\"27%\">Svetagunja<\/td>\n<td width=\"35%\">Abrus precatorius<\/td>\n<td width=\"25%\">0,030 g<\/td>\n<\/tr>\n<tr>\n<td width=\"10%\">2<\/td>\n<td width=\"27%\">Abhra<\/td>\n<td width=\"35%\">Mica<\/td>\n<td width=\"25%\">0,060 g<\/td>\n<\/tr>\n<tr>\n<td width=\"10%\">3<\/td>\n<td width=\"27%\">Loha<\/td>\n<td width=\"35%\">Hierro<\/td>\n<td width=\"25%\">0,030 g<\/td>\n<\/tr>\n<tr>\n<td width=\"10%\">4<\/td>\n<td width=\"27%\">Sailodbhava<\/td>\n<td width=\"35%\">Asphaltum<\/td>\n<td width=\"25%\">0,060 g<\/td>\n<\/tr>\n<tr>\n<td width=\"10%\">5<\/td>\n<td width=\"27%\">Kodina<\/td>\n<td width=\"35%\">Kodine<\/td>\n<td width=\"25%\">0,030 g<\/td>\n<\/tr>\n<tr>\n<td width=\"10%\">6<\/td>\n<td width=\"27%\">Meharikvatham<\/td>\n<td width=\"35%\">Salacia reticulata<\/td>\n<td width=\"25%\">0,217 ml<\/td>\n<\/tr>\n<\/tbody>\n<\/table>\n<h3><u>Dosis<\/u>\u00a0:-<\/h3>\n<ul>\n<li>Los comprimidos se pueden tragar seg\u00fan la dosis prescrita. Las p\u00edldoras para uso interno pueden mezclarse con agua tibia o cualquier otro drava dravya recetado o seg\u00fan las indicaciones del m\u00e9dico.<\/li>\n<\/ul>\n<h3><u>Precauci\u00f3n<\/u>\u00a0:-<\/h3>\n<ul>\n<li>A ser tomado bajo supervisi\u00f3n m\u00e9dica.<\/li>\n<\/ul>\n","protected":false},"excerpt":{"rendered":"<p>Kottakkal Arya Vaidya Sala Mehasamhari Gulika es una medicina ayurv\u00e9dica utilizada para el tratamiento de la diabetes.<\/p>\n","protected":false},"featured_media":9829,"comment_status":"open","ping_status":"closed","template":"","meta":[],"product_brand":[],"product_cat":[200,217],"product_tag":[],"class_list":{"0":"post-9828","1":"product","2":"type-product","3":"status-publish","4":"has-post-thumbnail","6":"product_cat-marca","7":"product_cat-kottakkal","9":"first","10":"instock","11":"shipping-taxable","12":"purchasable","13":"product-type-simple"},"_links":{"self":[{"href":"https:\/\/neelayurvedics.es\/index.php?rest_route=\/wp\/v2\/product\/9828","targetHints":{"allow":["GET"]}}],"collection":[{"href":"https:\/\/neelayurvedics.es\/index.php?rest_route=\/wp\/v2\/product"}],"about":[{"href":"https:\/\/neelayurvedics.es\/index.php?rest_route=\/wp\/v2\/types\/product"}],"replies":[{"embeddable":true,"href":"https:\/\/neelayurvedics.es\/index.php?rest_route=%2Fwp%2Fv2%2Fcomments&post=9828"}],"wp:featuredmedia":[{"embeddable":true,"href":"https:\/\/neelayurvedics.es\/index.php?rest_route=\/wp\/v2\/media\/9829"}],"wp:attachment":[{"href":"https:\/\/neelayurvedics.es\/index.php?rest_route=%2Fwp%2Fv2%2Fmedia&parent=9828"}],"wp:term":[{"taxonomy":"product_brand","embeddable":true,"href":"https:\/\/neelayurvedics.es\/index.php?rest_route=%2Fwp%2Fv2%2Fproduct_brand&post=9828"},{"taxonomy":"product_cat","embeddable":true,"href":"https:\/\/neelayurvedics.es\/index.php?rest_route=%2Fwp%2Fv2%2Fproduct_cat&post=9828"},{"taxonomy":"product_tag","embeddable":true,"href":"https:\/\/neelayurvedics.es\/index.php?rest_route=%2Fwp%2Fv2%2Fproduct_tag&post=9828"}],"curies":[{"name":"wp","href":"https:\/\/api.w.org\/{rel}","templated":true}]}}