{"id":9848,"date":"2025-03-24T11:19:46","date_gmt":"2025-03-24T11:19:46","guid":{"rendered":"https:\/\/neelayurvedics.es\/?post_type=product&#038;p=9848"},"modified":"2025-03-24T11:19:53","modified_gmt":"2025-03-24T11:19:53","slug":"kottakkal-arya-vaidya-sala-nayanamritham-kuzhampu-10-ml","status":"publish","type":"product","link":"https:\/\/neelayurvedics.es\/?product=kottakkal-arya-vaidya-sala-nayanamritham-kuzhampu-10-ml","title":{"rendered":"Kottakkal Arya Vaidya Sala Nayanamritham Kuzhampu \u2013 10 ML"},"content":{"rendered":"<h3><strong><u>Indicaci\u00f3n<\/u><\/strong><strong>\u00a0:-<\/strong><\/h3>\n<ul>\n<li>Enfermedades degenerativas de atrofia \u00f3ptica ocular, neuritis \u00f3ptica, etc.<\/li>\n<\/ul>\n<h3><strong><u>Kottakkal Arya Vaidya Sala Nayanamritham Kuzhampu Ingredientes<\/u><\/strong><strong>:-<\/strong><\/h3>\n<table width=\"687\">\n<thead>\n<tr>\n<td width=\"9%\">S.No<\/td>\n<td width=\"24%\">Nombre en s\u00e1nscrito<\/td>\n<td width=\"46%\">Nombre bot\u00e1nico<\/td>\n<td width=\"19%\">Cantidad\/Pesta\u00f1a<\/td>\n<\/tr>\n<\/thead>\n<tbody>\n<tr>\n<td width=\"9%\">01<\/td>\n<td width=\"24%\">Magadhaja<\/td>\n<td width=\"46%\">Piper longum<\/td>\n<td width=\"19%\">0,024 g<\/td>\n<\/tr>\n<tr>\n<td width=\"9%\">02<\/td>\n<td width=\"24%\">Maricha<\/td>\n<td width=\"46%\">Piper nigrum<\/td>\n<td width=\"19%\">0,040 g<\/td>\n<\/tr>\n<tr>\n<td width=\"9%\">03<\/td>\n<td width=\"24%\">Haimavati bija<\/td>\n<td width=\"46%\">Terminalia chebula<\/td>\n<td width=\"19%\">0,096 g<\/td>\n<\/tr>\n<tr>\n<td width=\"9%\">04<\/td>\n<td width=\"24%\">Soma<\/td>\n<td width=\"46%\">Cinnamomum camphora<\/td>\n<td width=\"19%\">0,160 g<\/td>\n<\/tr>\n<tr>\n<td width=\"9%\">05<\/td>\n<td width=\"24%\">Rohini<\/td>\n<td width=\"46%\">Neopicrorhiza scrophulariiflora<\/td>\n<td width=\"19%\">0,080 g<\/td>\n<\/tr>\n<tr>\n<td width=\"9%\">06<\/td>\n<td width=\"24%\">Kanaka<\/td>\n<td width=\"46%\">Oro<\/td>\n<td width=\"19%\">0,040 g<\/td>\n<\/tr>\n<tr>\n<td width=\"9%\">07<\/td>\n<td width=\"24%\">Tutha<\/td>\n<td width=\"46%\">Sulfas de zinc<\/td>\n<td width=\"19%\">0,040 g<\/td>\n<\/tr>\n<tr>\n<td width=\"9%\">08<\/td>\n<td width=\"24%\">Anjana<\/td>\n<td width=\"46%\">Sulfuro de plomo<\/td>\n<td width=\"19%\">0,040 g<\/td>\n<\/tr>\n<tr>\n<td width=\"9%\">09<\/td>\n<td width=\"24%\">Dhatrirasa<\/td>\n<td width=\"46%\">Phyllanthus emblica<\/td>\n<td width=\"19%\">3.000 ml<\/td>\n<\/tr>\n<tr>\n<td width=\"9%\">10<\/td>\n<td width=\"24%\">Madhu<\/td>\n<td width=\"46%\">Miel<\/td>\n<td width=\"19%\">10.000 ml<\/td>\n<\/tr>\n<\/tbody>\n<\/table>\n<h3><u>Uso<\/u>: &#8211;<\/h3>\n<ul>\n<li>Instilar una o dos gotas en ambos ojos una o dos veces al d\u00eda, seg\u00fan la afecci\u00f3n o seg\u00fan las indicaciones del m\u00e9dico.<\/li>\n<\/ul>\n","protected":false},"excerpt":{"rendered":"<p>Indicaci\u00f3n\u00a0:- Enfermedades degenerativas de atrofia \u00f3ptica ocular, neuritis \u00f3ptica, etc. Kottakkal Arya Vaidya Sala Nayanamritham Kuzhampu Ingredientes:- S.No Nombre en s\u00e1nscrito Nombre bot\u00e1nico Cantidad\/Pesta\u00f1a 01 Magadhaja Piper longum 0,024 g 02 Maricha Piper nigrum 0,040 g 03 Haimavati bija Terminalia chebula 0,096 g 04 Soma Cinnamomum camphora 0,160 g 05 Rohini Neopicrorhiza scrophulariiflora 0,080 g [&hellip;]<\/p>\n","protected":false},"featured_media":9850,"comment_status":"open","ping_status":"closed","template":"","meta":[],"product_brand":[],"product_cat":[200,217],"product_tag":[],"class_list":{"0":"post-9848","1":"product","2":"type-product","3":"status-publish","4":"has-post-thumbnail","6":"product_cat-marca","7":"product_cat-kottakkal","9":"first","10":"instock","11":"shipping-taxable","12":"purchasable","13":"product-type-simple"},"_links":{"self":[{"href":"https:\/\/neelayurvedics.es\/index.php?rest_route=\/wp\/v2\/product\/9848","targetHints":{"allow":["GET"]}}],"collection":[{"href":"https:\/\/neelayurvedics.es\/index.php?rest_route=\/wp\/v2\/product"}],"about":[{"href":"https:\/\/neelayurvedics.es\/index.php?rest_route=\/wp\/v2\/types\/product"}],"replies":[{"embeddable":true,"href":"https:\/\/neelayurvedics.es\/index.php?rest_route=%2Fwp%2Fv2%2Fcomments&post=9848"}],"wp:featuredmedia":[{"embeddable":true,"href":"https:\/\/neelayurvedics.es\/index.php?rest_route=\/wp\/v2\/media\/9850"}],"wp:attachment":[{"href":"https:\/\/neelayurvedics.es\/index.php?rest_route=%2Fwp%2Fv2%2Fmedia&parent=9848"}],"wp:term":[{"taxonomy":"product_brand","embeddable":true,"href":"https:\/\/neelayurvedics.es\/index.php?rest_route=%2Fwp%2Fv2%2Fproduct_brand&post=9848"},{"taxonomy":"product_cat","embeddable":true,"href":"https:\/\/neelayurvedics.es\/index.php?rest_route=%2Fwp%2Fv2%2Fproduct_cat&post=9848"},{"taxonomy":"product_tag","embeddable":true,"href":"https:\/\/neelayurvedics.es\/index.php?rest_route=%2Fwp%2Fv2%2Fproduct_tag&post=9848"}],"curies":[{"name":"wp","href":"https:\/\/api.w.org\/{rel}","templated":true}]}}