{"id":9854,"date":"2025-03-24T11:35:50","date_gmt":"2025-03-24T11:35:50","guid":{"rendered":"https:\/\/neelayurvedics.es\/?post_type=product&#038;p=9854"},"modified":"2025-03-24T11:35:55","modified_gmt":"2025-03-24T11:35:55","slug":"kottakkal-arya-vaidya-sala-nethramritam-10-ml","status":"publish","type":"product","link":"https:\/\/neelayurvedics.es\/?product=kottakkal-arya-vaidya-sala-nethramritam-10-ml","title":{"rendered":"Kottakkal Arya Vaidya Sala Nethramritam \u2013 10 ML"},"content":{"rendered":"<div id=\"nasa-single-product-tabs\" class=\"product-details\">\n<div class=\"nasa-tabs-content woocommerce-tabs\">\n<div class=\"nasa-panels nasa-desc-wrap\">\n<div id=\"nasa-tab-description\" class=\"nasa-panel nasa-content-description active\">\n<div class=\"row\">\n<div class=\"large-12 columns nasa-content-panel\">\n<h3><strong><u>Indicaci\u00f3n<\/u><\/strong><strong>\u00a0:-<\/strong><\/h3>\n<ul>\n<li>Conjuntivitis viral y estacional, s\u00edndrome visual inform\u00e1tico, sequedad ocular.<\/li>\n<\/ul>\n<h3><strong><u>Kottakkal Arya Vaidya Sala Nethramritham Ingredientes<\/u><\/strong><strong>\u00a0:-<\/strong><\/h3>\n<table width=\"759\">\n<thead>\n<tr>\n<td width=\"9%\">S.No<\/td>\n<td width=\"21%\">Nombre en s\u00e1nscrito<\/td>\n<td width=\"54%\">Nombre bot\u00e1nico<\/td>\n<td width=\"14%\">Cantidad\/Pesta\u00f1a<\/td>\n<\/tr>\n<\/thead>\n<tbody>\n<tr>\n<td width=\"9%\">01<\/td>\n<td width=\"21%\">Lodhra<\/td>\n<td width=\"54%\">Symplocos cochinchinensis var. laurina<\/td>\n<td width=\"14%\">0,625 g<\/td>\n<\/tr>\n<tr>\n<td width=\"9%\">02<\/td>\n<td width=\"21%\">Hima<\/td>\n<td width=\"54%\">\u00c1lbum de Santalum<\/td>\n<td width=\"14%\">0,625 g<\/td>\n<\/tr>\n<tr>\n<td width=\"9%\">03<\/td>\n<td width=\"21%\">Padmaka<\/td>\n<td width=\"54%\">Prunus cerasoides<\/td>\n<td width=\"14%\">0,625 g<\/td>\n<\/tr>\n<tr>\n<td width=\"9%\">04<\/td>\n<td width=\"21%\">Sevyam<\/td>\n<td width=\"54%\">Vetiveria zizanioides<\/td>\n<td width=\"14%\">0,625 g<\/td>\n<\/tr>\n<tr>\n<td width=\"9%\">05<\/td>\n<td width=\"21%\">Sasi<\/td>\n<td width=\"54%\">Cinnamomum camphora<\/td>\n<td width=\"14%\">0,200 g<\/td>\n<\/tr>\n<tr>\n<td width=\"9%\">06<\/td>\n<td width=\"21%\">Himambu<\/td>\n<td width=\"54%\">Rosa centifolia<\/td>\n<td width=\"14%\">7.500 ml<\/td>\n<\/tr>\n<\/tbody>\n<\/table>\n<h3><u>Uso<\/u>: &#8211;<\/h3>\n<ul>\n<li>Instilar una o dos gotas en ambos ojos una o dos veces al d\u00eda, seg\u00fan la afecci\u00f3n o seg\u00fan las indicaciones del m\u00e9dico.<\/li>\n<\/ul>\n<\/div>\n<\/div>\n<\/div>\n<\/div>\n<\/div>\n<\/div>\n","protected":false},"excerpt":{"rendered":"<p>Indicaci\u00f3n\u00a0:- Conjuntivitis viral y estacional, s\u00edndrome visual inform\u00e1tico, sequedad ocular. Kottakkal Arya Vaidya Sala Nethramritham Ingredientes\u00a0:- S.No Nombre en s\u00e1nscrito Nombre bot\u00e1nico Cantidad\/Pesta\u00f1a 01 Lodhra Symplocos cochinchinensis var. laurina 0,625 g 02 Hima \u00c1lbum de Santalum 0,625 g 03 Padmaka Prunus cerasoides 0,625 g 04 Sevyam Vetiveria zizanioides 0,625 g 05 Sasi Cinnamomum camphora 0,200 [&hellip;]<\/p>\n","protected":false},"featured_media":9856,"comment_status":"open","ping_status":"closed","template":"","meta":[],"product_brand":[],"product_cat":[200,217],"product_tag":[],"class_list":{"0":"post-9854","1":"product","2":"type-product","3":"status-publish","4":"has-post-thumbnail","6":"product_cat-marca","7":"product_cat-kottakkal","9":"first","10":"instock","11":"shipping-taxable","12":"purchasable","13":"product-type-simple"},"_links":{"self":[{"href":"https:\/\/neelayurvedics.es\/index.php?rest_route=\/wp\/v2\/product\/9854","targetHints":{"allow":["GET"]}}],"collection":[{"href":"https:\/\/neelayurvedics.es\/index.php?rest_route=\/wp\/v2\/product"}],"about":[{"href":"https:\/\/neelayurvedics.es\/index.php?rest_route=\/wp\/v2\/types\/product"}],"replies":[{"embeddable":true,"href":"https:\/\/neelayurvedics.es\/index.php?rest_route=%2Fwp%2Fv2%2Fcomments&post=9854"}],"wp:featuredmedia":[{"embeddable":true,"href":"https:\/\/neelayurvedics.es\/index.php?rest_route=\/wp\/v2\/media\/9856"}],"wp:attachment":[{"href":"https:\/\/neelayurvedics.es\/index.php?rest_route=%2Fwp%2Fv2%2Fmedia&parent=9854"}],"wp:term":[{"taxonomy":"product_brand","embeddable":true,"href":"https:\/\/neelayurvedics.es\/index.php?rest_route=%2Fwp%2Fv2%2Fproduct_brand&post=9854"},{"taxonomy":"product_cat","embeddable":true,"href":"https:\/\/neelayurvedics.es\/index.php?rest_route=%2Fwp%2Fv2%2Fproduct_cat&post=9854"},{"taxonomy":"product_tag","embeddable":true,"href":"https:\/\/neelayurvedics.es\/index.php?rest_route=%2Fwp%2Fv2%2Fproduct_tag&post=9854"}],"curies":[{"name":"wp","href":"https:\/\/api.w.org\/{rel}","templated":true}]}}