{"id":9860,"date":"2025-03-25T05:23:52","date_gmt":"2025-03-25T05:23:52","guid":{"rendered":"https:\/\/neelayurvedics.es\/?post_type=product&#038;p=9860"},"modified":"2025-03-25T05:23:52","modified_gmt":"2025-03-25T05:23:52","slug":"kottakkal-arya-vaidya-sala-niruryadi-gulika-100-tableta","status":"publish","type":"product","link":"https:\/\/neelayurvedics.es\/?product=kottakkal-arya-vaidya-sala-niruryadi-gulika-100-tableta","title":{"rendered":"Kottakkal Arya Vaidya Sala Niruryadi Gulika \u2013 100 Tableta"},"content":{"rendered":"<h3><strong><u>Indicaci\u00f3n<\/u><\/strong><strong>\u00a0:-<\/strong><\/h3>\n<ul>\n<li>Diabetes mellitus, poliuria.<\/li>\n<\/ul>\n<h3><strong><u>Kottakkal Arya Vaidya Sala Niruryadi Gulika Ingredientes<\/u><\/strong><strong>\u00a0:-<\/strong><\/h3>\n<table width=\"694\">\n<thead>\n<tr>\n<td>No<\/td>\n<td width=\"29%\">Nombre en s\u00e1nscrito<\/td>\n<td width=\"42%\">Nombre bot\u00e1nico<\/td>\n<td width=\"16%\">Cantidad\/Pesta\u00f1a<\/td>\n<\/tr>\n<\/thead>\n<tbody>\n<tr>\n<td>01<\/td>\n<td width=\"29%\">Niruri<\/td>\n<td width=\"42%\">Phyllanthus reticulatus<\/td>\n<td width=\"16%\">0,030 g<\/td>\n<\/tr>\n<tr>\n<td>02<\/td>\n<td width=\"29%\">Vairi<\/td>\n<td width=\"42%\">Salacia reticulata<\/td>\n<td width=\"16%\">0,030 g<\/td>\n<\/tr>\n<tr>\n<td>03<\/td>\n<td width=\"29%\">Teli<\/td>\n<td width=\"42%\">Strychnos potatorum<\/td>\n<td width=\"16%\">0,030 g<\/td>\n<\/tr>\n<tr>\n<td>04<\/td>\n<td width=\"29%\">Suka<\/td>\n<td width=\"42%\">Mucuna pruriens<\/td>\n<td width=\"16%\">0,030 g<\/td>\n<\/tr>\n<tr>\n<td>05<\/td>\n<td width=\"29%\">Pulimkuruttol<\/td>\n<td width=\"42%\">Tamarindus indica<\/td>\n<td width=\"16%\">0,030 g<\/td>\n<\/tr>\n<tr>\n<td>06<\/td>\n<td width=\"29%\">Haritaki<\/td>\n<td width=\"42%\">Terminalia chebula<\/td>\n<td width=\"16%\">0,030 g<\/td>\n<\/tr>\n<tr>\n<td>07<\/td>\n<td width=\"29%\">Amalaki<\/td>\n<td width=\"42%\">Phyllanthus emblica<\/td>\n<td width=\"16%\">0,030 g<\/td>\n<\/tr>\n<tr>\n<td>08<\/td>\n<td width=\"29%\">Vibhitaki<\/td>\n<td width=\"42%\">Terminalia bellirica<\/td>\n<td width=\"16%\">0,030 g<\/td>\n<\/tr>\n<tr>\n<td>09<\/td>\n<td width=\"29%\">Vilampasa<\/td>\n<td width=\"42%\">Limonia accidissima<\/td>\n<td width=\"16%\">0,030 g<\/td>\n<\/tr>\n<tr>\n<td>10<\/td>\n<td width=\"29%\">Amballari<\/td>\n<td width=\"42%\">Nymphaea alba<\/td>\n<td width=\"16%\">0,030 g<\/td>\n<\/tr>\n<tr>\n<td>11<\/td>\n<td width=\"29%\">Kantam<\/td>\n<td width=\"42%\">Hierro<\/td>\n<td width=\"16%\">0,030 g<\/td>\n<\/tr>\n<tr>\n<td>12<\/td>\n<td width=\"29%\">Chemman<\/td>\n<td width=\"42%\">Almagre<\/td>\n<td width=\"16%\">0,030 g<\/td>\n<\/tr>\n<tr>\n<td>13<\/td>\n<td width=\"29%\">Nisa<\/td>\n<td width=\"42%\">C\u00farcuma longa<\/td>\n<td width=\"16%\">0,030 g<\/td>\n<\/tr>\n<tr>\n<td>14<\/td>\n<td width=\"29%\">Daruharidra<\/td>\n<td width=\"42%\">Berberis aristata<\/td>\n<td width=\"16%\">0,030 g<\/td>\n<\/tr>\n<tr>\n<td>15<\/td>\n<td width=\"29%\">Himam<\/td>\n<td width=\"42%\">\u00c1lbum de Santalum<\/td>\n<td width=\"16%\">0,030 g<\/td>\n<\/tr>\n<tr>\n<td>16<\/td>\n<td width=\"29%\">Sita<\/td>\n<td width=\"42%\">Saccharum officinarum<\/td>\n<td width=\"16%\">0,030 g<\/td>\n<\/tr>\n<tr>\n<td>17<\/td>\n<td width=\"29%\">Attinir<\/td>\n<td width=\"42%\">Ficus racemosa<\/td>\n<td width=\"16%\">Q. S.<\/td>\n<\/tr>\n<\/tbody>\n<\/table>\n<h3><u>Dosis<\/u>\u00a0:-<\/h3>\n<ul>\n<li>Seg\u00fan las indicaciones del m\u00e9dico.<\/li>\n<\/ul>\n","protected":false},"excerpt":{"rendered":"<p>Kottakkal Arya Vaidya Sala Niruryadi Gulika Tableta es una formulaci\u00f3n ayurv\u00e9dica. Eso puede ser \u00fatil para la diabetes y sus s\u00edntomas relacionados.<\/p>\n","protected":false},"featured_media":9861,"comment_status":"open","ping_status":"closed","template":"","meta":[],"product_brand":[],"product_cat":[200,217],"product_tag":[],"class_list":{"0":"post-9860","1":"product","2":"type-product","3":"status-publish","4":"has-post-thumbnail","6":"product_cat-marca","7":"product_cat-kottakkal","9":"first","10":"instock","11":"shipping-taxable","12":"purchasable","13":"product-type-simple"},"_links":{"self":[{"href":"https:\/\/neelayurvedics.es\/index.php?rest_route=\/wp\/v2\/product\/9860","targetHints":{"allow":["GET"]}}],"collection":[{"href":"https:\/\/neelayurvedics.es\/index.php?rest_route=\/wp\/v2\/product"}],"about":[{"href":"https:\/\/neelayurvedics.es\/index.php?rest_route=\/wp\/v2\/types\/product"}],"replies":[{"embeddable":true,"href":"https:\/\/neelayurvedics.es\/index.php?rest_route=%2Fwp%2Fv2%2Fcomments&post=9860"}],"wp:featuredmedia":[{"embeddable":true,"href":"https:\/\/neelayurvedics.es\/index.php?rest_route=\/wp\/v2\/media\/9861"}],"wp:attachment":[{"href":"https:\/\/neelayurvedics.es\/index.php?rest_route=%2Fwp%2Fv2%2Fmedia&parent=9860"}],"wp:term":[{"taxonomy":"product_brand","embeddable":true,"href":"https:\/\/neelayurvedics.es\/index.php?rest_route=%2Fwp%2Fv2%2Fproduct_brand&post=9860"},{"taxonomy":"product_cat","embeddable":true,"href":"https:\/\/neelayurvedics.es\/index.php?rest_route=%2Fwp%2Fv2%2Fproduct_cat&post=9860"},{"taxonomy":"product_tag","embeddable":true,"href":"https:\/\/neelayurvedics.es\/index.php?rest_route=%2Fwp%2Fv2%2Fproduct_tag&post=9860"}],"curies":[{"name":"wp","href":"https:\/\/api.w.org\/{rel}","templated":true}]}}