{"id":9863,"date":"2025-03-25T05:30:47","date_gmt":"2025-03-25T05:30:47","guid":{"rendered":"https:\/\/neelayurvedics.es\/?post_type=product&#038;p=9863"},"modified":"2025-03-25T05:30:47","modified_gmt":"2025-03-25T05:30:47","slug":"kottakkal-arya-vaidya-sala-nostricap-inhalant-capsula-100-capsula","status":"publish","type":"product","link":"https:\/\/neelayurvedics.es\/?product=kottakkal-arya-vaidya-sala-nostricap-inhalant-capsula-100-capsula","title":{"rendered":"Kottakkal Arya Vaidya Sala Nostricap Inhalant Capsula \u2013 100 Capsula"},"content":{"rendered":"<h3><strong><u>Indicaci\u00f3n<\/u><\/strong><strong>\u00a0:-<\/strong><\/h3>\n<ul>\n<li>Para la nariz tapada, la nariz irritada y la pesadez en la cabeza debido al fr\u00edoKottakkal Arya Vaidya Sala Nostricap.<\/li>\n<\/ul>\n<h3><strong><u>Kottakkal Arya Vaidya Sala Nostricap Inhalant Capsule Ingredientes<\/u><\/strong><strong>\u00a0:-<\/strong><\/h3>\n<table width=\"709\">\n<thead>\n<tr>\n<td width=\"8%\">No<\/td>\n<td width=\"31%\">Nombre en s\u00e1nscrito<\/td>\n<td width=\"44%\">Nombre bot\u00e1nico<\/td>\n<td width=\"16%\">Cantidad\/Pesta\u00f1a<\/td>\n<\/tr>\n<\/thead>\n<tbody>\n<tr>\n<td width=\"8%\">01<\/td>\n<td width=\"31%\">Tailaparna Taila<\/td>\n<td width=\"44%\">Eucalyptus globulus<\/td>\n<td width=\"16%\">69 mg<\/td>\n<\/tr>\n<tr>\n<td width=\"8%\">02<\/td>\n<td width=\"31%\">Devadaru Taila<\/td>\n<td width=\"44%\">Cedrus deodara<\/td>\n<td width=\"16%\">63 mg<\/td>\n<\/tr>\n<tr>\n<td width=\"8%\">03<\/td>\n<td width=\"31%\">Pudina satva<\/td>\n<td width=\"44%\">Mentol<\/td>\n<td width=\"16%\">51 mg<\/td>\n<\/tr>\n<tr>\n<td width=\"8%\">04<\/td>\n<td width=\"31%\">Karpura<\/td>\n<td width=\"44%\">Cinnamomum camphora<\/td>\n<td width=\"16%\">17 mg<\/td>\n<\/tr>\n<\/tbody>\n<\/table>\n<h3><u>Dosis<\/u>\u00a0:-<\/h3>\n<ul>\n<li>Seg\u00fan las indicaciones del m\u00e9dico.<\/li>\n<\/ul>\n","protected":false},"excerpt":{"rendered":"<p>Kottakkal Arya Vaidya Sala Nostricap Inhalant Capsule ayuda con la pinasa, la nariz tapada y la pesadez en la cabeza. y ayuda a aliviar la congesti\u00f3n, la inflamaci\u00f3n y la congesti\u00f3n en la cabeza<\/p>\n","protected":false},"featured_media":9864,"comment_status":"open","ping_status":"closed","template":"","meta":[],"product_brand":[],"product_cat":[200,217],"product_tag":[],"class_list":{"0":"post-9863","1":"product","2":"type-product","3":"status-publish","4":"has-post-thumbnail","6":"product_cat-marca","7":"product_cat-kottakkal","9":"first","10":"instock","11":"shipping-taxable","12":"purchasable","13":"product-type-simple"},"_links":{"self":[{"href":"https:\/\/neelayurvedics.es\/index.php?rest_route=\/wp\/v2\/product\/9863","targetHints":{"allow":["GET"]}}],"collection":[{"href":"https:\/\/neelayurvedics.es\/index.php?rest_route=\/wp\/v2\/product"}],"about":[{"href":"https:\/\/neelayurvedics.es\/index.php?rest_route=\/wp\/v2\/types\/product"}],"replies":[{"embeddable":true,"href":"https:\/\/neelayurvedics.es\/index.php?rest_route=%2Fwp%2Fv2%2Fcomments&post=9863"}],"wp:featuredmedia":[{"embeddable":true,"href":"https:\/\/neelayurvedics.es\/index.php?rest_route=\/wp\/v2\/media\/9864"}],"wp:attachment":[{"href":"https:\/\/neelayurvedics.es\/index.php?rest_route=%2Fwp%2Fv2%2Fmedia&parent=9863"}],"wp:term":[{"taxonomy":"product_brand","embeddable":true,"href":"https:\/\/neelayurvedics.es\/index.php?rest_route=%2Fwp%2Fv2%2Fproduct_brand&post=9863"},{"taxonomy":"product_cat","embeddable":true,"href":"https:\/\/neelayurvedics.es\/index.php?rest_route=%2Fwp%2Fv2%2Fproduct_cat&post=9863"},{"taxonomy":"product_tag","embeddable":true,"href":"https:\/\/neelayurvedics.es\/index.php?rest_route=%2Fwp%2Fv2%2Fproduct_tag&post=9863"}],"curies":[{"name":"wp","href":"https:\/\/api.w.org\/{rel}","templated":true}]}}