{"id":9891,"date":"2025-03-25T06:27:18","date_gmt":"2025-03-25T06:27:18","guid":{"rendered":"https:\/\/neelayurvedics.es\/?post_type=product&#038;p=9891"},"modified":"2025-03-25T06:27:18","modified_gmt":"2025-03-25T06:27:18","slug":"kottakkal-arya-vaidya-sala-rhukot-gel-25-gm","status":"publish","type":"product","link":"https:\/\/neelayurvedics.es\/?product=kottakkal-arya-vaidya-sala-rhukot-gel-25-gm","title":{"rendered":"Kottakkal Arya Vaidya Sala Rhukot Gel \u2013 25 Gm"},"content":{"rendered":"<div class=\"HwtpBd gsrt PZPZlf kTOYnf\" role=\"heading\" aria-level=\"2\" data-hveid=\"CBQQAA\" data-ved=\"2ahUKEwi89Z7dgY-EAxUzmWoFHXdsA6sQtwcoAHoECBQQAA\">\n<div class=\"Z0LcW AZCkJd d2J77b t2b5Cf\" data-tts=\"answers\" data-tts-text=\"Rheumatoid Arthritis pain\">\n<div class=\"IZ6rdc\">\n<p>Rhukot Gel de Kottakkal Arya Vaidya Sala es un medicamento ayurv\u00e9dico patentado que es un remedio eficaz para la artritis reumatoide, el dolor y las enfermedades inflamatorias de las articulaciones. Se trata de una formulaci\u00f3n de aplicaci\u00f3n t\u00f3pica, compuesta por dos aceites espec\u00edficos: el aceite de Cedrus deodara y el aceite de Azadirachta indica (Neem).<\/p>\n<h3><u>Beneficios<\/u>\u00a0<u>\u00fanicos<\/u>\u00a0de\u00a0<u>Rhukot<\/u>\u00a0<u>Gel:<\/u>\u00a0&#8211;<\/h3>\n<ul>\n<li>Poseen propiedades antiinflamatorias, analg\u00e9sicas y antiartr\u00edticas.<\/li>\n<li>Alivia el dolor artr\u00edtico Dolor de rodilla y dolor en las articulaciones.<\/li>\n<li>Alivia el dolor de hombro y cuello.<\/li>\n<li>alivia el dolor debido a un esguince muscular.<\/li>\n<\/ul>\n<\/div>\n<\/div>\n<\/div>\n<h3><u>Instrucciones<\/u>\u00a0<u>de<\/u>\u00a0<u>uso<\/u>\u00a0:-<\/h3>\n<div class=\"HwtpBd gsrt PZPZlf kTOYnf\" role=\"heading\" aria-level=\"2\" data-hveid=\"CBQQAA\" data-ved=\"2ahUKEwi89Z7dgY-EAxUzmWoFHXdsA6sQtwcoAHoECBQQAA\">\n<div class=\"Z0LcW AZCkJd d2J77b t2b5Cf\" data-tts=\"answers\" data-tts-text=\"Rheumatoid Arthritis pain\">\n<div class=\"IZ6rdc\">\n<h3>Aplique el gel Rhukot generosamente en el \u00e1rea afectada 2-3 veces al d\u00eda, o seg\u00fan las indicaciones del m\u00e9dico.<\/h3>\n<h3><u>Precauciones<\/u>:-<\/h3>\n<ul>\n<li>Uso Solo para aplicaciones externas.<\/li>\n<li>No se han registrado efectos secundarios con este medicamento.<\/li>\n<\/ul>\n<\/div>\n<\/div>\n<\/div>\n","protected":false},"excerpt":{"rendered":"<p>Rhukot Gel de Kottakkal Arya Vaidya Sala es un medicamento ayurv\u00e9dico patentado que es un remedio eficaz para la artritis reumatoide, el dolor y las enfermedades inflamatorias de las articulaciones.<\/p>\n<p>Se trata de una formulaci\u00f3n de aplicaci\u00f3n t\u00f3pica, compuesta por dos aceites espec\u00edficos: el aceite de Cedrus deodara y el aceite de Azadirachta indica (Neem).<\/p>\n","protected":false},"featured_media":9892,"comment_status":"open","ping_status":"closed","template":"","meta":[],"product_brand":[],"product_cat":[200,217],"product_tag":[],"class_list":{"0":"post-9891","1":"product","2":"type-product","3":"status-publish","4":"has-post-thumbnail","6":"product_cat-marca","7":"product_cat-kottakkal","9":"first","10":"instock","11":"shipping-taxable","12":"purchasable","13":"product-type-simple"},"_links":{"self":[{"href":"https:\/\/neelayurvedics.es\/index.php?rest_route=\/wp\/v2\/product\/9891","targetHints":{"allow":["GET"]}}],"collection":[{"href":"https:\/\/neelayurvedics.es\/index.php?rest_route=\/wp\/v2\/product"}],"about":[{"href":"https:\/\/neelayurvedics.es\/index.php?rest_route=\/wp\/v2\/types\/product"}],"replies":[{"embeddable":true,"href":"https:\/\/neelayurvedics.es\/index.php?rest_route=%2Fwp%2Fv2%2Fcomments&post=9891"}],"wp:featuredmedia":[{"embeddable":true,"href":"https:\/\/neelayurvedics.es\/index.php?rest_route=\/wp\/v2\/media\/9892"}],"wp:attachment":[{"href":"https:\/\/neelayurvedics.es\/index.php?rest_route=%2Fwp%2Fv2%2Fmedia&parent=9891"}],"wp:term":[{"taxonomy":"product_brand","embeddable":true,"href":"https:\/\/neelayurvedics.es\/index.php?rest_route=%2Fwp%2Fv2%2Fproduct_brand&post=9891"},{"taxonomy":"product_cat","embeddable":true,"href":"https:\/\/neelayurvedics.es\/index.php?rest_route=%2Fwp%2Fv2%2Fproduct_cat&post=9891"},{"taxonomy":"product_tag","embeddable":true,"href":"https:\/\/neelayurvedics.es\/index.php?rest_route=%2Fwp%2Fv2%2Fproduct_tag&post=9891"}],"curies":[{"name":"wp","href":"https:\/\/api.w.org\/{rel}","templated":true}]}}