{"id":9922,"date":"2025-03-25T09:36:50","date_gmt":"2025-03-25T09:36:50","guid":{"rendered":"https:\/\/neelayurvedics.es\/?post_type=product&#038;p=9922"},"modified":"2025-03-25T09:36:51","modified_gmt":"2025-03-25T09:36:51","slug":"kottakkal-arya-vaidya-sala-sethubandham-gulika-100-tableta","status":"publish","type":"product","link":"https:\/\/neelayurvedics.es\/?product=kottakkal-arya-vaidya-sala-sethubandham-gulika-100-tableta","title":{"rendered":"Kottakkal Arya Vaidya Sala Sethubandham Gulika &#8211; 100 Tableta"},"content":{"rendered":"<p>Ayuda en el tratamiento de la diarrea y el s\u00edndrome de espr\u00fae.<\/p>\n<h3><strong><u>Ingredientes<\/u><\/strong><strong>\u00a0:-<\/strong><\/h3>\n<ul>\n<li>Jatiphala \u2013 Myristica fragrans (Nuez moscada)<\/li>\n<li>Ativisha\u00a0 \u00a0 \u00a0 \u00a0 \u00a0 \u00a0 \u00a0 \u00a0 \u00a0\u2013\u00a0 \u00a0Aconitum heterophyllum<\/li>\n<li>Vilvaphala\u00a0 \u00a0 \u00a0 \u00a0 \u00a0 \u00a0 \u2013\u00a0 \u00a0 Aegle marmelos<\/li>\n<li>Ajamoja\u00a0 \u00a0 \u00a0 \u00a0 \u00a0 \u00a0 \u00a0 \u00a0 \u2013\u00a0 \u00a0 Trachyspermum roxburghianum<\/li>\n<li>Chutasthi\u00a0 \u00a0 \u00a0 \u00a0 \u00a0 \u00a0 \u00a0 \u2013\u00a0 \u00a0 Mangifera indica<\/li>\n<li>Dadima\u00a0 \u00a0 \u00a0 \u00a0 \u00a0 \u00a0 \u00a0 \u00a0 \u00a0\u2013\u00a0 \u00a0 Punica granatum<\/li>\n<li>Yavani\u00a0 \u00a0 \u00a0 \u00a0 \u00a0 \u00a0 \u00a0 \u00a0 \u00a0 \u00a0\u2013\u00a0 \u00a0 Cuminum cyminum<\/li>\n<li>Varala\u00a0 \u00a0 \u00a0 \u00a0 \u00a0 \u00a0 \u00a0 \u00a0 \u00a0 \u00a0\u2013\u00a0 \u00a0 Syzygium aromaticum<\/li>\n<li>Piper longum\u00a0 \u00a0 \u00a0 \u00a0\u2013\u00a0 \u00a0 Piper longum<\/li>\n<li>Jambuphalasthi\u00a0 \u2013\u00a0 \u00a0 Syzygium cumini<\/li>\n<li>Phaniphena\u00a0 \u00a0 \u00a0 \u00a0 \u00a0\u2013\u00a0 \u00a0 Papaver somniferum<\/li>\n<li>Allium sativum\u00a0 \u00a0\u2013\u00a0 \u00a0 Allium sativum<\/li>\n<\/ul>\n<h3><u>Dosis<\/u>\u00a0:-<\/h3>\n<ul>\n<li>Los comprimidos se pueden tragar seg\u00fan la dosis prescrita. Las p\u00edldoras para uso interno pueden mezclarse con agua tibia o cualquier otro drava dravya recetado o seg\u00fan las indicaciones del m\u00e9dico.<\/li>\n<li>Seg\u00fan las indicaciones del m\u00e9dico.<\/li>\n<\/ul>\n<p><strong>S\u00edntomas de diarrea<\/strong><\/p>\n<p>En caso de diarrea, es posible que deba enfrentar problemas como dolor de est\u00f3mago o calambres, hinchaz\u00f3n, fatiga, v\u00f3mitos, fiebre, sangrado en las heces, pus en las heces. Existe una relaci\u00f3n directa entre la diarrea y la dieta.<\/p>\n","protected":false},"excerpt":{"rendered":"<p>Ayuda en el tratamiento de la diarrea y el s\u00edndrome de espr\u00fae. Ingredientes\u00a0:- Jatiphala \u2013 Myristica fragrans (Nuez moscada) Ativisha\u00a0 \u00a0 \u00a0 \u00a0 \u00a0 \u00a0 \u00a0 \u00a0 \u00a0\u2013\u00a0 \u00a0Aconitum heterophyllum Vilvaphala\u00a0 \u00a0 \u00a0 \u00a0 \u00a0 \u00a0 \u2013\u00a0 \u00a0 Aegle marmelos Ajamoja\u00a0 \u00a0 \u00a0 \u00a0 \u00a0 \u00a0 \u00a0 \u00a0 \u2013\u00a0 \u00a0 Trachyspermum roxburghianum Chutasthi\u00a0 \u00a0 \u00a0 [&hellip;]<\/p>\n","protected":false},"featured_media":9923,"comment_status":"open","ping_status":"closed","template":"","meta":[],"product_brand":[],"product_cat":[200,217],"product_tag":[],"class_list":{"0":"post-9922","1":"product","2":"type-product","3":"status-publish","4":"has-post-thumbnail","6":"product_cat-marca","7":"product_cat-kottakkal","9":"first","10":"instock","11":"shipping-taxable","12":"purchasable","13":"product-type-simple"},"_links":{"self":[{"href":"https:\/\/neelayurvedics.es\/index.php?rest_route=\/wp\/v2\/product\/9922","targetHints":{"allow":["GET"]}}],"collection":[{"href":"https:\/\/neelayurvedics.es\/index.php?rest_route=\/wp\/v2\/product"}],"about":[{"href":"https:\/\/neelayurvedics.es\/index.php?rest_route=\/wp\/v2\/types\/product"}],"replies":[{"embeddable":true,"href":"https:\/\/neelayurvedics.es\/index.php?rest_route=%2Fwp%2Fv2%2Fcomments&post=9922"}],"wp:featuredmedia":[{"embeddable":true,"href":"https:\/\/neelayurvedics.es\/index.php?rest_route=\/wp\/v2\/media\/9923"}],"wp:attachment":[{"href":"https:\/\/neelayurvedics.es\/index.php?rest_route=%2Fwp%2Fv2%2Fmedia&parent=9922"}],"wp:term":[{"taxonomy":"product_brand","embeddable":true,"href":"https:\/\/neelayurvedics.es\/index.php?rest_route=%2Fwp%2Fv2%2Fproduct_brand&post=9922"},{"taxonomy":"product_cat","embeddable":true,"href":"https:\/\/neelayurvedics.es\/index.php?rest_route=%2Fwp%2Fv2%2Fproduct_cat&post=9922"},{"taxonomy":"product_tag","embeddable":true,"href":"https:\/\/neelayurvedics.es\/index.php?rest_route=%2Fwp%2Fv2%2Fproduct_tag&post=9922"}],"curies":[{"name":"wp","href":"https:\/\/api.w.org\/{rel}","templated":true}]}}