{"id":9946,"date":"2025-03-25T10:30:49","date_gmt":"2025-03-25T10:30:49","guid":{"rendered":"https:\/\/neelayurvedics.es\/?post_type=product&#038;p=9946"},"modified":"2025-03-25T10:30:49","modified_gmt":"2025-03-25T10:30:49","slug":"kottakkal-arya-vaidya-sala-suvarnamukthadi-gulika-100-tableta","status":"publish","type":"product","link":"https:\/\/neelayurvedics.es\/?product=kottakkal-arya-vaidya-sala-suvarnamukthadi-gulika-100-tableta","title":{"rendered":"Kottakkal Arya Vaidya Sala Suvarnamukthadi Gulika \u2013 100 Tableta"},"content":{"rendered":"<p>Suvarnamukthadi Gulika es un medicamento ayurv\u00e9dico utilizado para el tratamiento de la fiebre, el v\u00e9rtigo, la fatiga, la disminuci\u00f3n de la visi\u00f3n, el deterioro de la audici\u00f3n, las convulsiones.<\/p>\n<h3><u>Ingredientes<\/u>\u00a0:-<\/h3>\n<ul>\n<li>Suvarna \u2013 Oro<\/li>\n<li>Mukta \u2013 Perla<\/li>\n<li>Rajatha \u2013 Plata<\/li>\n<li>Pravala\u00a0 \u00a0 \u00a0 \u00a0 \u00a0 \u00a0 \u00a0 \u00a0 \u00a0 \u2013\u00a0 \u00a0 \u00a0 \u00a0 \u00a0 \u00a0Coral<\/li>\n<li>Paya \u2013 Leche<\/li>\n<li>Kankolaka\u00a0 \u00a0 \u00a0 \u00a0 \u00a0 \u00a0 \u2013\u00a0 \u00a0 \u00a0 \u00a0Piper cubeba<\/li>\n<li>Kunkuma\u00a0 \u00a0 \u00a0 \u00a0 \u00a0 \u00a0 \u00a0 \u2013\u00a0 \u00a0 \u00a0 \u00a0Crocus sativus<\/li>\n<li>Rochana \u2013 Agalla de buey<\/li>\n<li>Haritaki\u00a0 \u00a0 \u00a0 \u00a0 \u00a0 \u00a0 \u00a0 \u00a0 \u00a0\u2013\u00a0 \u00a0 \u00a0 \u00a0Terminalia chebula<\/li>\n<li>Amalaki\u00a0 \u00a0 \u00a0 \u00a0 \u00a0 \u00a0 \u00a0 \u00a0 \u00a0\u2013\u00a0 \u00a0 \u00a0 \u00a0 Phyllanthus emblica<\/li>\n<li>Vibhitaki\u00a0 \u00a0 \u00a0 \u00a0 \u00a0 \u00a0 \u00a0 \u00a0 \u2013\u00a0 \u00a0 \u00a0 \u00a0Terminalia bellirica<\/li>\n<li>Rudraksha\u00a0 \u00a0 \u00a0 \u00a0 \u00a0 \u00a0 \u00a0\u2013\u00a0 \u00a0 \u00a0 \u00a0Elaeocarpus serratus<\/li>\n<li>Madhuka\u00a0 \u00a0 \u00a0 \u00a0 \u00a0 \u00a0 \u00a0 \u00a0 \u2013\u00a0 \u00a0 \u00a0 \u00a0Madhuca longifolia<\/li>\n<li>Vilvam\u00a0 \u00a0 \u00a0 \u00a0 \u00a0 \u00a0 \u00a0 \u00a0 \u00a0 \u00a0 \u2013\u00a0 \u00a0 \u00a0 \u00a0Aegle marmelos<\/li>\n<li>Kushtam\u00a0 \u00a0 \u00a0 \u00a0 \u00a0 \u00a0 \u00a0 \u00a0 \u2013\u00a0 \u00a0 \u00a0 \u00a0Saussurea costus<\/li>\n<li>Kharjurabijam\u00a0 \u00a0 \u00a0 \u2013\u00a0 \u00a0 \u00a0 \u00a0Cycas circinalis<\/li>\n<li>Nimbabijam\u00a0 \u00a0 \u00a0 \u00a0 \u00a0 \u2013\u00a0 \u00a0 \u00a0 \u00a0Azadirachta indica<\/li>\n<li>Draksha\u00a0 \u00a0 \u00a0 \u00a0 \u00a0 \u00a0 \u00a0 \u00a0 \u00a0\u2013\u00a0 \u00a0 \u00a0 \u00a0Vitis vinifera<\/li>\n<li>Vacha\u00a0 \u00a0 \u00a0 \u00a0 \u00a0 \u00a0 \u00a0 \u00a0 \u00a0 \u00a0 \u00a0\u2013\u00a0 \u00a0 \u00a0 \u00a0Acorus calamus<\/li>\n<li>Magada\u00a0 \u00a0 \u00a0 \u00a0 \u00a0 \u00a0 \u00a0 \u00a0 \u00a0 \u2013\u00a0 \u00a0 \u00a0 \u00a0Piper longum<\/li>\n<li>Putrajivi\u00a0 \u00a0 \u00a0 \u00a0 \u00a0 \u00a0 \u00a0 \u00a0 \u00a0\u2013\u00a0 \u00a0 \u00a0 \u00a0Mimusops elangi<\/li>\n<li>Katakabijam\u00a0 \u00a0 \u00a0 \u00a0 \u00a0\u2013\u00a0 \u00a0 \u00a0 \u00a0Strychnos potatorum<\/li>\n<li>Bhandiprasuna\u00a0 \u00a0 \u2013\u00a0 \u00a0 \u00a0 \u00a0Albizia lebbeck<\/li>\n<li>Jharasi\u00a0 \u00a0 \u00a0 \u00a0 \u00a0 \u00a0 \u00a0 \u00a0 \u00a0 \u00a0\u2013\u00a0 \u00a0 \u00a0 \u00a0Desmodium gangeticum<\/li>\n<li>Sankham \u2013 Caracol<\/li>\n<li>Mayurika\u00a0 \u00a0 \u00a0 \u00a0 \u00a0 \u00a0 \u00a0 \u00a0 \u2013\u00a0 \u00a0 \u00a0Achyranthes aspera<\/li>\n<li>Svetapunarnava\u00a0 \u00a0\u2013\u00a0 \u00a0 \u00a0Boerhavia diffusa<\/li>\n<\/ul>\n<h3><strong><u>Dosis<\/u><\/strong><strong>\u00a0:-<\/strong><\/h3>\n<ul>\n<li>1-2 comprimidos dos veces al d\u00eda.<\/li>\n<li>Los comprimidos se pueden tragar seg\u00fan la dosis prescrita. Las p\u00edldoras para uso interno pueden mezclarse con agua tibia o cualquier otro drava dravya recetado o seg\u00fan las indicaciones del m\u00e9dico.<\/li>\n<\/ul>\n","protected":false},"excerpt":{"rendered":"<p>Suvarnamukthadi Gulika es un medicamento ayurv\u00e9dico utilizado para el tratamiento de la fiebre, el v\u00e9rtigo, la fatiga, la disminuci\u00f3n de la visi\u00f3n, el deterioro de la audici\u00f3n, las convulsiones. Ingredientes\u00a0:- Suvarna \u2013 Oro Mukta \u2013 Perla Rajatha \u2013 Plata Pravala\u00a0 \u00a0 \u00a0 \u00a0 \u00a0 \u00a0 \u00a0 \u00a0 \u00a0 \u2013\u00a0 \u00a0 \u00a0 \u00a0 \u00a0 \u00a0Coral Paya [&hellip;]<\/p>\n","protected":false},"featured_media":9947,"comment_status":"open","ping_status":"closed","template":"","meta":[],"product_brand":[],"product_cat":[200,217],"product_tag":[],"class_list":{"0":"post-9946","1":"product","2":"type-product","3":"status-publish","4":"has-post-thumbnail","6":"product_cat-marca","7":"product_cat-kottakkal","9":"first","10":"instock","11":"shipping-taxable","12":"purchasable","13":"product-type-simple"},"_links":{"self":[{"href":"https:\/\/neelayurvedics.es\/index.php?rest_route=\/wp\/v2\/product\/9946","targetHints":{"allow":["GET"]}}],"collection":[{"href":"https:\/\/neelayurvedics.es\/index.php?rest_route=\/wp\/v2\/product"}],"about":[{"href":"https:\/\/neelayurvedics.es\/index.php?rest_route=\/wp\/v2\/types\/product"}],"replies":[{"embeddable":true,"href":"https:\/\/neelayurvedics.es\/index.php?rest_route=%2Fwp%2Fv2%2Fcomments&post=9946"}],"wp:featuredmedia":[{"embeddable":true,"href":"https:\/\/neelayurvedics.es\/index.php?rest_route=\/wp\/v2\/media\/9947"}],"wp:attachment":[{"href":"https:\/\/neelayurvedics.es\/index.php?rest_route=%2Fwp%2Fv2%2Fmedia&parent=9946"}],"wp:term":[{"taxonomy":"product_brand","embeddable":true,"href":"https:\/\/neelayurvedics.es\/index.php?rest_route=%2Fwp%2Fv2%2Fproduct_brand&post=9946"},{"taxonomy":"product_cat","embeddable":true,"href":"https:\/\/neelayurvedics.es\/index.php?rest_route=%2Fwp%2Fv2%2Fproduct_cat&post=9946"},{"taxonomy":"product_tag","embeddable":true,"href":"https:\/\/neelayurvedics.es\/index.php?rest_route=%2Fwp%2Fv2%2Fproduct_tag&post=9946"}],"curies":[{"name":"wp","href":"https:\/\/api.w.org\/{rel}","templated":true}]}}